{"id":10,"date":"2015-07-14T11:26:03","date_gmt":"2015-07-14T11:26:03","guid":{"rendered":"http:\/\/www.ibardin.net\/?page_id=10"},"modified":"2015-08-19T08:30:07","modified_gmt":"2015-08-19T08:30:07","slug":"bera","status":"publish","type":"page","link":"https:\/\/www.ibardin.net\/es\/informacion-turistica\/bera\/","title":{"rendered":"Bera"},"content":{"rendered":"<div class=\"five columns\">\n<span class=\"image-container ngg_displayed_gallery mceItem alignright\">\n\n<div class=\"ngg-galleryoverview ngg-slideshow\"\n\t id=\"ngg-slideshow-230-8411058850\"\n     data-gallery-id=\"230\"\n     style=\"max-width: 386px; max-height: 290px;\">\n\n \t<div id=\"ngg-image-0\" class=\"ngg-gallery-slideshow-image\" style=\"height:290px\">\n\n        <a href=\"https:\/\/www.ibardin.net\/wp-content\/gallery\/bera\/Bera_01.jpg\"\n           title=\"\"\n           data-src=\"https:\/\/www.ibardin.net\/wp-content\/gallery\/bera\/Bera_01.jpg\"\n           data-thumbnail=\"https:\/\/www.ibardin.net\/wp-content\/gallery\/bera\/thumbs\/thumbs_Bera_01.jpg\"\n           data-image-id=\"1\"\n           data-title=\"Bera_01\"\n           data-description=\"\"\n           class=\"ngg-fancybox\" rel=\"230\">\n\n            <img data-image-id='1'\n                 title=\"\"\n                 alt=\"Bera_01\"\n                 src=\"https:\/\/www.ibardin.net\/wp-content\/gallery\/bera\/Bera_01.jpg\"\n                 style=\"max-height: 270px;\"\/>\n        <\/a>\n\n        <\/div> \n<div id=\"ngg-image-1\" class=\"ngg-gallery-slideshow-image\" style=\"height:290px\">\n\n        <a href=\"https:\/\/www.ibardin.net\/wp-content\/gallery\/bera\/Bera_02.jpg\"\n           title=\"\"\n           data-src=\"https:\/\/www.ibardin.net\/wp-content\/gallery\/bera\/Bera_02.jpg\"\n           data-thumbnail=\"https:\/\/www.ibardin.net\/wp-content\/gallery\/bera\/thumbs\/thumbs_Bera_02.jpg\"\n           data-image-id=\"2\"\n           data-title=\"Bera_02\"\n           data-description=\"\"\n           class=\"ngg-fancybox\" rel=\"230\">\n\n            <img data-image-id='2'\n                 title=\"\"\n                 alt=\"Bera_02\"\n                 src=\"https:\/\/www.ibardin.net\/wp-content\/gallery\/bera\/Bera_02.jpg\"\n                 style=\"max-height: 270px;\"\/>\n        <\/a>\n\n        <\/div> \n<div id=\"ngg-image-2\" class=\"ngg-gallery-slideshow-image\" style=\"height:290px\">\n\n        <a href=\"https:\/\/www.ibardin.net\/wp-content\/gallery\/bera\/Bera_03.jpg\"\n           title=\"\"\n           data-src=\"https:\/\/www.ibardin.net\/wp-content\/gallery\/bera\/Bera_03.jpg\"\n           data-thumbnail=\"https:\/\/www.ibardin.net\/wp-content\/gallery\/bera\/thumbs\/thumbs_Bera_03.jpg\"\n           data-image-id=\"3\"\n           data-title=\"Bera_03\"\n           data-description=\"\"\n           class=\"ngg-fancybox\" rel=\"230\">\n\n            <img data-image-id='3'\n                 title=\"\"\n                 alt=\"Bera_03\"\n                 src=\"https:\/\/www.ibardin.net\/wp-content\/gallery\/bera\/Bera_03.jpg\"\n                 style=\"max-height: 270px;\"\/>\n        <\/a>\n\n        <\/div> \n<div id=\"ngg-image-3\" class=\"ngg-gallery-slideshow-image\" style=\"height:290px\">\n\n        <a href=\"https:\/\/www.ibardin.net\/wp-content\/gallery\/bera\/Bera_04.jpg\"\n           title=\"\"\n           data-src=\"https:\/\/www.ibardin.net\/wp-content\/gallery\/bera\/Bera_04.jpg\"\n           data-thumbnail=\"https:\/\/www.ibardin.net\/wp-content\/gallery\/bera\/thumbs\/thumbs_Bera_04.jpg\"\n           data-image-id=\"4\"\n           data-title=\"Bera_04\"\n           data-description=\"\"\n           class=\"ngg-fancybox\" rel=\"230\">\n\n            <img data-image-id='4'\n                 title=\"\"\n                 alt=\"Bera_04\"\n                 src=\"https:\/\/www.ibardin.net\/wp-content\/gallery\/bera\/Bera_04.jpg\"\n                 style=\"max-height: 270px;\"\/>\n        <\/a>\n\n        <\/div> \n<div id=\"ngg-image-4\" class=\"ngg-gallery-slideshow-image\" style=\"height:290px\">\n\n        <a href=\"https:\/\/www.ibardin.net\/wp-content\/gallery\/bera\/Bera_05.jpg\"\n           title=\"\"\n           data-src=\"https:\/\/www.ibardin.net\/wp-content\/gallery\/bera\/Bera_05.jpg\"\n           data-thumbnail=\"https:\/\/www.ibardin.net\/wp-content\/gallery\/bera\/thumbs\/thumbs_Bera_05.jpg\"\n           data-image-id=\"5\"\n           data-title=\"Bera_05\"\n           data-description=\"\"\n           class=\"ngg-fancybox\" rel=\"230\">\n\n            <img data-image-id='5'\n                 title=\"\"\n                 alt=\"Bera_05\"\n                 src=\"https:\/\/www.ibardin.net\/wp-content\/gallery\/bera\/Bera_05.jpg\"\n                 style=\"max-height: 270px;\"\/>\n        <\/a>\n\n        <\/div> \n<\/div>\n\n\n\n<\/span>\n<\/div>\n<div class=\"one columns\"><\/div>\n<div class=\"ten columns\">\n<strong>Palacio Itzea<\/strong><br \/>\nCasa de la familia Baroja, que da nombre al barrio. Fue construida en la segunda mitad del siglo XVII y la familia se instal\u00f3 en ella en 1912. Al otro lado del r\u00edo se puede ver la estela funeraria que realiz\u00f3 Jorge Oteiza en memoria de P\u00edo Baroja.<\/p>\n<p><strong>Iglesia San Esteban<\/strong><br \/>\nAntigua casa-torre g\u00f3tica, que a partir del siglo XVI se utilizar\u00e1 como iglesia. Destaca en su interior el \u00f3rgano, creado por Amezua y Jauregi, considerado el mejor \u00f3rgano rom\u00e1ntico de Navarra.<\/p>\n<p><strong>Plaza de Altzate<\/strong><br \/>\nSu nombre hace referencia a uno de los miembros del linaje de los Altzate. La casa torre se\u00f1orial desaparecida habr\u00eda estado situada en las proximidades de la plaza, junto a la regata Zia.<\/p>\n<p><strong>Puente San Miguel<\/strong><br \/>\nEste resto hist\u00f3rico da fe de las heridas de las guerras de 1813 que tuvieron lugar en Bera. En el mismo puente se encuentra una l\u00e1pida que recuerda al militar muerto en la defensa del puente, Daniel Cadoux.\n<\/div>","protected":false},"excerpt":{"rendered":"<p>Palacio Itzea Casa de la familia Baroja, que da nombre al barrio. Fue construida en la segunda mitad del siglo XVII y la familia se instal\u00f3 en ella en 1912. Al otro lado del r\u00edo se puede ver la estela funeraria que realiz\u00f3 Jorge Oteiza en memoria de P\u00edo Baroja. Iglesia San Esteban Antigua casa-torre g\u00f3tica, que a partir del siglo XVI se utilizar\u00e1&#8230; <a class=\"read-more\" href=\"https:\/\/www.ibardin.net\/es\/informacion-turistica\/bera\/\">Read More<\/a><\/p>\n","protected":false},"author":1,"featured_media":0,"parent":6,"menu_order":1,"comment_status":"closed","ping_status":"closed","template":"template-full.php","meta":{"ngg_post_thumbnail":0,"jetpack_post_was_ever_published":false},"aioseo_notices":[],"jetpack_sharing_enabled":true,"jetpack_shortlink":"https:\/\/wp.me\/P6tRZc-a","jetpack-related-posts":[],"_links":{"self":[{"href":"https:\/\/www.ibardin.net\/es\/wp-json\/wp\/v2\/pages\/10"}],"collection":[{"href":"https:\/\/www.ibardin.net\/es\/wp-json\/wp\/v2\/pages"}],"about":[{"href":"https:\/\/www.ibardin.net\/es\/wp-json\/wp\/v2\/types\/page"}],"author":[{"embeddable":true,"href":"https:\/\/www.ibardin.net\/es\/wp-json\/wp\/v2\/users\/1"}],"replies":[{"embeddable":true,"href":"https:\/\/www.ibardin.net\/es\/wp-json\/wp\/v2\/comments?post=10"}],"version-history":[{"count":14,"href":"https:\/\/www.ibardin.net\/es\/wp-json\/wp\/v2\/pages\/10\/revisions"}],"predecessor-version":[{"id":813,"href":"https:\/\/www.ibardin.net\/es\/wp-json\/wp\/v2\/pages\/10\/revisions\/813"}],"up":[{"embeddable":true,"href":"https:\/\/www.ibardin.net\/es\/wp-json\/wp\/v2\/pages\/6"}],"wp:attachment":[{"href":"https:\/\/www.ibardin.net\/es\/wp-json\/wp\/v2\/media?parent=10"}],"curies":[{"name":"wp","href":"https:\/\/api.w.org\/{rel}","templated":true}]}}