{"id":12,"date":"2015-07-14T11:26:58","date_gmt":"2015-07-14T11:26:58","guid":{"rendered":"http:\/\/www.ibardin.net\/?page_id=12"},"modified":"2015-08-19T08:30:34","modified_gmt":"2015-08-19T08:30:34","slug":"lesaka","status":"publish","type":"page","link":"https:\/\/www.ibardin.net\/es\/informacion-turistica\/lesaka\/","title":{"rendered":"Lesaka"},"content":{"rendered":"<div class=\"five columns\">\n<span class=\"image-container alignright\">\n\n<div class=\"ngg-galleryoverview ngg-slideshow\"\n\t id=\"ngg-slideshow-248-18360880880\"\n     data-gallery-id=\"248\"\n     style=\"max-width: 384px; max-height: 290px;\">\n\n \t<div id=\"ngg-image-0\" class=\"ngg-gallery-slideshow-image\" style=\"height:290px\">\n\n        <a href=\"https:\/\/www.ibardin.net\/wp-content\/gallery\/lesaka\/Lesaka_01.jpg\"\n           title=\"\"\n           data-src=\"https:\/\/www.ibardin.net\/wp-content\/gallery\/lesaka\/Lesaka_01.jpg\"\n           data-thumbnail=\"https:\/\/www.ibardin.net\/wp-content\/gallery\/lesaka\/thumbs\/thumbs_Lesaka_01.jpg\"\n           data-image-id=\"6\"\n           data-title=\"Lesaka_01\"\n           data-description=\"\"\n           class=\"ngg-fancybox\" rel=\"248\">\n\n            <img data-image-id='6'\n                 title=\"\"\n                 alt=\"Lesaka_01\"\n                 src=\"https:\/\/www.ibardin.net\/wp-content\/gallery\/lesaka\/Lesaka_01.jpg\"\n                 style=\"max-height: 270px;\"\/>\n        <\/a>\n\n        <\/div> \n<div id=\"ngg-image-1\" class=\"ngg-gallery-slideshow-image\" style=\"height:290px\">\n\n        <a href=\"https:\/\/www.ibardin.net\/wp-content\/gallery\/lesaka\/Lesaka_02.jpg\"\n           title=\"\"\n           data-src=\"https:\/\/www.ibardin.net\/wp-content\/gallery\/lesaka\/Lesaka_02.jpg\"\n           data-thumbnail=\"https:\/\/www.ibardin.net\/wp-content\/gallery\/lesaka\/thumbs\/thumbs_Lesaka_02.jpg\"\n           data-image-id=\"7\"\n           data-title=\"Lesaka_02\"\n           data-description=\"\"\n           class=\"ngg-fancybox\" rel=\"248\">\n\n            <img data-image-id='7'\n                 title=\"\"\n                 alt=\"Lesaka_02\"\n                 src=\"https:\/\/www.ibardin.net\/wp-content\/gallery\/lesaka\/Lesaka_02.jpg\"\n                 style=\"max-height: 270px;\"\/>\n        <\/a>\n\n        <\/div> \n<div id=\"ngg-image-2\" class=\"ngg-gallery-slideshow-image\" style=\"height:290px\">\n\n        <a href=\"https:\/\/www.ibardin.net\/wp-content\/gallery\/lesaka\/Lesaka_03.jpg\"\n           title=\"\"\n           data-src=\"https:\/\/www.ibardin.net\/wp-content\/gallery\/lesaka\/Lesaka_03.jpg\"\n           data-thumbnail=\"https:\/\/www.ibardin.net\/wp-content\/gallery\/lesaka\/thumbs\/thumbs_Lesaka_03.jpg\"\n           data-image-id=\"8\"\n           data-title=\"Lesaka_03\"\n           data-description=\"\"\n           class=\"ngg-fancybox\" rel=\"248\">\n\n            <img data-image-id='8'\n                 title=\"\"\n                 alt=\"Lesaka_03\"\n                 src=\"https:\/\/www.ibardin.net\/wp-content\/gallery\/lesaka\/Lesaka_03.jpg\"\n                 style=\"max-height: 270px;\"\/>\n        <\/a>\n\n        <\/div> \n<div id=\"ngg-image-3\" class=\"ngg-gallery-slideshow-image\" style=\"height:290px\">\n\n        <a href=\"https:\/\/www.ibardin.net\/wp-content\/gallery\/lesaka\/Lesaka_04.jpg\"\n           title=\"\"\n           data-src=\"https:\/\/www.ibardin.net\/wp-content\/gallery\/lesaka\/Lesaka_04.jpg\"\n           data-thumbnail=\"https:\/\/www.ibardin.net\/wp-content\/gallery\/lesaka\/thumbs\/thumbs_Lesaka_04.jpg\"\n           data-image-id=\"9\"\n           data-title=\"Lesaka_04\"\n           data-description=\"\"\n           class=\"ngg-fancybox\" rel=\"248\">\n\n            <img data-image-id='9'\n                 title=\"\"\n                 alt=\"Lesaka_04\"\n                 src=\"https:\/\/www.ibardin.net\/wp-content\/gallery\/lesaka\/Lesaka_04.jpg\"\n                 style=\"max-height: 270px;\"\/>\n        <\/a>\n\n        <\/div> \n<div id=\"ngg-image-4\" class=\"ngg-gallery-slideshow-image\" style=\"height:290px\">\n\n        <a href=\"https:\/\/www.ibardin.net\/wp-content\/gallery\/lesaka\/Lesaka_05.jpg\"\n           title=\"\"\n           data-src=\"https:\/\/www.ibardin.net\/wp-content\/gallery\/lesaka\/Lesaka_05.jpg\"\n           data-thumbnail=\"https:\/\/www.ibardin.net\/wp-content\/gallery\/lesaka\/thumbs\/thumbs_Lesaka_05.jpg\"\n           data-image-id=\"10\"\n           data-title=\"Lesaka_05\"\n           data-description=\"\"\n           class=\"ngg-fancybox\" rel=\"248\">\n\n            <img data-image-id='10'\n                 title=\"\"\n                 alt=\"Lesaka_05\"\n                 src=\"https:\/\/www.ibardin.net\/wp-content\/gallery\/lesaka\/Lesaka_05.jpg\"\n                 style=\"max-height: 270px;\"\/>\n        <\/a>\n\n        <\/div> \n<\/div>\n\n\n\n<\/span>\n<\/div>\n<div class=\"one columns\"><\/div>\n<div class=\"ten columns\">\n<strong>Plaza Zaharra<\/strong><br \/>\nAdem\u00e1s del inter\u00e9s general que en su conjunto tiene Plaza Zaharra, re\u00fane diversas edificaciones de especial valor, algunas de las cuales pueden considerarse como modelos de palacio urbano.<\/p>\n<p><strong>Minyurinea y Torre Zabaleta (construcciones de los S. XIV-XV)<\/strong><br \/>\nMinyurinea, o Minguiena, es probablemente el edificio m\u00e1s antiguo que se conserva en Lesaka, ya que algunos arque\u00f3logos lo fechan en el siglo XIV.<br \/>\nDel siglo XV, construida a partir de 1444, no oculta en absoluto sus objetivos militares. A pesar de los cambios que ha sufrido, nos ofrece una imagen del patrimonio arquitect\u00f3nico de la \u00e9poca.<\/p>\n<p><strong>Iglesia San Mart\u00edn de Tours<\/strong><br \/>\nIglesia parroquial de San Mart\u00edn de Tours (siglos XVI, XVII y XVIII), con restos anteriores incorporados a la puerta del crucero. Retablo del siglo XVIII con esculturas de Luis Salvador y Carmona.<\/p>\n<p><strong>Regata Onin<\/strong><br \/>\nEl r\u00edo hace frontera entre las dos partes de la poblaci\u00f3n: Legarrea, al este, Pikuzelaia, al oeste. Tradicionalmente se interpreta como se\u00f1al de paz entre las dos el baile de la Bandera que efect\u00faa un representante municipal sobre el puente.<\/p>\n<p><strong>Agi\u00f1a: Lesaka y la prehistoria<\/strong><br \/>\nNumerosos monumentos y restos arqueol\u00f3gicos, d\u00f3lmenes, t\u00famulos, cromlech, asentamientos\u2026 de la Edad del Hierro, que datan de entre los a\u00f1os 600 y 200 a.C. En las inmediaciones, el Memorial al Padre Donosti formado por la Capilla de Vallet y la Estela del escultor Jorge Oteiza.\n<\/div>","protected":false},"excerpt":{"rendered":"<p>Plaza Zaharra Adem\u00e1s del inter\u00e9s general que en su conjunto tiene Plaza Zaharra, re\u00fane diversas edificaciones de especial valor, algunas de las cuales pueden considerarse como modelos de palacio urbano. Minyurinea y Torre Zabaleta (construcciones de los S. XIV-XV) Minyurinea, o Minguiena, es probablemente el edificio m\u00e1s antiguo que se conserva en Lesaka, ya que algunos arque\u00f3logos lo fechan en el siglo XIV. Del&#8230; <a class=\"read-more\" href=\"https:\/\/www.ibardin.net\/es\/informacion-turistica\/lesaka\/\">Read More<\/a><\/p>\n","protected":false},"author":1,"featured_media":0,"parent":6,"menu_order":2,"comment_status":"closed","ping_status":"closed","template":"template-full.php","meta":{"ngg_post_thumbnail":0,"jetpack_post_was_ever_published":false},"aioseo_notices":[],"jetpack_sharing_enabled":true,"jetpack_shortlink":"https:\/\/wp.me\/P6tRZc-c","jetpack-related-posts":[],"_links":{"self":[{"href":"https:\/\/www.ibardin.net\/es\/wp-json\/wp\/v2\/pages\/12"}],"collection":[{"href":"https:\/\/www.ibardin.net\/es\/wp-json\/wp\/v2\/pages"}],"about":[{"href":"https:\/\/www.ibardin.net\/es\/wp-json\/wp\/v2\/types\/page"}],"author":[{"embeddable":true,"href":"https:\/\/www.ibardin.net\/es\/wp-json\/wp\/v2\/users\/1"}],"replies":[{"embeddable":true,"href":"https:\/\/www.ibardin.net\/es\/wp-json\/wp\/v2\/comments?post=12"}],"version-history":[{"count":13,"href":"https:\/\/www.ibardin.net\/es\/wp-json\/wp\/v2\/pages\/12\/revisions"}],"predecessor-version":[{"id":812,"href":"https:\/\/www.ibardin.net\/es\/wp-json\/wp\/v2\/pages\/12\/revisions\/812"}],"up":[{"embeddable":true,"href":"https:\/\/www.ibardin.net\/es\/wp-json\/wp\/v2\/pages\/6"}],"wp:attachment":[{"href":"https:\/\/www.ibardin.net\/es\/wp-json\/wp\/v2\/media?parent=12"}],"curies":[{"name":"wp","href":"https:\/\/api.w.org\/{rel}","templated":true}]}}