{"id":14,"date":"2015-07-14T11:32:42","date_gmt":"2015-07-14T11:32:42","guid":{"rendered":"http:\/\/www.ibardin.net\/?page_id=14"},"modified":"2015-08-19T08:33:51","modified_gmt":"2015-08-19T08:33:51","slug":"urrugne","status":"publish","type":"page","link":"https:\/\/www.ibardin.net\/es\/informacion-turistica\/urrugne\/","title":{"rendered":"Urrugne"},"content":{"rendered":"<div class=\"five columns\">\n<span class=\"image-container ngg_displayed_gallery mceItem alignright\">\n\n<div class=\"ngg-galleryoverview ngg-slideshow\"\n\t id=\"ngg-slideshow-264-16016868720\"\n     data-gallery-id=\"264\"\n     style=\"max-width: 384px; max-height: 290px;\">\n\n \t<div id=\"ngg-image-0\" class=\"ngg-gallery-slideshow-image\" style=\"height:290px\">\n\n        <a href=\"https:\/\/www.ibardin.net\/wp-content\/gallery\/urrugne\/Biriatou_01.jpg\"\n           title=\"\"\n           data-src=\"https:\/\/www.ibardin.net\/wp-content\/gallery\/urrugne\/Biriatou_01.jpg\"\n           data-thumbnail=\"https:\/\/www.ibardin.net\/wp-content\/gallery\/urrugne\/thumbs\/thumbs_Biriatou_01.jpg\"\n           data-image-id=\"11\"\n           data-title=\"Biriatou_01\"\n           data-description=\"\"\n           class=\"ngg-fancybox\" rel=\"264\">\n\n            <img data-image-id='11'\n                 title=\"\"\n                 alt=\"Biriatou_01\"\n                 src=\"https:\/\/www.ibardin.net\/wp-content\/gallery\/urrugne\/Biriatou_01.jpg\"\n                 style=\"max-height: 270px;\"\/>\n        <\/a>\n\n        <\/div> \n<div id=\"ngg-image-1\" class=\"ngg-gallery-slideshow-image\" style=\"height:290px\">\n\n        <a href=\"https:\/\/www.ibardin.net\/wp-content\/gallery\/urrugne\/Biriatou_02.jpg\"\n           title=\"\"\n           data-src=\"https:\/\/www.ibardin.net\/wp-content\/gallery\/urrugne\/Biriatou_02.jpg\"\n           data-thumbnail=\"https:\/\/www.ibardin.net\/wp-content\/gallery\/urrugne\/thumbs\/thumbs_Biriatou_02.jpg\"\n           data-image-id=\"12\"\n           data-title=\"Biriatou_02\"\n           data-description=\"\"\n           class=\"ngg-fancybox\" rel=\"264\">\n\n            <img data-image-id='12'\n                 title=\"\"\n                 alt=\"Biriatou_02\"\n                 src=\"https:\/\/www.ibardin.net\/wp-content\/gallery\/urrugne\/Biriatou_02.jpg\"\n                 style=\"max-height: 270px;\"\/>\n        <\/a>\n\n        <\/div> \n<div id=\"ngg-image-2\" class=\"ngg-gallery-slideshow-image\" style=\"height:290px\">\n\n        <a href=\"https:\/\/www.ibardin.net\/wp-content\/gallery\/urrugne\/Biriatou_03.jpg\"\n           title=\"\"\n           data-src=\"https:\/\/www.ibardin.net\/wp-content\/gallery\/urrugne\/Biriatou_03.jpg\"\n           data-thumbnail=\"https:\/\/www.ibardin.net\/wp-content\/gallery\/urrugne\/thumbs\/thumbs_Biriatou_03.jpg\"\n           data-image-id=\"13\"\n           data-title=\"Biriatou_03\"\n           data-description=\"\"\n           class=\"ngg-fancybox\" rel=\"264\">\n\n            <img data-image-id='13'\n                 title=\"\"\n                 alt=\"Biriatou_03\"\n                 src=\"https:\/\/www.ibardin.net\/wp-content\/gallery\/urrugne\/Biriatou_03.jpg\"\n                 style=\"max-height: 270px;\"\/>\n        <\/a>\n\n        <\/div> \n<div id=\"ngg-image-3\" class=\"ngg-gallery-slideshow-image\" style=\"height:290px\">\n\n        <a href=\"https:\/\/www.ibardin.net\/wp-content\/gallery\/urrugne\/Biriatou_04.jpg\"\n           title=\"\"\n           data-src=\"https:\/\/www.ibardin.net\/wp-content\/gallery\/urrugne\/Biriatou_04.jpg\"\n           data-thumbnail=\"https:\/\/www.ibardin.net\/wp-content\/gallery\/urrugne\/thumbs\/thumbs_Biriatou_04.jpg\"\n           data-image-id=\"14\"\n           data-title=\"Biriatou_04\"\n           data-description=\"\"\n           class=\"ngg-fancybox\" rel=\"264\">\n\n            <img data-image-id='14'\n                 title=\"\"\n                 alt=\"Biriatou_04\"\n                 src=\"https:\/\/www.ibardin.net\/wp-content\/gallery\/urrugne\/Biriatou_04.jpg\"\n                 style=\"max-height: 270px;\"\/>\n        <\/a>\n\n        <\/div> \n<div id=\"ngg-image-4\" class=\"ngg-gallery-slideshow-image\" style=\"height:290px\">\n\n        <a href=\"https:\/\/www.ibardin.net\/wp-content\/gallery\/urrugne\/Biriatou_05.jpg\"\n           title=\"\"\n           data-src=\"https:\/\/www.ibardin.net\/wp-content\/gallery\/urrugne\/Biriatou_05.jpg\"\n           data-thumbnail=\"https:\/\/www.ibardin.net\/wp-content\/gallery\/urrugne\/thumbs\/thumbs_Biriatou_05.jpg\"\n           data-image-id=\"15\"\n           data-title=\"Biriatou_05\"\n           data-description=\"\"\n           class=\"ngg-fancybox\" rel=\"264\">\n\n            <img data-image-id='15'\n                 title=\"\"\n                 alt=\"Biriatou_05\"\n                 src=\"https:\/\/www.ibardin.net\/wp-content\/gallery\/urrugne\/Biriatou_05.jpg\"\n                 style=\"max-height: 270px;\"\/>\n        <\/a>\n\n        <\/div> \n<\/div>\n\n\n\n<\/span>\n<\/div>\n<div class=\"one columns\"><\/div>\n<div class=\"ten columns\">\n<strong>Castillo de Urtubia<\/strong><br \/>\nPertenece a la misma familia desde que fue edificado en 1341; fue fortificado y ampliado en el s. XVI y en el XVIII hasta convertirse hoy d\u00eda en un Monumento Hist\u00f3rico muy acogedor, amueblado y decorado con refinamiento.<\/p>\n<p><strong>Iglesia de San Vicente<\/strong><br \/>\nFue edificada en el s. XI bajo el patronato de San Vicente de Xaintes, primer obispo de Dax, y reconstruida en el s. XVI en el estilo renacentista.<br \/>\nEst\u00e1 declarada monumento hist\u00f3rico.<\/p>\n<p><strong>Cornisa de Urru\u00f1a<\/strong><br \/>\nDeclarada hoy Lugar de inter\u00e9s, est\u00e1 situada entre Ziburu y Hendaya, y tiene 7 km. El Consejo Regional ha iniciado un estudio destinado a declararla Sitio Mayor de la Cornisa Vasca. La Cornisa ofrece un excepcional escaparate al pie del monte Larrun.<\/p>\n<p><strong>Capilla Socorri<\/strong><br \/>\nDel siglo XVIII, la capilla de Nuestra Sra. de Socorri, o del Buen Socorro, est\u00e1 situada sobre un cerro que domina Urru\u00f1a; es un lugar de peregrinaci\u00f3n o de paseo muy famoso en la regi\u00f3n.<\/p>\n<p><strong>Xoldokogaina y el Monte del Calvario<\/strong><br \/>\nSubiendo a los montes de Xoldokogaina o al Calvario (con una peque\u00f1a capilla) tenemos la ocasi\u00f3n de ver numerosos animales como pottokas, ovejas, vacas silvestres betizu&#8230; Ofrecen tambi\u00e9n un punto de vista inmejorable sobre montes como las Pe\u00f1as de Aia, Larrun, Jaizkibel, Ekaitza&#8230; y toda la costa de las Landas. Los dos son muy f\u00e1ciles de subir, el m\u00e1s alto, el Xoldokogaina, apenas tiene 500m de desnivel.<\/p>\n<p><strong>Parque Oihana<\/strong><br \/>\nRecorridos acrob\u00e1ticos en los \u00e1rboles, 70 juegos con 6 niveles. Tirolinas de 150 m, salto de Tarz\u00e1n.\n<\/div>","protected":false},"excerpt":{"rendered":"<p>Castillo de Urtubia Pertenece a la misma familia desde que fue edificado en 1341; fue fortificado y ampliado en el s. XVI y en el XVIII hasta convertirse hoy d\u00eda en un Monumento Hist\u00f3rico muy acogedor, amueblado y decorado con refinamiento. Iglesia de San Vicente Fue edificada en el s. XI bajo el patronato de San Vicente de Xaintes, primer obispo de Dax, y&#8230; <a class=\"read-more\" href=\"https:\/\/www.ibardin.net\/es\/informacion-turistica\/urrugne\/\">Read More<\/a><\/p>\n","protected":false},"author":1,"featured_media":0,"parent":6,"menu_order":3,"comment_status":"closed","ping_status":"closed","template":"template-full.php","meta":{"ngg_post_thumbnail":0,"jetpack_post_was_ever_published":false},"aioseo_notices":[],"jetpack_sharing_enabled":true,"jetpack_shortlink":"https:\/\/wp.me\/P6tRZc-e","jetpack-related-posts":[],"_links":{"self":[{"href":"https:\/\/www.ibardin.net\/es\/wp-json\/wp\/v2\/pages\/14"}],"collection":[{"href":"https:\/\/www.ibardin.net\/es\/wp-json\/wp\/v2\/pages"}],"about":[{"href":"https:\/\/www.ibardin.net\/es\/wp-json\/wp\/v2\/types\/page"}],"author":[{"embeddable":true,"href":"https:\/\/www.ibardin.net\/es\/wp-json\/wp\/v2\/users\/1"}],"replies":[{"embeddable":true,"href":"https:\/\/www.ibardin.net\/es\/wp-json\/wp\/v2\/comments?post=14"}],"version-history":[{"count":6,"href":"https:\/\/www.ibardin.net\/es\/wp-json\/wp\/v2\/pages\/14\/revisions"}],"predecessor-version":[{"id":814,"href":"https:\/\/www.ibardin.net\/es\/wp-json\/wp\/v2\/pages\/14\/revisions\/814"}],"up":[{"embeddable":true,"href":"https:\/\/www.ibardin.net\/es\/wp-json\/wp\/v2\/pages\/6"}],"wp:attachment":[{"href":"https:\/\/www.ibardin.net\/es\/wp-json\/wp\/v2\/media?parent=14"}],"curies":[{"name":"wp","href":"https:\/\/api.w.org\/{rel}","templated":true}]}}