{"id":18,"date":"2015-07-14T11:34:06","date_gmt":"2015-07-14T11:34:06","guid":{"rendered":"http:\/\/www.ibardin.net\/?page_id=18"},"modified":"2015-09-09T14:41:14","modified_gmt":"2015-09-09T14:41:14","slug":"comercios","status":"publish","type":"page","link":"https:\/\/www.ibardin.net\/es\/comercios\/","title":{"rendered":"Comercios"},"content":{"rendered":"En Ibardin podr\u00e1 combinar la tranquilidad de un entorno natural con la mejor oferta de productos y servicios que nuestras ventas ponen a su alcance.<br \/>\nDesde una excelente gastronom\u00eda, hasta una gran variedad de regalos, tabaco, vinos, licores, mobiliario&#8230;<br \/>\nLe invitamos a que descubra Ibardin.<\/p>\n<p>Le presentamos un listado con todos los comercios que pertenecen a la asociaci\u00f3n de Hosteleros y Comerciantes de Ibardin. Pinche sobre la ficha y podr\u00e1 obtener m\u00e1s informaci\u00f3n sobre lo que le puede ofrecer cada cual.","protected":false},"excerpt":{"rendered":"<p>En Ibardin podr\u00e1 combinar la tranquilidad de un entorno natural con la mejor oferta de productos y servicios que nuestras ventas ponen a su alcance. Desde una excelente gastronom\u00eda, hasta una gran variedad de regalos, tabaco, vinos, licores, mobiliario&#8230; Le invitamos a que descubra Ibardin. Le presentamos un listado con todos los comercios que pertenecen a la asociaci\u00f3n de Hosteleros y Comerciantes de Ibardin&#8230;. <a class=\"read-more\" href=\"https:\/\/www.ibardin.net\/es\/comercios\/\">Read More<\/a><\/p>\n","protected":false},"author":1,"featured_media":0,"parent":0,"menu_order":0,"comment_status":"closed","ping_status":"closed","template":"template-portfolio.php","meta":{"ngg_post_thumbnail":0,"jetpack_post_was_ever_published":false},"aioseo_notices":[],"jetpack_sharing_enabled":false,"jetpack_shortlink":"https:\/\/wp.me\/P6tRZc-i","jetpack-related-posts":[],"_links":{"self":[{"href":"https:\/\/www.ibardin.net\/es\/wp-json\/wp\/v2\/pages\/18"}],"collection":[{"href":"https:\/\/www.ibardin.net\/es\/wp-json\/wp\/v2\/pages"}],"about":[{"href":"https:\/\/www.ibardin.net\/es\/wp-json\/wp\/v2\/types\/page"}],"author":[{"embeddable":true,"href":"https:\/\/www.ibardin.net\/es\/wp-json\/wp\/v2\/users\/1"}],"replies":[{"embeddable":true,"href":"https:\/\/www.ibardin.net\/es\/wp-json\/wp\/v2\/comments?post=18"}],"version-history":[{"count":13,"href":"https:\/\/www.ibardin.net\/es\/wp-json\/wp\/v2\/pages\/18\/revisions"}],"predecessor-version":[{"id":817,"href":"https:\/\/www.ibardin.net\/es\/wp-json\/wp\/v2\/pages\/18\/revisions\/817"}],"wp:attachment":[{"href":"https:\/\/www.ibardin.net\/es\/wp-json\/wp\/v2\/media?parent=18"}],"curies":[{"name":"wp","href":"https:\/\/api.w.org\/{rel}","templated":true}]}}