{"id":25,"date":"2015-07-14T11:38:58","date_gmt":"2015-07-14T11:38:58","guid":{"rendered":"http:\/\/www.ibardin.net\/?page_id=25"},"modified":"2015-08-19T09:04:39","modified_gmt":"2015-08-19T09:04:39","slug":"cromlechs","status":"publish","type":"page","link":"https:\/\/www.ibardin.net\/es\/paseos\/cromlechs\/","title":{"rendered":"Cromlechs"},"content":{"rendered":"<div class=\"eight columns\"><span class=\"image-container alignright size-full wp-image-821\"><img data-attachment-id=\"821\" data-permalink=\"https:\/\/www.ibardin.net\/es\/paseos\/lago-de-ibardin\/paseob\/\" data-orig-file=\"https:\/\/i0.wp.com\/www.ibardin.net\/wp-content\/uploads\/2015\/07\/PaseoB.jpg?fit=526%2C347&amp;ssl=1\" data-orig-size=\"526,347\" data-comments-opened=\"1\" data-image-meta=\"{&quot;aperture&quot;:&quot;0&quot;,&quot;credit&quot;:&quot;&quot;,&quot;camera&quot;:&quot;&quot;,&quot;caption&quot;:&quot;&quot;,&quot;created_timestamp&quot;:&quot;0&quot;,&quot;copyright&quot;:&quot;&quot;,&quot;focal_length&quot;:&quot;0&quot;,&quot;iso&quot;:&quot;0&quot;,&quot;shutter_speed&quot;:&quot;0&quot;,&quot;title&quot;:&quot;&quot;,&quot;orientation&quot;:&quot;0&quot;}\" data-image-title=\"PaseoB\" data-image-description=\"\" data-image-caption=\"\" data-medium-file=\"https:\/\/i0.wp.com\/www.ibardin.net\/wp-content\/uploads\/2015\/07\/PaseoB.jpg?fit=300%2C198&amp;ssl=1\" data-large-file=\"https:\/\/i0.wp.com\/www.ibardin.net\/wp-content\/uploads\/2015\/07\/PaseoB.jpg?fit=526%2C347&amp;ssl=1\" decoding=\"async\" loading=\"lazy\" src=\"https:\/\/i0.wp.com\/www.ibardin.net\/wp-content\/uploads\/2015\/07\/PaseoB.jpg?resize=526%2C347\" alt=\"PaseoB\" width=\"526\" height=\"347\" class=\"alignright size-full wp-image-821\" srcset=\"https:\/\/i0.wp.com\/www.ibardin.net\/wp-content\/uploads\/2015\/07\/PaseoB.jpg?w=526&amp;ssl=1 526w, https:\/\/i0.wp.com\/www.ibardin.net\/wp-content\/uploads\/2015\/07\/PaseoB.jpg?resize=300%2C198&amp;ssl=1 300w\" sizes=\"(max-width: 526px) 100vw, 526px\" data-recalc-dims=\"1\" \/><\/span><\/div>\n<div class=\"one columns\"><\/div>\n<div class=\"seven columns\">\n<strong>El paseo:<\/strong><br \/>\nEl comienzo del paseo se encuentra en el parking de la parte alta de la zona comercial de Ibardin. A lo largo del recorrido nos iremos encontrado magn\u00edficas vistas panor\u00e1micas hacia la costa, desde la Bah\u00eda de Txingudi, pasando por San Juan de Luz, Biarritz, Bayona&#8230; y si disfrutamos de un d\u00eda despejado podremos llegar a divisar hasta las largas playas de arena de las Landas.<\/p>\n<p>Llegando al final del paseo, podremos descubrir un interesante legado de nuestros ancestros, un grupo de cinco cromlechs descubiertos en 1952 por Jos\u00e9 Miguel de Barandiaran.<\/p>\n<p><strong>Distancia:<\/strong><br \/>\n4.170 m.<\/p>\n<p><strong>Tiempo:<\/strong><br \/>\n1h 15\u00b4<\/p>\n<p><strong>Puntos de inter\u00e9s:<\/strong><br \/>\n\u2022 Vista panor\u00e1mica hacia la Costa Vasca.<br \/>\n\u2022 Vista panor\u00e1mica hacia la Bah\u00eda de Txingudi.<br \/>\n\u2022 Mojones fronterizos.<br \/>\n\u2022 Composici\u00f3n de cromlechs.\n<\/div>","protected":false},"excerpt":{"rendered":"<p>El paseo: El comienzo del paseo se encuentra en el parking de la parte alta de la zona comercial de Ibardin. A lo largo del recorrido nos iremos encontrado magn\u00edficas vistas panor\u00e1micas hacia la costa, desde la Bah\u00eda de Txingudi, pasando por San Juan de Luz, Biarritz, Bayona&#8230; y si disfrutamos de un d\u00eda despejado podremos llegar a divisar hasta las largas playas de&#8230; <a class=\"read-more\" href=\"https:\/\/www.ibardin.net\/es\/paseos\/cromlechs\/\">Read More<\/a><\/p>\n","protected":false},"author":1,"featured_media":0,"parent":20,"menu_order":2,"comment_status":"closed","ping_status":"closed","template":"template-full.php","meta":{"ngg_post_thumbnail":0,"jetpack_post_was_ever_published":false},"aioseo_notices":[],"jetpack_sharing_enabled":true,"jetpack_shortlink":"https:\/\/wp.me\/P6tRZc-p","jetpack-related-posts":[],"_links":{"self":[{"href":"https:\/\/www.ibardin.net\/es\/wp-json\/wp\/v2\/pages\/25"}],"collection":[{"href":"https:\/\/www.ibardin.net\/es\/wp-json\/wp\/v2\/pages"}],"about":[{"href":"https:\/\/www.ibardin.net\/es\/wp-json\/wp\/v2\/types\/page"}],"author":[{"embeddable":true,"href":"https:\/\/www.ibardin.net\/es\/wp-json\/wp\/v2\/users\/1"}],"replies":[{"embeddable":true,"href":"https:\/\/www.ibardin.net\/es\/wp-json\/wp\/v2\/comments?post=25"}],"version-history":[{"count":3,"href":"https:\/\/www.ibardin.net\/es\/wp-json\/wp\/v2\/pages\/25\/revisions"}],"predecessor-version":[{"id":827,"href":"https:\/\/www.ibardin.net\/es\/wp-json\/wp\/v2\/pages\/25\/revisions\/827"}],"up":[{"embeddable":true,"href":"https:\/\/www.ibardin.net\/es\/wp-json\/wp\/v2\/pages\/20"}],"wp:attachment":[{"href":"https:\/\/www.ibardin.net\/es\/wp-json\/wp\/v2\/media?parent=25"}],"curies":[{"name":"wp","href":"https:\/\/api.w.org\/{rel}","templated":true}]}}