{"id":29,"date":"2015-07-14T11:42:11","date_gmt":"2015-07-14T11:42:11","guid":{"rendered":"http:\/\/www.ibardin.net\/?page_id=29"},"modified":"2015-08-19T09:09:33","modified_gmt":"2015-08-19T09:09:33","slug":"gasolinera","status":"publish","type":"page","link":"https:\/\/www.ibardin.net\/es\/gasolinera\/","title":{"rendered":"Gasolinera"},"content":{"rendered":"En nuestra espectacular gasolinera podr\u00e1 llenar el dep\u00f3sito de su veh\u00edculo de manera r\u00e1pida, econ\u00f3mica y con la garant\u00eda de uno de los mejores proveedores de combustible.<br \/>\nDisfrutando de la naturaleza y del paisaje para una inmejorable espera.<br \/>\n<span class=\"image-container  aligncenter\"><img decoding=\"async\" loading=\"lazy\" class=\" aligncenter\" style=\"width: 100%;\" src=\"https:\/\/i0.wp.com\/www.ibardin.net\/wp-content\/uploads\/2015\/07\/gasoli.jpg?resize=640%2C425\" alt=\"gasoli\" width=\"640\" height=\"425\" data-recalc-dims=\"1\" \/><\/span>","protected":false},"excerpt":{"rendered":"<p>En nuestra espectacular gasolinera podr\u00e1 llenar el dep\u00f3sito de su veh\u00edculo de manera r\u00e1pida, econ\u00f3mica y con la garant\u00eda de uno de los mejores proveedores de combustible. Disfrutando de la naturaleza y del paisaje para una inmejorable espera.<\/p>\n","protected":false},"author":1,"featured_media":0,"parent":0,"menu_order":0,"comment_status":"closed","ping_status":"closed","template":"template-full.php","meta":{"ngg_post_thumbnail":0,"jetpack_post_was_ever_published":false},"aioseo_notices":[],"jetpack_sharing_enabled":true,"jetpack_shortlink":"https:\/\/wp.me\/P6tRZc-t","jetpack-related-posts":[],"_links":{"self":[{"href":"https:\/\/www.ibardin.net\/es\/wp-json\/wp\/v2\/pages\/29"}],"collection":[{"href":"https:\/\/www.ibardin.net\/es\/wp-json\/wp\/v2\/pages"}],"about":[{"href":"https:\/\/www.ibardin.net\/es\/wp-json\/wp\/v2\/types\/page"}],"author":[{"embeddable":true,"href":"https:\/\/www.ibardin.net\/es\/wp-json\/wp\/v2\/users\/1"}],"replies":[{"embeddable":true,"href":"https:\/\/www.ibardin.net\/es\/wp-json\/wp\/v2\/comments?post=29"}],"version-history":[{"count":16,"href":"https:\/\/www.ibardin.net\/es\/wp-json\/wp\/v2\/pages\/29\/revisions"}],"predecessor-version":[{"id":829,"href":"https:\/\/www.ibardin.net\/es\/wp-json\/wp\/v2\/pages\/29\/revisions\/829"}],"wp:attachment":[{"href":"https:\/\/www.ibardin.net\/es\/wp-json\/wp\/v2\/media?parent=29"}],"curies":[{"name":"wp","href":"https:\/\/api.w.org\/{rel}","templated":true}]}}