{"id":31,"date":"2015-07-14T11:43:07","date_gmt":"2015-07-14T11:43:07","guid":{"rendered":"http:\/\/www.ibardin.net\/?page_id=31"},"modified":"2015-08-19T09:12:59","modified_gmt":"2015-08-19T09:12:59","slug":"como-llegar","status":"publish","type":"page","link":"https:\/\/www.ibardin.net\/es\/como-llegar\/","title":{"rendered":"Como llegar"},"content":{"rendered":"<div class=\"eight columns\">\n<a href=\"http:\/\/www.ibardin.net\/como-llegar\/accesos\/\"><span class=\"image-container  size-full wp-image-266 aligncenter\"><img data-attachment-id=\"266\" data-permalink=\"https:\/\/www.ibardin.net\/es\/como-llegar\/accesos\/como-llegar-2\/\" data-orig-file=\"https:\/\/i0.wp.com\/www.ibardin.net\/wp-content\/uploads\/2015\/07\/como-llegar.jpg?fit=372%2C360&amp;ssl=1\" data-orig-size=\"372,360\" data-comments-opened=\"1\" data-image-meta=\"{&quot;aperture&quot;:&quot;0&quot;,&quot;credit&quot;:&quot;&quot;,&quot;camera&quot;:&quot;&quot;,&quot;caption&quot;:&quot;&quot;,&quot;created_timestamp&quot;:&quot;0&quot;,&quot;copyright&quot;:&quot;&quot;,&quot;focal_length&quot;:&quot;0&quot;,&quot;iso&quot;:&quot;0&quot;,&quot;shutter_speed&quot;:&quot;0&quot;,&quot;title&quot;:&quot;&quot;,&quot;orientation&quot;:&quot;0&quot;}\" data-image-title=\"como-llegar\" data-image-description=\"\" data-image-caption=\"\" data-medium-file=\"https:\/\/i0.wp.com\/www.ibardin.net\/wp-content\/uploads\/2015\/07\/como-llegar.jpg?fit=300%2C290&amp;ssl=1\" data-large-file=\"https:\/\/i0.wp.com\/www.ibardin.net\/wp-content\/uploads\/2015\/07\/como-llegar.jpg?fit=372%2C360&amp;ssl=1\" decoding=\"async\" loading=\"lazy\" class=\" size-full wp-image-266 aligncenter\" src=\"https:\/\/i0.wp.com\/www.ibardin.net\/wp-content\/uploads\/2015\/07\/como-llegar.jpg?resize=372%2C360\" alt=\"como-llegar\" width=\"372\" height=\"360\" srcset=\"https:\/\/i0.wp.com\/www.ibardin.net\/wp-content\/uploads\/2015\/07\/como-llegar.jpg?w=372&amp;ssl=1 372w, https:\/\/i0.wp.com\/www.ibardin.net\/wp-content\/uploads\/2015\/07\/como-llegar.jpg?resize=300%2C290&amp;ssl=1 300w\" sizes=\"(max-width: 372px) 100vw, 372px\" data-recalc-dims=\"1\" \/><\/span><\/a>\n<\/div>\n<div class=\"one columns\"><\/div>\n<div class=\"seven columns\">\nIbardin est\u00e1 situado en un alto a 350 m de altura sobre el nivel del mar. El acceso por carretera se puede realizar bien por la parte navarra, subiendo desde Bera un peque\u00f1o puerto de unos 6 km, o bien por la parte de Iparralde (Pa\u00eds Vasco Franc\u00e9s), subiendo desde Urru\u00f1a un peque\u00f1o puerto de unos 7,5 km.<\/p>\n<p>Pinchando sobre el mapa podr\u00e1 descubrir todos los accesos con m\u00e1s detalle.\n<\/p><\/div>","protected":false},"excerpt":{"rendered":"<p>Ibardin est\u00e1 situado en un alto a 350 m de altura sobre el nivel del mar. El acceso por carretera se puede realizar bien por la parte navarra, subiendo desde Bera un peque\u00f1o puerto de unos 6 km, o bien por la parte de Iparralde (Pa\u00eds Vasco Franc\u00e9s), subiendo desde Urru\u00f1a un peque\u00f1o puerto de unos 7,5 km. Pinchando sobre el mapa podr\u00e1 descubrir&#8230; <a class=\"read-more\" href=\"https:\/\/www.ibardin.net\/es\/como-llegar\/\">Read More<\/a><\/p>\n","protected":false},"author":1,"featured_media":0,"parent":0,"menu_order":0,"comment_status":"closed","ping_status":"closed","template":"template-full.php","meta":{"ngg_post_thumbnail":0,"jetpack_post_was_ever_published":false},"aioseo_notices":[],"jetpack_sharing_enabled":true,"jetpack_shortlink":"https:\/\/wp.me\/P6tRZc-v","jetpack-related-posts":[],"_links":{"self":[{"href":"https:\/\/www.ibardin.net\/es\/wp-json\/wp\/v2\/pages\/31"}],"collection":[{"href":"https:\/\/www.ibardin.net\/es\/wp-json\/wp\/v2\/pages"}],"about":[{"href":"https:\/\/www.ibardin.net\/es\/wp-json\/wp\/v2\/types\/page"}],"author":[{"embeddable":true,"href":"https:\/\/www.ibardin.net\/es\/wp-json\/wp\/v2\/users\/1"}],"replies":[{"embeddable":true,"href":"https:\/\/www.ibardin.net\/es\/wp-json\/wp\/v2\/comments?post=31"}],"version-history":[{"count":7,"href":"https:\/\/www.ibardin.net\/es\/wp-json\/wp\/v2\/pages\/31\/revisions"}],"predecessor-version":[{"id":830,"href":"https:\/\/www.ibardin.net\/es\/wp-json\/wp\/v2\/pages\/31\/revisions\/830"}],"wp:attachment":[{"href":"https:\/\/www.ibardin.net\/es\/wp-json\/wp\/v2\/media?parent=31"}],"curies":[{"name":"wp","href":"https:\/\/api.w.org\/{rel}","templated":true}]}}