{"id":349,"date":"2015-07-30T11:22:16","date_gmt":"2015-07-30T11:22:16","guid":{"rendered":"http:\/\/www.ibardin.net\/?page_id=349"},"modified":"2015-07-31T11:01:40","modified_gmt":"2015-07-31T11:01:40","slug":"benta-berri","status":"publish","type":"page","link":"https:\/\/www.ibardin.net\/es\/benta-berri\/","title":{"rendered":"Benta Berri"},"content":{"rendered":"<div class=\"organic-column two-third\">\nBenta Berri es una de las Bentas m\u00e1s antiguas del collado de Ibardin, sin embargo, les ofrecemos junto a la tradici\u00f3n de los productos del Pa\u00eds Vasco una Benta totalmente renovada con aire acondicionado, bar, restaurante, alimentaci\u00f3n y carnicer\u00eda.<\/p>\n<h5>Qu\u00e9 ofrecemos:<\/h5>\n<p>Restaurante, bar-tapas y licores y alimentaci\u00f3n.<br \/>\nEn la tienda le ofrecemos:<\/p>\n<ul>\n<li>Productos Regionales.<\/li>\n<li>Charcuter\u00eda.<\/li>\n<li>Vinos.<\/li>\n<li>Whiskyes.<\/li>\n<li>Licores.<\/li>\n<li>Tabaco.<\/li>\n<\/ul>\n<h5>A destacar:<\/h5>\n<p>En Benta Berri podr\u00e1 degustar nuestra gastronom\u00eda, excelentes men\u00fas y carta especializada en pescado fresco.<\/p>\n<h5>Contacto:<\/h5>\n<p>Ignacio Irazoqui<\/p>\n<h5>D\u00f3nde estamos:<\/h5>\n<p>Alto de Ibardin &#8211; 31780 Bera\/Vera de Bidasoa (Navarra) &#8211; <a href=\"mailto:alzuriastondoasl@yahoo.es\" target=\"_blank\">alzuriastondoasl@yahoo.es<\/a><br \/>\nTel: 0034 948 630 708<br \/>\nFax: 0034 948 630 754<\/p>\n<\/div>\n<div class=\"organic-column one-third last\">\n<span class=\"image-container alignright wp-image-120 size-full\"><img data-attachment-id=\"120\" data-permalink=\"https:\/\/www.ibardin.net\/es\/benta-berri\/39-berri_ext\/\" data-orig-file=\"https:\/\/i0.wp.com\/www.ibardin.net\/wp-content\/uploads\/2015\/07\/39-Berri_EXT.jpg?fit=388%2C258&amp;ssl=1\" data-orig-size=\"388,258\" data-comments-opened=\"1\" data-image-meta=\"{&quot;aperture&quot;:&quot;0&quot;,&quot;credit&quot;:&quot;&quot;,&quot;camera&quot;:&quot;&quot;,&quot;caption&quot;:&quot;&quot;,&quot;created_timestamp&quot;:&quot;0&quot;,&quot;copyright&quot;:&quot;&quot;,&quot;focal_length&quot;:&quot;0&quot;,&quot;iso&quot;:&quot;0&quot;,&quot;shutter_speed&quot;:&quot;0&quot;,&quot;title&quot;:&quot;&quot;,&quot;orientation&quot;:&quot;0&quot;}\" data-image-title=\"39-Berri_EXT\" data-image-description=\"\" data-image-caption=\"\" data-medium-file=\"https:\/\/i0.wp.com\/www.ibardin.net\/wp-content\/uploads\/2015\/07\/39-Berri_EXT.jpg?fit=300%2C199&amp;ssl=1\" data-large-file=\"https:\/\/i0.wp.com\/www.ibardin.net\/wp-content\/uploads\/2015\/07\/39-Berri_EXT.jpg?fit=388%2C258&amp;ssl=1\" decoding=\"async\" loading=\"lazy\" class=\"alignright wp-image-120 size-full\" src=\"https:\/\/i0.wp.com\/www.ibardin.net\/wp-content\/uploads\/2015\/07\/39-Berri_EXT.jpg?resize=388%2C258\" alt=\"\" width=\"388\" height=\"258\" srcset=\"https:\/\/i0.wp.com\/www.ibardin.net\/wp-content\/uploads\/2015\/07\/39-Berri_EXT.jpg?w=388&amp;ssl=1 388w, https:\/\/i0.wp.com\/www.ibardin.net\/wp-content\/uploads\/2015\/07\/39-Berri_EXT.jpg?resize=300%2C199&amp;ssl=1 300w\" sizes=\"(max-width: 388px) 100vw, 388px\" data-recalc-dims=\"1\" \/><\/span><br \/>\n<span class=\"image-container alignright wp-image-379 size-full\"><img data-attachment-id=\"379\" data-permalink=\"https:\/\/www.ibardin.net\/es\/39-berri_int01\/\" data-orig-file=\"https:\/\/i0.wp.com\/www.ibardin.net\/wp-content\/uploads\/2015\/07\/39-Berri_INT01.jpg?fit=388%2C258&amp;ssl=1\" data-orig-size=\"388,258\" data-comments-opened=\"1\" data-image-meta=\"{&quot;aperture&quot;:&quot;0&quot;,&quot;credit&quot;:&quot;&quot;,&quot;camera&quot;:&quot;&quot;,&quot;caption&quot;:&quot;&quot;,&quot;created_timestamp&quot;:&quot;0&quot;,&quot;copyright&quot;:&quot;&quot;,&quot;focal_length&quot;:&quot;0&quot;,&quot;iso&quot;:&quot;0&quot;,&quot;shutter_speed&quot;:&quot;0&quot;,&quot;title&quot;:&quot;&quot;,&quot;orientation&quot;:&quot;0&quot;}\" data-image-title=\"39-Berri_INT01\" data-image-description=\"\" data-image-caption=\"\" data-medium-file=\"https:\/\/i0.wp.com\/www.ibardin.net\/wp-content\/uploads\/2015\/07\/39-Berri_INT01.jpg?fit=300%2C199&amp;ssl=1\" data-large-file=\"https:\/\/i0.wp.com\/www.ibardin.net\/wp-content\/uploads\/2015\/07\/39-Berri_INT01.jpg?fit=388%2C258&amp;ssl=1\" decoding=\"async\" loading=\"lazy\" class=\"alignright wp-image-379 size-full\" src=\"https:\/\/i0.wp.com\/www.ibardin.net\/wp-content\/uploads\/2015\/07\/39-Berri_INT01.jpg?resize=388%2C258\" alt=\"\" width=\"388\" height=\"258\" srcset=\"https:\/\/i0.wp.com\/www.ibardin.net\/wp-content\/uploads\/2015\/07\/39-Berri_INT01.jpg?w=388&amp;ssl=1 388w, https:\/\/i0.wp.com\/www.ibardin.net\/wp-content\/uploads\/2015\/07\/39-Berri_INT01.jpg?resize=300%2C199&amp;ssl=1 300w\" sizes=\"(max-width: 388px) 100vw, 388px\" data-recalc-dims=\"1\" \/><\/span><\/p>\n<\/div><div class=\"clearboth\"><\/div>\n<iframe loading=\"lazy\" src=\"https:\/\/www.google.com\/maps\/d\/embed?mid=z7xB_XP4oQ8A.ky_YNCAb94Og&amp;z=18\" width=\"100%\" height=\"480\"><\/iframe><\/p>\n","protected":false},"excerpt":{"rendered":"","protected":false},"author":1,"featured_media":0,"parent":0,"menu_order":0,"comment_status":"closed","ping_status":"closed","template":"template-full.php","meta":{"ngg_post_thumbnail":0,"jetpack_post_was_ever_published":false},"aioseo_notices":[],"jetpack_sharing_enabled":false,"jetpack_shortlink":"https:\/\/wp.me\/P6tRZc-5D","jetpack-related-posts":[],"_links":{"self":[{"href":"https:\/\/www.ibardin.net\/es\/wp-json\/wp\/v2\/pages\/349"}],"collection":[{"href":"https:\/\/www.ibardin.net\/es\/wp-json\/wp\/v2\/pages"}],"about":[{"href":"https:\/\/www.ibardin.net\/es\/wp-json\/wp\/v2\/types\/page"}],"author":[{"embeddable":true,"href":"https:\/\/www.ibardin.net\/es\/wp-json\/wp\/v2\/users\/1"}],"replies":[{"embeddable":true,"href":"https:\/\/www.ibardin.net\/es\/wp-json\/wp\/v2\/comments?post=349"}],"version-history":[{"count":4,"href":"https:\/\/www.ibardin.net\/es\/wp-json\/wp\/v2\/pages\/349\/revisions"}],"predecessor-version":[{"id":449,"href":"https:\/\/www.ibardin.net\/es\/wp-json\/wp\/v2\/pages\/349\/revisions\/449"}],"wp:attachment":[{"href":"https:\/\/www.ibardin.net\/es\/wp-json\/wp\/v2\/media?parent=349"}],"curies":[{"name":"wp","href":"https:\/\/api.w.org\/{rel}","templated":true}]}}