{"id":6,"date":"2015-07-14T11:24:29","date_gmt":"2015-07-14T11:24:29","guid":{"rendered":"http:\/\/www.ibardin.net\/?page_id=6"},"modified":"2023-06-27T15:02:01","modified_gmt":"2023-06-27T15:02:01","slug":"informacion-turistica","status":"publish","type":"page","link":"https:\/\/www.ibardin.net\/es\/informacion-turistica\/","title":{"rendered":"Informaci\u00f3n tur\u00edstica"},"content":{"rendered":"<a href=\"https:\/\/www.ibardin.net\/wp-content\/uploads\/2023\/06\/Rotulo_INFO_2.jpg\"><span class=\"image-container wp-image-3121 size-full aligncenter\"><img data-attachment-id=\"3121\" data-permalink=\"https:\/\/www.ibardin.net\/es\/informacion-turistica\/rotulo_info_2\/\" data-orig-file=\"https:\/\/i0.wp.com\/www.ibardin.net\/wp-content\/uploads\/2023\/06\/Rotulo_INFO_2.jpg?fit=1000%2C662&amp;ssl=1\" data-orig-size=\"1000,662\" data-comments-opened=\"1\" data-image-meta=\"{&quot;aperture&quot;:&quot;0&quot;,&quot;credit&quot;:&quot;&quot;,&quot;camera&quot;:&quot;&quot;,&quot;caption&quot;:&quot;&quot;,&quot;created_timestamp&quot;:&quot;0&quot;,&quot;copyright&quot;:&quot;&quot;,&quot;focal_length&quot;:&quot;0&quot;,&quot;iso&quot;:&quot;0&quot;,&quot;shutter_speed&quot;:&quot;0&quot;,&quot;title&quot;:&quot;&quot;,&quot;orientation&quot;:&quot;0&quot;}\" data-image-title=\"Rotulo_INFO_2\" data-image-description=\"\" data-image-caption=\"\" data-medium-file=\"https:\/\/i0.wp.com\/www.ibardin.net\/wp-content\/uploads\/2023\/06\/Rotulo_INFO_2.jpg?fit=300%2C199&amp;ssl=1\" data-large-file=\"https:\/\/i0.wp.com\/www.ibardin.net\/wp-content\/uploads\/2023\/06\/Rotulo_INFO_2.jpg?fit=640%2C424&amp;ssl=1\" decoding=\"async\" loading=\"lazy\" class=\"wp-image-3121 size-full aligncenter\" src=\"https:\/\/i0.wp.com\/www.ibardin.net\/wp-content\/uploads\/2023\/06\/Rotulo_INFO_2.jpg?resize=640%2C424&#038;ssl=1\" alt=\"\" width=\"640\" height=\"424\" srcset=\"https:\/\/i0.wp.com\/www.ibardin.net\/wp-content\/uploads\/2023\/06\/Rotulo_INFO_2.jpg?w=1000&amp;ssl=1 1000w, https:\/\/i0.wp.com\/www.ibardin.net\/wp-content\/uploads\/2023\/06\/Rotulo_INFO_2.jpg?resize=300%2C199&amp;ssl=1 300w, https:\/\/i0.wp.com\/www.ibardin.net\/wp-content\/uploads\/2023\/06\/Rotulo_INFO_2.jpg?resize=768%2C508&amp;ssl=1 768w\" sizes=\"(max-width: 640px) 100vw, 640px\" data-recalc-dims=\"1\" \/><\/span><\/a><\/p>\n<p><strong>Descubre Ibardin<\/strong><\/p>\n<p>En la entrada a la zona comercial de frontera de Ibardin, encontraremos el Punto de Informaci\u00f3n Tur\u00edstica, gestionado por los Ayuntamientos de Bera y Urru\u00f1a, que ofrece toda la informaci\u00f3n tur\u00edstica de los servicios y atractivos naturales de Ibardin (servicios, paseos pedestres y recorridos de monta\u00f1a), as\u00ed como relativa a los municipios de Bera y Urru\u00f1a, para un mayor disfrute de un espacio de comercio en la Monta\u00f1a de la Costa Vasca.<\/p>\n<p>El collado de Ibardin, de una riqueza natural y paisaj\u00edstica \u00fanica, est\u00e1 situado en el nacimiento monta\u00f1oso del Pirineo Occidental, en uno de los primeros altos que encontramos si seguimos desde la l\u00ednea fronteriza del Bidasoa.<br \/>\nSi bien las aduanas formaban parte de este alto hasta 1993, las relaciones sociales, culturales, y comerciales entre ambos lados del collado forman parte de una historia muy anterior.<br \/>\nEn 1956 se construy\u00f3 el primero de los edificios que conforman la realidad actual del lugar. Os invitamos a conocer su historia, sus paisajes, sus paseos y sus inmejorables vistas.","protected":false},"excerpt":{"rendered":"<p>Descubre Ibardin En la entrada a la zona comercial de frontera de Ibardin, encontraremos el Punto de Informaci\u00f3n Tur\u00edstica, gestionado por los Ayuntamientos de Bera y Urru\u00f1a, que ofrece toda la informaci\u00f3n tur\u00edstica de los servicios y atractivos naturales de Ibardin (servicios, paseos pedestres y recorridos de monta\u00f1a), as\u00ed como relativa a los municipios de Bera y Urru\u00f1a, para un mayor disfrute de un&#8230; <a class=\"read-more\" href=\"https:\/\/www.ibardin.net\/es\/informacion-turistica\/\">Read More<\/a><\/p>\n","protected":false},"author":1,"featured_media":0,"parent":0,"menu_order":0,"comment_status":"closed","ping_status":"closed","template":"template-full.php","meta":{"ngg_post_thumbnail":0,"jetpack_post_was_ever_published":false},"aioseo_notices":[],"jetpack_sharing_enabled":true,"jetpack_shortlink":"https:\/\/wp.me\/P6tRZc-6","jetpack-related-posts":[],"_links":{"self":[{"href":"https:\/\/www.ibardin.net\/es\/wp-json\/wp\/v2\/pages\/6"}],"collection":[{"href":"https:\/\/www.ibardin.net\/es\/wp-json\/wp\/v2\/pages"}],"about":[{"href":"https:\/\/www.ibardin.net\/es\/wp-json\/wp\/v2\/types\/page"}],"author":[{"embeddable":true,"href":"https:\/\/www.ibardin.net\/es\/wp-json\/wp\/v2\/users\/1"}],"replies":[{"embeddable":true,"href":"https:\/\/www.ibardin.net\/es\/wp-json\/wp\/v2\/comments?post=6"}],"version-history":[{"count":14,"href":"https:\/\/www.ibardin.net\/es\/wp-json\/wp\/v2\/pages\/6\/revisions"}],"predecessor-version":[{"id":3134,"href":"https:\/\/www.ibardin.net\/es\/wp-json\/wp\/v2\/pages\/6\/revisions\/3134"}],"wp:attachment":[{"href":"https:\/\/www.ibardin.net\/es\/wp-json\/wp\/v2\/media?parent=6"}],"curies":[{"name":"wp","href":"https:\/\/api.w.org\/{rel}","templated":true}]}}