{"id":333,"date":"2015-07-30T11:16:24","date_gmt":"2015-07-30T11:16:24","guid":{"rendered":"http:\/\/www.ibardin.net\/?page_id=333"},"modified":"2015-10-14T09:36:34","modified_gmt":"2015-10-14T09:36:34","slug":"venta-biok","status":"publish","type":"page","link":"https:\/\/www.ibardin.net\/eu\/venta-biok\/","title":{"rendered":"Venta Biok"},"content":{"rendered":"<div class=\"organic-column two-third\">\nNuestro edificio BIOK n\u00ba28 dispone de tres plantas. Bar-Restaurante, Supermercado-cafeter\u00eda y Marroquiner\u00eda respectivamente.Contamos con un personal profesional y especializado que les atender\u00e1n de forma amable y cordial.<\/p>\n<h5>A destacar:<\/h5>\n<ul>\n<li>CARNICERIA: En la carnicer\u00eda encontrar\u00e1 las mejores carnes, jamones y charcuter\u00eda, todos productos de primera calidad seleccionados por nuestros profesionales.<\/li>\n<li>FRUTERIA: La fruter\u00eda cuenta con la mayor y m\u00e1s completa selecci\u00f3n de fruta fresca y los precios m\u00e1s competitivos del mercado.<\/li>\n<li>VINOS Y LICORES: En nuestra secci\u00f3n de bebidas disponemos de una amplia gama de productos al mejor precio.<\/li>\n<\/ul>\n<h5>D\u00f3nde estamos:<\/h5>\n<p>Alto de Ibardin &#8211; 31780 Bera\/Vera de Bidasoa (Navarra) &#8211; <a href=\"mailto:ventabiok@ibardin.info\" target=\"_blank\">ventabiok@ibardin.info<\/a><br \/>\nTel: 0034 948 630 707<br \/>\nFax: 0034 948 631 111<\/p>\n<\/div>\n<div class=\"organic-column one-third last\">\n<span class=\"image-container alignright wp-image-128 size-full\"><img data-attachment-id=\"128\" data-permalink=\"https:\/\/www.ibardin.net\/eu\/22-biok_ext\/\" data-orig-file=\"https:\/\/i0.wp.com\/www.ibardin.net\/wp-content\/uploads\/2015\/07\/22-Biok_EXT.jpg?fit=388%2C258&amp;ssl=1\" data-orig-size=\"388,258\" data-comments-opened=\"1\" data-image-meta=\"{&quot;aperture&quot;:&quot;0&quot;,&quot;credit&quot;:&quot;&quot;,&quot;camera&quot;:&quot;&quot;,&quot;caption&quot;:&quot;&quot;,&quot;created_timestamp&quot;:&quot;0&quot;,&quot;copyright&quot;:&quot;&quot;,&quot;focal_length&quot;:&quot;0&quot;,&quot;iso&quot;:&quot;0&quot;,&quot;shutter_speed&quot;:&quot;0&quot;,&quot;title&quot;:&quot;&quot;,&quot;orientation&quot;:&quot;0&quot;}\" data-image-title=\"22-Biok_EXT\" data-image-description=\"\" data-image-caption=\"\" data-medium-file=\"https:\/\/i0.wp.com\/www.ibardin.net\/wp-content\/uploads\/2015\/07\/22-Biok_EXT.jpg?fit=300%2C199&amp;ssl=1\" data-large-file=\"https:\/\/i0.wp.com\/www.ibardin.net\/wp-content\/uploads\/2015\/07\/22-Biok_EXT.jpg?fit=388%2C258&amp;ssl=1\" decoding=\"async\" loading=\"lazy\" class=\"alignright wp-image-128 size-full\" src=\"https:\/\/i0.wp.com\/www.ibardin.net\/wp-content\/uploads\/2015\/07\/22-Biok_EXT.jpg?resize=388%2C258\" alt=\"\" width=\"388\" height=\"258\" srcset=\"https:\/\/i0.wp.com\/www.ibardin.net\/wp-content\/uploads\/2015\/07\/22-Biok_EXT.jpg?w=388&amp;ssl=1 388w, https:\/\/i0.wp.com\/www.ibardin.net\/wp-content\/uploads\/2015\/07\/22-Biok_EXT.jpg?resize=300%2C199&amp;ssl=1 300w\" sizes=\"(max-width: 388px) 100vw, 388px\" data-recalc-dims=\"1\" \/><\/span><br \/>\n<span class=\"image-container alignright wp-image-364 size-full\"><img data-attachment-id=\"364\" data-permalink=\"https:\/\/www.ibardin.net\/eu\/22-biok_int01\/\" data-orig-file=\"https:\/\/i0.wp.com\/www.ibardin.net\/wp-content\/uploads\/2015\/07\/22-Biok_INT01.jpg?fit=388%2C258&amp;ssl=1\" data-orig-size=\"388,258\" data-comments-opened=\"1\" data-image-meta=\"{&quot;aperture&quot;:&quot;0&quot;,&quot;credit&quot;:&quot;&quot;,&quot;camera&quot;:&quot;&quot;,&quot;caption&quot;:&quot;&quot;,&quot;created_timestamp&quot;:&quot;0&quot;,&quot;copyright&quot;:&quot;&quot;,&quot;focal_length&quot;:&quot;0&quot;,&quot;iso&quot;:&quot;0&quot;,&quot;shutter_speed&quot;:&quot;0&quot;,&quot;title&quot;:&quot;&quot;,&quot;orientation&quot;:&quot;0&quot;}\" data-image-title=\"22-Biok_INT01\" data-image-description=\"\" data-image-caption=\"\" data-medium-file=\"https:\/\/i0.wp.com\/www.ibardin.net\/wp-content\/uploads\/2015\/07\/22-Biok_INT01.jpg?fit=300%2C199&amp;ssl=1\" data-large-file=\"https:\/\/i0.wp.com\/www.ibardin.net\/wp-content\/uploads\/2015\/07\/22-Biok_INT01.jpg?fit=388%2C258&amp;ssl=1\" decoding=\"async\" loading=\"lazy\" class=\"alignright wp-image-364 size-full\" src=\"https:\/\/i0.wp.com\/www.ibardin.net\/wp-content\/uploads\/2015\/07\/22-Biok_INT01.jpg?resize=388%2C258\" alt=\"\" width=\"388\" height=\"258\" srcset=\"https:\/\/i0.wp.com\/www.ibardin.net\/wp-content\/uploads\/2015\/07\/22-Biok_INT01.jpg?w=388&amp;ssl=1 388w, https:\/\/i0.wp.com\/www.ibardin.net\/wp-content\/uploads\/2015\/07\/22-Biok_INT01.jpg?resize=300%2C199&amp;ssl=1 300w\" sizes=\"(max-width: 388px) 100vw, 388px\" data-recalc-dims=\"1\" \/><\/span><\/p>\n<\/div><div class=\"clearboth\"><\/div>\n<iframe loading=\"lazy\" src=\"https:\/\/www.google.com\/maps\/d\/embed?mid=z7xB_XP4oQ8A.kfX57YRtT7ac&#038;z=18\" width=\"100%\" height=\"480\"><\/iframe>","protected":false},"excerpt":{"rendered":"","protected":false},"author":1,"featured_media":0,"parent":0,"menu_order":0,"comment_status":"closed","ping_status":"closed","template":"template-full.php","meta":{"ngg_post_thumbnail":0,"jetpack_post_was_ever_published":false},"aioseo_notices":[],"jetpack_sharing_enabled":false,"jetpack_shortlink":"https:\/\/wp.me\/P6tRZc-5n","jetpack-related-posts":[],"_links":{"self":[{"href":"https:\/\/www.ibardin.net\/eu\/wp-json\/wp\/v2\/pages\/333"}],"collection":[{"href":"https:\/\/www.ibardin.net\/eu\/wp-json\/wp\/v2\/pages"}],"about":[{"href":"https:\/\/www.ibardin.net\/eu\/wp-json\/wp\/v2\/types\/page"}],"author":[{"embeddable":true,"href":"https:\/\/www.ibardin.net\/eu\/wp-json\/wp\/v2\/users\/1"}],"replies":[{"embeddable":true,"href":"https:\/\/www.ibardin.net\/eu\/wp-json\/wp\/v2\/comments?post=333"}],"version-history":[{"count":6,"href":"https:\/\/www.ibardin.net\/eu\/wp-json\/wp\/v2\/pages\/333\/revisions"}],"predecessor-version":[{"id":1021,"href":"https:\/\/www.ibardin.net\/eu\/wp-json\/wp\/v2\/pages\/333\/revisions\/1021"}],"wp:attachment":[{"href":"https:\/\/www.ibardin.net\/eu\/wp-json\/wp\/v2\/media?parent=333"}],"curies":[{"name":"wp","href":"https:\/\/api.w.org\/{rel}","templated":true}]}}