{"id":335,"date":"2015-07-30T11:17:03","date_gmt":"2015-07-30T11:17:03","guid":{"rendered":"http:\/\/www.ibardin.net\/?page_id=335"},"modified":"2015-08-03T10:21:10","modified_gmt":"2015-08-03T10:21:10","slug":"venta-beola-etxea","status":"publish","type":"page","link":"https:\/\/www.ibardin.net\/eu\/venta-beola-etxea\/","title":{"rendered":"Venta Beola Etxea"},"content":{"rendered":"<div class=\"organic-column two-third\">\n<p>Bienvenido\/a a la Venta Beola Etxea, establecimiento comercial inaugurado en 1982 y recientemente remodelado, que ofrece al visitante lo \u00faltimo en moda y complementos, regalos, souvenirs, boutique, supermercado, cafeter\u00eda y restaurante.<\/p>\n<p>Se encuentra ubicado en el complejo comercial del alto de Ibardin (Bera \u2013 Navarra), un enclave natural y paisaj\u00edstico de gran belleza situado muy cerca de la l\u00ednea de costa, junto a la muga francesa.<\/p>\n<p>La distribuci\u00f3n del establecimiento es la siguiente:<\/p>\n<ul>\n<li>Planta inferior: Tienda souvenirs.<\/li>\n<li>Planta baja: supermercado y cafeter\u00eda.<\/li>\n<li>Primera planta: boutique, perfumer\u00eda y restaurante.<\/li>\n<\/ul>\n<h5>Qu\u00e9 ofrecemos:<\/h5>\n<ul>\n<li>Carnicer\u00eda, charcuter\u00eda y fruter\u00eda<\/li>\n<li>Alimentaci\u00f3n<\/li>\n<li>Bebidas y licores<\/li>\n<li>Tabaco<\/li>\n<li>Droguer\u00eda<\/li>\n<li>Bisuter\u00eda<\/li>\n<li>Marroquiner\u00eda<\/li>\n<li>Menaje<\/li>\n<li>Cuchiller\u00eda<\/li>\n<li>Calzado<\/li>\n<\/ul>\n<h5>Contacto:<\/h5>\n<h5>D\u00f3nde estamos:<\/h5>\n<p>Alto de Ibardin &#8211; 31780 Bera\/Vera de Bidasoa (Navarra) &#8211; <a href=\"mailto:beolaetxea@gmail.com\" target=\"_blank\">beolaetxea@gmail.com<\/a><br \/>\nTel: 0034 948 630 709<\/p>\n<\/div>\n<div class=\"organic-column one-third last\">\n<span class=\"image-container alignright wp-image-127 size-full\"><img data-attachment-id=\"127\" data-permalink=\"https:\/\/www.ibardin.net\/eu\/venta-beola-etxea\/26-beola_ext\/\" data-orig-file=\"https:\/\/i0.wp.com\/www.ibardin.net\/wp-content\/uploads\/2015\/07\/26-Beola_EXT.jpg?fit=388%2C258&amp;ssl=1\" data-orig-size=\"388,258\" data-comments-opened=\"1\" data-image-meta=\"{&quot;aperture&quot;:&quot;0&quot;,&quot;credit&quot;:&quot;&quot;,&quot;camera&quot;:&quot;&quot;,&quot;caption&quot;:&quot;&quot;,&quot;created_timestamp&quot;:&quot;0&quot;,&quot;copyright&quot;:&quot;&quot;,&quot;focal_length&quot;:&quot;0&quot;,&quot;iso&quot;:&quot;0&quot;,&quot;shutter_speed&quot;:&quot;0&quot;,&quot;title&quot;:&quot;&quot;,&quot;orientation&quot;:&quot;0&quot;}\" data-image-title=\"26-Beola_EXT\" data-image-description=\"\" data-image-caption=\"\" data-medium-file=\"https:\/\/i0.wp.com\/www.ibardin.net\/wp-content\/uploads\/2015\/07\/26-Beola_EXT.jpg?fit=300%2C199&amp;ssl=1\" data-large-file=\"https:\/\/i0.wp.com\/www.ibardin.net\/wp-content\/uploads\/2015\/07\/26-Beola_EXT.jpg?fit=388%2C258&amp;ssl=1\" decoding=\"async\" loading=\"lazy\" class=\"alignright wp-image-127 size-full\" src=\"https:\/\/i0.wp.com\/www.ibardin.net\/wp-content\/uploads\/2015\/07\/26-Beola_EXT.jpg?resize=388%2C258\" alt=\"\" width=\"388\" height=\"258\" srcset=\"https:\/\/i0.wp.com\/www.ibardin.net\/wp-content\/uploads\/2015\/07\/26-Beola_EXT.jpg?w=388&amp;ssl=1 388w, https:\/\/i0.wp.com\/www.ibardin.net\/wp-content\/uploads\/2015\/07\/26-Beola_EXT.jpg?resize=300%2C199&amp;ssl=1 300w\" sizes=\"(max-width: 388px) 100vw, 388px\" data-recalc-dims=\"1\" \/><\/span><br \/>\n<span class=\"image-container alignright wp-image-367 size-full\"><img data-attachment-id=\"367\" data-permalink=\"https:\/\/www.ibardin.net\/eu\/26-beola_int01\/\" data-orig-file=\"https:\/\/i0.wp.com\/www.ibardin.net\/wp-content\/uploads\/2015\/07\/26-Beola_INT01.jpg?fit=388%2C258&amp;ssl=1\" data-orig-size=\"388,258\" data-comments-opened=\"1\" data-image-meta=\"{&quot;aperture&quot;:&quot;0&quot;,&quot;credit&quot;:&quot;&quot;,&quot;camera&quot;:&quot;&quot;,&quot;caption&quot;:&quot;&quot;,&quot;created_timestamp&quot;:&quot;0&quot;,&quot;copyright&quot;:&quot;&quot;,&quot;focal_length&quot;:&quot;0&quot;,&quot;iso&quot;:&quot;0&quot;,&quot;shutter_speed&quot;:&quot;0&quot;,&quot;title&quot;:&quot;&quot;,&quot;orientation&quot;:&quot;0&quot;}\" data-image-title=\"26-Beola_INT01\" data-image-description=\"\" data-image-caption=\"\" data-medium-file=\"https:\/\/i0.wp.com\/www.ibardin.net\/wp-content\/uploads\/2015\/07\/26-Beola_INT01.jpg?fit=300%2C199&amp;ssl=1\" data-large-file=\"https:\/\/i0.wp.com\/www.ibardin.net\/wp-content\/uploads\/2015\/07\/26-Beola_INT01.jpg?fit=388%2C258&amp;ssl=1\" decoding=\"async\" loading=\"lazy\" class=\"alignright wp-image-367 size-full\" src=\"https:\/\/i0.wp.com\/www.ibardin.net\/wp-content\/uploads\/2015\/07\/26-Beola_INT01.jpg?resize=388%2C258\" alt=\"\" width=\"388\" height=\"258\" srcset=\"https:\/\/i0.wp.com\/www.ibardin.net\/wp-content\/uploads\/2015\/07\/26-Beola_INT01.jpg?w=388&amp;ssl=1 388w, https:\/\/i0.wp.com\/www.ibardin.net\/wp-content\/uploads\/2015\/07\/26-Beola_INT01.jpg?resize=300%2C199&amp;ssl=1 300w\" sizes=\"(max-width: 388px) 100vw, 388px\" data-recalc-dims=\"1\" \/><\/span><\/p>\n<\/div><div class=\"clearboth\"><\/div>\n<iframe loading=\"lazy\" src=\"https:\/\/www.google.com\/maps\/d\/embed?mid=z7xB_XP4oQ8A.kx4hozU96aBg&amp;z=18\" width=\"100%\" height=\"480\"><\/iframe><\/p>\n","protected":false},"excerpt":{"rendered":"","protected":false},"author":1,"featured_media":0,"parent":0,"menu_order":0,"comment_status":"closed","ping_status":"closed","template":"template-full.php","meta":{"ngg_post_thumbnail":0,"jetpack_post_was_ever_published":false},"aioseo_notices":[],"jetpack_sharing_enabled":false,"jetpack_shortlink":"https:\/\/wp.me\/P6tRZc-5p","jetpack-related-posts":[],"_links":{"self":[{"href":"https:\/\/www.ibardin.net\/eu\/wp-json\/wp\/v2\/pages\/335"}],"collection":[{"href":"https:\/\/www.ibardin.net\/eu\/wp-json\/wp\/v2\/pages"}],"about":[{"href":"https:\/\/www.ibardin.net\/eu\/wp-json\/wp\/v2\/types\/page"}],"author":[{"embeddable":true,"href":"https:\/\/www.ibardin.net\/eu\/wp-json\/wp\/v2\/users\/1"}],"replies":[{"embeddable":true,"href":"https:\/\/www.ibardin.net\/eu\/wp-json\/wp\/v2\/comments?post=335"}],"version-history":[{"count":5,"href":"https:\/\/www.ibardin.net\/eu\/wp-json\/wp\/v2\/pages\/335\/revisions"}],"predecessor-version":[{"id":462,"href":"https:\/\/www.ibardin.net\/eu\/wp-json\/wp\/v2\/pages\/335\/revisions\/462"}],"wp:attachment":[{"href":"https:\/\/www.ibardin.net\/eu\/wp-json\/wp\/v2\/media?parent=335"}],"curies":[{"name":"wp","href":"https:\/\/api.w.org\/{rel}","templated":true}]}}