{"id":958,"date":"2015-09-09T15:06:41","date_gmt":"2015-09-09T15:06:41","guid":{"rendered":"http:\/\/www.ibardin.net\/?page_id=958"},"modified":"2015-10-14T09:34:59","modified_gmt":"2015-10-14T09:34:59","slug":"nuevo-edificio-biok","status":"publish","type":"page","link":"https:\/\/www.ibardin.net\/eu\/nuevo-edificio-biok\/","title":{"rendered":"Nuevo edificio Biok"},"content":{"rendered":"<div class=\"organic-column two-third\">\nNuevo edificio construido durante los a\u00f1os 2014 y 2015 que abri\u00f3 sus puertas en Abril de 2015 con el nombre de BIOK n\u00ba37.<br \/>\nEl antiguo nombre MIRENTXU solo se conserva para el restaurante.<\/p>\n<p>Este nuevo edificio cuenta con cuatro plantas:<\/p>\n<ul>\n<li>Planta -1: Bebidas<\/li>\n<li>Planta 0: Alimentaci\u00f3n y cafeter\u00eda<\/li>\n<li>Planta 1: Marroquiner\u00eda<\/li>\n<li>Planta 2: Restaurante MIRENTXU<\/li>\n<\/ul>\n<h5>A destacar:<\/h5>\n<p>VINOS Y LICORES: En nuestra secci\u00f3n de bebidas encontrara todo lo que busca, ya que dispone de 300m dedicados exclusivamente a las bebidas y con los precios m\u00e1s competitivos del mercado.<\/p>\n<p>RESTAURANTE: Nuestro restaurante MIRENTXU situado en la planta m\u00e1s alta del edificio cuenta con una panor\u00e1mica espectacular tanto para el lado franc\u00e9s como para el espa\u00f1ol.<\/p>\n<h5>D\u00f3nde estamos:<\/h5>\n<p>Alto de Ibardin &#8211; 31780 Bera\/Vera de Bidasoa (Navarra) &#8211; <a href=\"mailto:ventabiok@ibardin.info\" target=\"_blank\">ventabiok@ibardin.info<\/a><br \/>\nTel: 0034 948 630 717<br \/>\nFax: 0034 948 631 111<\/p>\n<\/div>\n<div class=\"organic-column one-third last\">\n<span class=\"image-container alignright wp-image-1004 size-full\"><img data-attachment-id=\"1004\" data-permalink=\"https:\/\/www.ibardin.net\/eu\/nuevo-edificio-biok\/sin-titulo-2\/\" data-orig-file=\"https:\/\/i0.wp.com\/www.ibardin.net\/wp-content\/uploads\/2015\/09\/Sin-t\u00edtulo-2.jpg?fit=338%2C258&amp;ssl=1\" data-orig-size=\"338,258\" data-comments-opened=\"1\" data-image-meta=\"{&quot;aperture&quot;:&quot;0&quot;,&quot;credit&quot;:&quot;&quot;,&quot;camera&quot;:&quot;&quot;,&quot;caption&quot;:&quot;&quot;,&quot;created_timestamp&quot;:&quot;0&quot;,&quot;copyright&quot;:&quot;&quot;,&quot;focal_length&quot;:&quot;0&quot;,&quot;iso&quot;:&quot;0&quot;,&quot;shutter_speed&quot;:&quot;0&quot;,&quot;title&quot;:&quot;&quot;,&quot;orientation&quot;:&quot;0&quot;}\" data-image-title=\"Sin t\u00edtulo-2\" data-image-description=\"\" data-image-caption=\"\" data-medium-file=\"https:\/\/i0.wp.com\/www.ibardin.net\/wp-content\/uploads\/2015\/09\/Sin-t\u00edtulo-2.jpg?fit=300%2C229&amp;ssl=1\" data-large-file=\"https:\/\/i0.wp.com\/www.ibardin.net\/wp-content\/uploads\/2015\/09\/Sin-t\u00edtulo-2.jpg?fit=338%2C258&amp;ssl=1\" decoding=\"async\" loading=\"lazy\" class=\"alignright wp-image-1004 size-full\" src=\"https:\/\/i0.wp.com\/www.ibardin.net\/wp-content\/uploads\/2015\/09\/Sin-t\u00edtulo-2.jpg?resize=338%2C258\" alt=\"\" width=\"338\" height=\"258\" srcset=\"https:\/\/i0.wp.com\/www.ibardin.net\/wp-content\/uploads\/2015\/09\/Sin-t\u00edtulo-2.jpg?w=338&amp;ssl=1 338w, https:\/\/i0.wp.com\/www.ibardin.net\/wp-content\/uploads\/2015\/09\/Sin-t\u00edtulo-2.jpg?resize=300%2C229&amp;ssl=1 300w\" sizes=\"(max-width: 338px) 100vw, 338px\" data-recalc-dims=\"1\" \/><\/span><br \/>\n<span class=\"image-container alignright wp-image-1005 size-full\"><img data-attachment-id=\"1005\" data-permalink=\"https:\/\/www.ibardin.net\/eu\/nuevo-edificio-biok\/attachment\/3\/\" data-orig-file=\"https:\/\/i0.wp.com\/www.ibardin.net\/wp-content\/uploads\/2015\/09\/3.jpg?fit=338%2C258&amp;ssl=1\" data-orig-size=\"338,258\" data-comments-opened=\"1\" data-image-meta=\"{&quot;aperture&quot;:&quot;0&quot;,&quot;credit&quot;:&quot;&quot;,&quot;camera&quot;:&quot;&quot;,&quot;caption&quot;:&quot;&quot;,&quot;created_timestamp&quot;:&quot;0&quot;,&quot;copyright&quot;:&quot;&quot;,&quot;focal_length&quot;:&quot;0&quot;,&quot;iso&quot;:&quot;0&quot;,&quot;shutter_speed&quot;:&quot;0&quot;,&quot;title&quot;:&quot;&quot;,&quot;orientation&quot;:&quot;0&quot;}\" data-image-title=\"3\" data-image-description=\"\" data-image-caption=\"\" data-medium-file=\"https:\/\/i0.wp.com\/www.ibardin.net\/wp-content\/uploads\/2015\/09\/3.jpg?fit=300%2C229&amp;ssl=1\" data-large-file=\"https:\/\/i0.wp.com\/www.ibardin.net\/wp-content\/uploads\/2015\/09\/3.jpg?fit=338%2C258&amp;ssl=1\" decoding=\"async\" loading=\"lazy\" class=\"alignright wp-image-1005 size-full\" src=\"https:\/\/i0.wp.com\/www.ibardin.net\/wp-content\/uploads\/2015\/09\/3.jpg?resize=338%2C258\" alt=\"\" width=\"338\" height=\"258\" srcset=\"https:\/\/i0.wp.com\/www.ibardin.net\/wp-content\/uploads\/2015\/09\/3.jpg?w=338&amp;ssl=1 338w, https:\/\/i0.wp.com\/www.ibardin.net\/wp-content\/uploads\/2015\/09\/3.jpg?resize=300%2C229&amp;ssl=1 300w\" sizes=\"(max-width: 338px) 100vw, 338px\" data-recalc-dims=\"1\" \/><\/span><\/p>\n<\/div><div class=\"clearboth\"><\/div>\n<iframe loading=\"lazy\" src=\"https:\/\/www.google.com\/maps\/d\/embed?mid=z7xB_XP4oQ8A.kkFynPqSsJUY&#038;z=18\" width=\"100%\" height=\"480\"><\/iframe>","protected":false},"excerpt":{"rendered":"","protected":false},"author":1,"featured_media":0,"parent":0,"menu_order":0,"comment_status":"closed","ping_status":"closed","template":"template-full.php","meta":{"ngg_post_thumbnail":0,"jetpack_post_was_ever_published":false},"aioseo_notices":[],"jetpack_sharing_enabled":false,"jetpack_shortlink":"https:\/\/wp.me\/P6tRZc-fs","jetpack-related-posts":[],"_links":{"self":[{"href":"https:\/\/www.ibardin.net\/eu\/wp-json\/wp\/v2\/pages\/958"}],"collection":[{"href":"https:\/\/www.ibardin.net\/eu\/wp-json\/wp\/v2\/pages"}],"about":[{"href":"https:\/\/www.ibardin.net\/eu\/wp-json\/wp\/v2\/types\/page"}],"author":[{"embeddable":true,"href":"https:\/\/www.ibardin.net\/eu\/wp-json\/wp\/v2\/users\/1"}],"replies":[{"embeddable":true,"href":"https:\/\/www.ibardin.net\/eu\/wp-json\/wp\/v2\/comments?post=958"}],"version-history":[{"count":5,"href":"https:\/\/www.ibardin.net\/eu\/wp-json\/wp\/v2\/pages\/958\/revisions"}],"predecessor-version":[{"id":1019,"href":"https:\/\/www.ibardin.net\/eu\/wp-json\/wp\/v2\/pages\/958\/revisions\/1019"}],"wp:attachment":[{"href":"https:\/\/www.ibardin.net\/eu\/wp-json\/wp\/v2\/media?parent=958"}],"curies":[{"name":"wp","href":"https:\/\/api.w.org\/{rel}","templated":true}]}}