{"id":962,"date":"2015-09-10T09:11:49","date_gmt":"2015-09-10T09:11:49","guid":{"rendered":"http:\/\/www.ibardin.net\/?page_id=962"},"modified":"2015-09-10T14:49:52","modified_gmt":"2015-09-10T14:49:52","slug":"perfumeria-idoia-telletxea","status":"publish","type":"page","link":"https:\/\/www.ibardin.net\/eu\/perfumeria-idoia-telletxea\/","title":{"rendered":"Perfumeria Idoia (Telletxea)"},"content":{"rendered":"<div class=\"organic-column two-third\">\nEsta fue la primera perfumer\u00eda que abri\u00f3 la cadena de PERFUMERIAS IDOIA situada en el antiguo edificio de Venta Telletxea. <\/p>\n<p>Aqu\u00ed encontrara las marcas y productos m\u00e1s de moda que existen en el mercado y al mejor precio.<\/p>\n<p>Tambi\u00e9n disponemos de un personal profesional y especializado que les atender\u00e1n de forma amable y cordial.<\/p>\n<p><!--\n\n<h5>Qu\u00e9 ofrecemos:<\/h5>\n\n\nEn nuestra boutique encontrar\u00e1 una perfumer\u00eda con las mejores y m\u00e1s exclusivas marcas.\n\n\n<ul>\n\n\n<li>Marroquiner\u00eda femenina de alta calidad (piel de serpiente, etc.), zapatos, guantes, pa\u00f1uelos de seda, cuellos de piel de diferentes animales, vis\u00f3n, conejo, al igual que marroquiner\u00eda masculina.<\/li>\n\n\n\n\n<li>En regalos existe la m\u00e1s diversa variedad de g\u00e9nero para toda ocasi\u00f3n.<\/li>\n\n\n\n\n<li>En la joyer\u00eda los dise\u00f1os m\u00e1s exclusivos de joyas para todos los gustos y presupuestos.<\/li>\n\n\n\n\n<li>A resaltar, nuestra secci\u00f3n de viajeros en la cual encontrar\u00e1 las m\u00e1s diversas maletas de ruedas, neceseres y una gran cantidad de componentes para su viaje.<\/li>\n\n\n\n\n<li>Tambi\u00e9n tenemos una secci\u00f3n dedicada al \"despertar de los sentidos\" para los ni\u00f1os desde su m\u00e1s temprana edad, hasta los seis a\u00f1os, en ella encontrar\u00e1 todo lo necesario para estimular su crecimiento.<\/li>\n\n\n<\/ul>\n\n--><\/p>\n<h5>D\u00f3nde estamos:<\/h5>\n<p>Alto de Ibardin &#8211; 31780 Bera\/Vera de Bidasoa (Navarra) &#8211; <a href=\"mailto:info@perfumeriasidoia.com\" target=\"_blank\">info@perfumeriasidoia.com<\/a><br \/>\nTel: 0034 948 630 558<br \/>\nFax: 0034 948 630 706<\/p>\n<\/div>\n<div class=\"organic-column one-third last\">\n<span class=\"image-container alignright wp-image-129 size-full\"><img data-attachment-id=\"129\" data-permalink=\"https:\/\/www.ibardin.net\/eu\/9-v_biokboutique\/\" data-orig-file=\"https:\/\/i0.wp.com\/www.ibardin.net\/wp-content\/uploads\/2015\/07\/9-V_Biokboutique.jpg?fit=388%2C258&amp;ssl=1\" data-orig-size=\"388,258\" data-comments-opened=\"1\" data-image-meta=\"{&quot;aperture&quot;:&quot;8&quot;,&quot;credit&quot;:&quot;&quot;,&quot;camera&quot;:&quot;NIKON D2X&quot;,&quot;caption&quot;:&quot;&quot;,&quot;created_timestamp&quot;:&quot;0&quot;,&quot;copyright&quot;:&quot;&quot;,&quot;focal_length&quot;:&quot;23&quot;,&quot;iso&quot;:&quot;100&quot;,&quot;shutter_speed&quot;:&quot;0&quot;,&quot;title&quot;:&quot;&quot;,&quot;orientation&quot;:&quot;1&quot;}\" data-image-title=\"9-V_Biokboutique\" data-image-description=\"\" data-image-caption=\"\" data-medium-file=\"https:\/\/i0.wp.com\/www.ibardin.net\/wp-content\/uploads\/2015\/07\/9-V_Biokboutique.jpg?fit=300%2C199&amp;ssl=1\" data-large-file=\"https:\/\/i0.wp.com\/www.ibardin.net\/wp-content\/uploads\/2015\/07\/9-V_Biokboutique.jpg?fit=388%2C258&amp;ssl=1\" decoding=\"async\" loading=\"lazy\" class=\"alignright wp-image-129 size-full\" src=\"https:\/\/i0.wp.com\/www.ibardin.net\/wp-content\/uploads\/2015\/07\/9-V_Biokboutique.jpg?resize=388%2C258\" alt=\"\" width=\"388\" height=\"258\" srcset=\"https:\/\/i0.wp.com\/www.ibardin.net\/wp-content\/uploads\/2015\/07\/9-V_Biokboutique.jpg?w=388&amp;ssl=1 388w, https:\/\/i0.wp.com\/www.ibardin.net\/wp-content\/uploads\/2015\/07\/9-V_Biokboutique.jpg?resize=300%2C199&amp;ssl=1 300w\" sizes=\"(max-width: 388px) 100vw, 388px\" data-recalc-dims=\"1\" \/><\/span><br \/>\n<span class=\"image-container alignright wp-image-359 size-full\"><img data-attachment-id=\"359\" data-permalink=\"https:\/\/www.ibardin.net\/eu\/9-v_biokboutique_1\/\" data-orig-file=\"https:\/\/i0.wp.com\/www.ibardin.net\/wp-content\/uploads\/2015\/07\/9-V_Biokboutique_1.jpg?fit=388%2C258&amp;ssl=1\" data-orig-size=\"388,258\" data-comments-opened=\"1\" data-image-meta=\"{&quot;aperture&quot;:&quot;11&quot;,&quot;credit&quot;:&quot;&quot;,&quot;camera&quot;:&quot;NIKON D2X&quot;,&quot;caption&quot;:&quot;&quot;,&quot;created_timestamp&quot;:&quot;0&quot;,&quot;copyright&quot;:&quot;&quot;,&quot;focal_length&quot;:&quot;16&quot;,&quot;iso&quot;:&quot;100&quot;,&quot;shutter_speed&quot;:&quot;0.01&quot;,&quot;title&quot;:&quot;&quot;,&quot;orientation&quot;:&quot;1&quot;}\" data-image-title=\"9-V_Biokboutique_1\" data-image-description=\"\" data-image-caption=\"\" data-medium-file=\"https:\/\/i0.wp.com\/www.ibardin.net\/wp-content\/uploads\/2015\/07\/9-V_Biokboutique_1.jpg?fit=300%2C199&amp;ssl=1\" data-large-file=\"https:\/\/i0.wp.com\/www.ibardin.net\/wp-content\/uploads\/2015\/07\/9-V_Biokboutique_1.jpg?fit=388%2C258&amp;ssl=1\" decoding=\"async\" loading=\"lazy\" class=\"alignright wp-image-359 size-full\" src=\"https:\/\/i0.wp.com\/www.ibardin.net\/wp-content\/uploads\/2015\/07\/9-V_Biokboutique_1.jpg?resize=388%2C258\" alt=\"\" width=\"388\" height=\"258\" srcset=\"https:\/\/i0.wp.com\/www.ibardin.net\/wp-content\/uploads\/2015\/07\/9-V_Biokboutique_1.jpg?w=388&amp;ssl=1 388w, https:\/\/i0.wp.com\/www.ibardin.net\/wp-content\/uploads\/2015\/07\/9-V_Biokboutique_1.jpg?resize=300%2C199&amp;ssl=1 300w\" sizes=\"(max-width: 388px) 100vw, 388px\" data-recalc-dims=\"1\" \/><\/span><\/p>\n<\/div><div class=\"clearboth\"><\/div>\n<iframe loading=\"lazy\" src=\"https:\/\/www.google.com\/maps\/d\/embed?mid=z7xB_XP4oQ8A.kpNpk3LNd7wQ&amp;z=18\" width=\"100%\" height=\"480\"><\/iframe><\/p>\n","protected":false},"excerpt":{"rendered":"","protected":false},"author":1,"featured_media":0,"parent":0,"menu_order":0,"comment_status":"closed","ping_status":"closed","template":"","meta":{"ngg_post_thumbnail":0,"jetpack_post_was_ever_published":false},"aioseo_notices":[],"jetpack_sharing_enabled":false,"jetpack_shortlink":"https:\/\/wp.me\/P6tRZc-fw","jetpack-related-posts":[],"_links":{"self":[{"href":"https:\/\/www.ibardin.net\/eu\/wp-json\/wp\/v2\/pages\/962"}],"collection":[{"href":"https:\/\/www.ibardin.net\/eu\/wp-json\/wp\/v2\/pages"}],"about":[{"href":"https:\/\/www.ibardin.net\/eu\/wp-json\/wp\/v2\/types\/page"}],"author":[{"embeddable":true,"href":"https:\/\/www.ibardin.net\/eu\/wp-json\/wp\/v2\/users\/1"}],"replies":[{"embeddable":true,"href":"https:\/\/www.ibardin.net\/eu\/wp-json\/wp\/v2\/comments?post=962"}],"version-history":[{"count":3,"href":"https:\/\/www.ibardin.net\/eu\/wp-json\/wp\/v2\/pages\/962\/revisions"}],"predecessor-version":[{"id":999,"href":"https:\/\/www.ibardin.net\/eu\/wp-json\/wp\/v2\/pages\/962\/revisions\/999"}],"wp:attachment":[{"href":"https:\/\/www.ibardin.net\/eu\/wp-json\/wp\/v2\/media?parent=962"}],"curies":[{"name":"wp","href":"https:\/\/api.w.org\/{rel}","templated":true}]}}