{"id":977,"date":"2015-09-10T09:41:34","date_gmt":"2015-09-10T09:41:34","guid":{"rendered":"http:\/\/www.ibardin.net\/?page_id=977"},"modified":"2015-09-10T14:49:14","modified_gmt":"2015-09-10T14:49:14","slug":"perfumeria-idoia-arrago-bide","status":"publish","type":"page","link":"https:\/\/www.ibardin.net\/eu\/perfumeria-idoia-arrago-bide\/","title":{"rendered":"Perfumeria Idoia (Arrago-bide)"},"content":{"rendered":"<div class=\"organic-column two-third\">\nNueva perfumer\u00eda-para farmacia de la cadena PERFUMERIAS IDOIA que abri\u00f3 sus puertas en el a\u00f1o 2013.<\/p>\n<p>Disponemos de las marcas y productos m\u00e1s de moda y al mejor precio del mercado.<\/p>\n<p><!--\n\n<h5>Qu\u00e9 ofrecemos:<\/h5>\n\n\n\n\n<ul>\n\t\n\n<li>Carnicer\u00eda, charcuter\u00eda y fruter\u00eda<\/li>\n\n\n\t\n\n<li>Alimentaci\u00f3n<\/li>\n\n\n\t\n\n<li>Bebidas y licores<\/li>\n\n\n\t\n\n<li>Tabaco<\/li>\n\n\n\t\n\n<li>Droguer\u00eda<\/li>\n\n\n\t\n\n<li>Bisuter\u00eda<\/li>\n\n\n\t\n\n<li>Marroquiner\u00eda<\/li>\n\n\n\t\n\n<li>Menaje<\/li>\n\n\n\t\n\n<li>Cuchiller\u00eda<\/li>\n\n\n\t\n\n<li>Calzado<\/li>\n\n\n<\/ul>\n\n\n\n\n<h5>Contacto:<\/h5>\n\n\nMikel Alzuri--><\/p>\n<h5>D\u00f3nde estamos:<\/h5>\n<p>Alto de Ibardin &#8211; 31780 Bera\/Vera de Bidasoa (Navarra) &#8211; <a href=\"mailto:info@perfumeriasidoia.com\" target=\"_blank\">info@perfumeriasidoia.com<\/a><br \/>\nTel: 0034 948 630 558<br \/>\nFax: 0034 948 630 706<\/p>\n<\/div>\n<div class=\"organic-column one-third last\">\n<span class=\"image-container alignright wp-image-117 size-full\"><img data-attachment-id=\"117\" data-permalink=\"https:\/\/www.ibardin.net\/eu\/29-alzuri_ext\/\" data-orig-file=\"https:\/\/i0.wp.com\/www.ibardin.net\/wp-content\/uploads\/2015\/07\/29-Alzuri_EXT.jpg?fit=388%2C258&amp;ssl=1\" data-orig-size=\"388,258\" data-comments-opened=\"1\" data-image-meta=\"{&quot;aperture&quot;:&quot;0&quot;,&quot;credit&quot;:&quot;&quot;,&quot;camera&quot;:&quot;&quot;,&quot;caption&quot;:&quot;&quot;,&quot;created_timestamp&quot;:&quot;0&quot;,&quot;copyright&quot;:&quot;&quot;,&quot;focal_length&quot;:&quot;0&quot;,&quot;iso&quot;:&quot;0&quot;,&quot;shutter_speed&quot;:&quot;0&quot;,&quot;title&quot;:&quot;&quot;,&quot;orientation&quot;:&quot;0&quot;}\" data-image-title=\"29-Alzuri_EXT\" data-image-description=\"\" data-image-caption=\"\" data-medium-file=\"https:\/\/i0.wp.com\/www.ibardin.net\/wp-content\/uploads\/2015\/07\/29-Alzuri_EXT.jpg?fit=300%2C199&amp;ssl=1\" data-large-file=\"https:\/\/i0.wp.com\/www.ibardin.net\/wp-content\/uploads\/2015\/07\/29-Alzuri_EXT.jpg?fit=388%2C258&amp;ssl=1\" decoding=\"async\" loading=\"lazy\" class=\"alignright wp-image-117 size-full\" src=\"https:\/\/i0.wp.com\/www.ibardin.net\/wp-content\/uploads\/2015\/07\/29-Alzuri_EXT.jpg?resize=388%2C258\" alt=\"\" width=\"388\" height=\"258\" srcset=\"https:\/\/i0.wp.com\/www.ibardin.net\/wp-content\/uploads\/2015\/07\/29-Alzuri_EXT.jpg?w=388&amp;ssl=1 388w, https:\/\/i0.wp.com\/www.ibardin.net\/wp-content\/uploads\/2015\/07\/29-Alzuri_EXT.jpg?resize=300%2C199&amp;ssl=1 300w\" sizes=\"(max-width: 388px) 100vw, 388px\" data-recalc-dims=\"1\" \/><\/span><br \/>\n<span class=\"image-container alignright wp-image-371 size-full\"><img data-attachment-id=\"371\" data-permalink=\"https:\/\/www.ibardin.net\/eu\/30-elgeta_int01\/\" data-orig-file=\"https:\/\/i0.wp.com\/www.ibardin.net\/wp-content\/uploads\/2015\/07\/30-Elgeta_INT01.jpg?fit=388%2C258&amp;ssl=1\" data-orig-size=\"388,258\" data-comments-opened=\"1\" data-image-meta=\"{&quot;aperture&quot;:&quot;0&quot;,&quot;credit&quot;:&quot;&quot;,&quot;camera&quot;:&quot;&quot;,&quot;caption&quot;:&quot;&quot;,&quot;created_timestamp&quot;:&quot;0&quot;,&quot;copyright&quot;:&quot;&quot;,&quot;focal_length&quot;:&quot;0&quot;,&quot;iso&quot;:&quot;0&quot;,&quot;shutter_speed&quot;:&quot;0&quot;,&quot;title&quot;:&quot;&quot;,&quot;orientation&quot;:&quot;0&quot;}\" data-image-title=\"30-Elgeta_INT01\" data-image-description=\"\" data-image-caption=\"\" data-medium-file=\"https:\/\/i0.wp.com\/www.ibardin.net\/wp-content\/uploads\/2015\/07\/30-Elgeta_INT01.jpg?fit=300%2C199&amp;ssl=1\" data-large-file=\"https:\/\/i0.wp.com\/www.ibardin.net\/wp-content\/uploads\/2015\/07\/30-Elgeta_INT01.jpg?fit=388%2C258&amp;ssl=1\" decoding=\"async\" loading=\"lazy\" class=\"alignright wp-image-371 size-full\" src=\"https:\/\/i0.wp.com\/www.ibardin.net\/wp-content\/uploads\/2015\/07\/30-Elgeta_INT01.jpg?resize=388%2C258\" alt=\"\" width=\"388\" height=\"258\" srcset=\"https:\/\/i0.wp.com\/www.ibardin.net\/wp-content\/uploads\/2015\/07\/30-Elgeta_INT01.jpg?w=388&amp;ssl=1 388w, https:\/\/i0.wp.com\/www.ibardin.net\/wp-content\/uploads\/2015\/07\/30-Elgeta_INT01.jpg?resize=300%2C199&amp;ssl=1 300w\" sizes=\"(max-width: 388px) 100vw, 388px\" data-recalc-dims=\"1\" \/><\/span><\/p>\n<\/div><div class=\"clearboth\"><\/div>\n<iframe loading=\"lazy\" src=\"https:\/\/www.google.com\/maps\/d\/embed?mid=z7xB_XP4oQ8A.k10GLC8P6cWk&amp;z=18\" width=\"100%\" height=\"480\"><\/iframe><\/p>\n","protected":false},"excerpt":{"rendered":"","protected":false},"author":1,"featured_media":0,"parent":0,"menu_order":0,"comment_status":"closed","ping_status":"closed","template":"","meta":{"ngg_post_thumbnail":0,"jetpack_post_was_ever_published":false},"aioseo_notices":[],"jetpack_sharing_enabled":false,"jetpack_shortlink":"https:\/\/wp.me\/P6tRZc-fL","jetpack-related-posts":[],"_links":{"self":[{"href":"https:\/\/www.ibardin.net\/eu\/wp-json\/wp\/v2\/pages\/977"}],"collection":[{"href":"https:\/\/www.ibardin.net\/eu\/wp-json\/wp\/v2\/pages"}],"about":[{"href":"https:\/\/www.ibardin.net\/eu\/wp-json\/wp\/v2\/types\/page"}],"author":[{"embeddable":true,"href":"https:\/\/www.ibardin.net\/eu\/wp-json\/wp\/v2\/users\/1"}],"replies":[{"embeddable":true,"href":"https:\/\/www.ibardin.net\/eu\/wp-json\/wp\/v2\/comments?post=977"}],"version-history":[{"count":4,"href":"https:\/\/www.ibardin.net\/eu\/wp-json\/wp\/v2\/pages\/977\/revisions"}],"predecessor-version":[{"id":998,"href":"https:\/\/www.ibardin.net\/eu\/wp-json\/wp\/v2\/pages\/977\/revisions\/998"}],"wp:attachment":[{"href":"https:\/\/www.ibardin.net\/eu\/wp-json\/wp\/v2\/media?parent=977"}],"curies":[{"name":"wp","href":"https:\/\/api.w.org\/{rel}","templated":true}]}}