{"id":10,"date":"2015-07-14T11:26:03","date_gmt":"2015-07-14T11:26:03","guid":{"rendered":"http:\/\/www.ibardin.net\/?page_id=10"},"modified":"2015-08-19T08:30:07","modified_gmt":"2015-08-19T08:30:07","slug":"bera","status":"publish","type":"page","link":"https:\/\/www.ibardin.net\/fr\/informacion-turistica\/bera\/","title":{"rendered":"Bera"},"content":{"rendered":"<div class=\"five columns\">\n<span class=\"image-container ngg_displayed_gallery mceItem alignright\">\n\n<div class=\"ngg-galleryoverview ngg-slideshow\"\n\t id=\"ngg-slideshow-230-10417499440\"\n     data-gallery-id=\"230\"\n     style=\"max-width: 386px; max-height: 290px;\">\n\n \t<div id=\"ngg-image-0\" class=\"ngg-gallery-slideshow-image\" style=\"height:290px\">\n\n        <a href=\"https:\/\/www.ibardin.net\/wp-content\/gallery\/bera\/Bera_01.jpg\"\n           title=\"\"\n           data-src=\"https:\/\/www.ibardin.net\/wp-content\/gallery\/bera\/Bera_01.jpg\"\n           data-thumbnail=\"https:\/\/www.ibardin.net\/wp-content\/gallery\/bera\/thumbs\/thumbs_Bera_01.jpg\"\n           data-image-id=\"1\"\n           data-title=\"Bera_01\"\n           data-description=\"\"\n           class=\"ngg-fancybox\" rel=\"230\">\n\n            <img data-image-id='1'\n                 title=\"\"\n                 alt=\"Bera_01\"\n                 src=\"https:\/\/www.ibardin.net\/wp-content\/gallery\/bera\/Bera_01.jpg\"\n                 style=\"max-height: 270px;\"\/>\n        <\/a>\n\n        <\/div> \n<div id=\"ngg-image-1\" class=\"ngg-gallery-slideshow-image\" style=\"height:290px\">\n\n        <a href=\"https:\/\/www.ibardin.net\/wp-content\/gallery\/bera\/Bera_02.jpg\"\n           title=\"\"\n           data-src=\"https:\/\/www.ibardin.net\/wp-content\/gallery\/bera\/Bera_02.jpg\"\n           data-thumbnail=\"https:\/\/www.ibardin.net\/wp-content\/gallery\/bera\/thumbs\/thumbs_Bera_02.jpg\"\n           data-image-id=\"2\"\n           data-title=\"Bera_02\"\n           data-description=\"\"\n           class=\"ngg-fancybox\" rel=\"230\">\n\n            <img data-image-id='2'\n                 title=\"\"\n                 alt=\"Bera_02\"\n                 src=\"https:\/\/www.ibardin.net\/wp-content\/gallery\/bera\/Bera_02.jpg\"\n                 style=\"max-height: 270px;\"\/>\n        <\/a>\n\n        <\/div> \n<div id=\"ngg-image-2\" class=\"ngg-gallery-slideshow-image\" style=\"height:290px\">\n\n        <a href=\"https:\/\/www.ibardin.net\/wp-content\/gallery\/bera\/Bera_03.jpg\"\n           title=\"\"\n           data-src=\"https:\/\/www.ibardin.net\/wp-content\/gallery\/bera\/Bera_03.jpg\"\n           data-thumbnail=\"https:\/\/www.ibardin.net\/wp-content\/gallery\/bera\/thumbs\/thumbs_Bera_03.jpg\"\n           data-image-id=\"3\"\n           data-title=\"Bera_03\"\n           data-description=\"\"\n           class=\"ngg-fancybox\" rel=\"230\">\n\n            <img data-image-id='3'\n                 title=\"\"\n                 alt=\"Bera_03\"\n                 src=\"https:\/\/www.ibardin.net\/wp-content\/gallery\/bera\/Bera_03.jpg\"\n                 style=\"max-height: 270px;\"\/>\n        <\/a>\n\n        <\/div> \n<div id=\"ngg-image-3\" class=\"ngg-gallery-slideshow-image\" style=\"height:290px\">\n\n        <a href=\"https:\/\/www.ibardin.net\/wp-content\/gallery\/bera\/Bera_04.jpg\"\n           title=\"\"\n           data-src=\"https:\/\/www.ibardin.net\/wp-content\/gallery\/bera\/Bera_04.jpg\"\n           data-thumbnail=\"https:\/\/www.ibardin.net\/wp-content\/gallery\/bera\/thumbs\/thumbs_Bera_04.jpg\"\n           data-image-id=\"4\"\n           data-title=\"Bera_04\"\n           data-description=\"\"\n           class=\"ngg-fancybox\" rel=\"230\">\n\n            <img data-image-id='4'\n                 title=\"\"\n                 alt=\"Bera_04\"\n                 src=\"https:\/\/www.ibardin.net\/wp-content\/gallery\/bera\/Bera_04.jpg\"\n                 style=\"max-height: 270px;\"\/>\n        <\/a>\n\n        <\/div> \n<div id=\"ngg-image-4\" class=\"ngg-gallery-slideshow-image\" style=\"height:290px\">\n\n        <a href=\"https:\/\/www.ibardin.net\/wp-content\/gallery\/bera\/Bera_05.jpg\"\n           title=\"\"\n           data-src=\"https:\/\/www.ibardin.net\/wp-content\/gallery\/bera\/Bera_05.jpg\"\n           data-thumbnail=\"https:\/\/www.ibardin.net\/wp-content\/gallery\/bera\/thumbs\/thumbs_Bera_05.jpg\"\n           data-image-id=\"5\"\n           data-title=\"Bera_05\"\n           data-description=\"\"\n           class=\"ngg-fancybox\" rel=\"230\">\n\n            <img data-image-id='5'\n                 title=\"\"\n                 alt=\"Bera_05\"\n                 src=\"https:\/\/www.ibardin.net\/wp-content\/gallery\/bera\/Bera_05.jpg\"\n                 style=\"max-height: 270px;\"\/>\n        <\/a>\n\n        <\/div> \n<\/div>\n\n\n\n<\/span>\n<\/div>\n<div class=\"one columns\"><\/div>\n<div class=\"ten columns\">\n<strong>Itzea<\/strong><br \/>\nC\u00b4est la maison de la famille Baroja, elle donne le nom au quartier. Cette maison a \u00e9t\u00e9 construite \u00e0 la fin du XVIIe si\u00e8cle, est c\u2019est en 1912 que la famille l\u00b4a achet\u00e9. \u00c0 l\u00b4autre c\u00f4t\u00e9 de la rivi\u00e8re on peut voir la st\u00e8le faite par Jorge Oteiza en m\u00e9moire de P\u00edo Baroja.<\/p>\n<p><strong>La Mairie<\/strong><br \/>\nConstruite en 1776, de style n\u00e9oclassique, elle a subi post\u00e9rieurement des modifications. Les peintures de la fa\u00e7ade, inspir\u00e9es d\u00b4anciens vestiges, furent dessin\u00e9es par Julio Caro Baroja et peintes par Juan Larramendi en 1983.<br \/>\n<strong><br \/>\nL\u00b4\u00c9glise de Saint Etienne<\/strong><br \/>\nA l\u00b4origine maison-tour gothique, ce n\u00b4est qu\u00b4\u00e0 partir du XVIe si\u00e8cle qu\u00b4on l\u00b4utilisa comme \u00e9glise. L\u00b4orgue, construit par Amezua et Jauregi, est consid\u00e9r\u00e9 comme le meilleur orgue romantique de Navarre.<br \/>\n<strong><br \/>\nLa Place D\u00b4Altzate<\/strong><br \/>\nLe nom de cette rue et de cette place fait r\u00e9f\u00e9rence au lignage des Altzate. Leur maison-tour, aujourd\u00b4hui disparue, aurait \u00e9t\u00e9 construite sur les rives du Zia.<\/p>\n<p><strong>Pont Saint Michel<\/strong><br \/>\nCe vestige historique t\u00e9moigne les blessures des guerres livr\u00e9es \u00e0 Bera en 1813. L\u00e0 m\u00eame est la tombe du militaire Daniel Cadoux, mort dans la d\u00e9fense du pont.\n<\/div>","protected":false},"excerpt":{"rendered":"<p>Itzea C\u00b4est la maison de la famille Baroja, elle donne le nom au quartier. Cette maison a \u00e9t\u00e9 construite \u00e0 la fin du XVIIe si\u00e8cle, est c\u2019est en 1912 que la famille l\u00b4a achet\u00e9. \u00c0 l\u00b4autre c\u00f4t\u00e9 de la rivi\u00e8re on peut voir la st\u00e8le faite par Jorge Oteiza en m\u00e9moire de P\u00edo Baroja. La Mairie Construite en 1776, de style n\u00e9oclassique, elle a&#8230; <a class=\"read-more\" href=\"https:\/\/www.ibardin.net\/fr\/informacion-turistica\/bera\/\">Read More<\/a><\/p>\n","protected":false},"author":1,"featured_media":0,"parent":6,"menu_order":1,"comment_status":"closed","ping_status":"closed","template":"template-full.php","meta":{"ngg_post_thumbnail":0,"jetpack_post_was_ever_published":false},"aioseo_notices":[],"jetpack_sharing_enabled":true,"jetpack_shortlink":"https:\/\/wp.me\/P6tRZc-a","jetpack-related-posts":[],"_links":{"self":[{"href":"https:\/\/www.ibardin.net\/fr\/wp-json\/wp\/v2\/pages\/10"}],"collection":[{"href":"https:\/\/www.ibardin.net\/fr\/wp-json\/wp\/v2\/pages"}],"about":[{"href":"https:\/\/www.ibardin.net\/fr\/wp-json\/wp\/v2\/types\/page"}],"author":[{"embeddable":true,"href":"https:\/\/www.ibardin.net\/fr\/wp-json\/wp\/v2\/users\/1"}],"replies":[{"embeddable":true,"href":"https:\/\/www.ibardin.net\/fr\/wp-json\/wp\/v2\/comments?post=10"}],"version-history":[{"count":14,"href":"https:\/\/www.ibardin.net\/fr\/wp-json\/wp\/v2\/pages\/10\/revisions"}],"predecessor-version":[{"id":813,"href":"https:\/\/www.ibardin.net\/fr\/wp-json\/wp\/v2\/pages\/10\/revisions\/813"}],"up":[{"embeddable":true,"href":"https:\/\/www.ibardin.net\/fr\/wp-json\/wp\/v2\/pages\/6"}],"wp:attachment":[{"href":"https:\/\/www.ibardin.net\/fr\/wp-json\/wp\/v2\/media?parent=10"}],"curies":[{"name":"wp","href":"https:\/\/api.w.org\/{rel}","templated":true}]}}