{"id":1056,"date":"2015-10-21T11:37:59","date_gmt":"2015-10-21T11:37:59","guid":{"rendered":"http:\/\/www.ibardin.net\/?page_id=1056"},"modified":"2015-10-21T11:37:59","modified_gmt":"2015-10-21T11:37:59","slug":"politica-de-cookies","status":"publish","type":"page","link":"https:\/\/www.ibardin.net\/fr\/politica-de-cookies\/","title":{"rendered":"Pol\u00edtica de cookies"},"content":{"rendered":"<p>Este portal, al igual que la mayor\u00eda de portales en Internet, usa cookies para mejorar la experiencia del usuario. A continuaci\u00f3n encontrar\u00e1 informaci\u00f3n sobre qu\u00e9 son las \u00bfcookies\u00bf, qu\u00e9 tipo de cookies utiliza este portal, c\u00f3mo puede desactivar las cookies en su navegador y c\u00f3mo desactivar espec\u00edficamente la instalaci\u00f3n de cookies de terceros. Si no encuentra la informaci\u00f3n espec\u00edfica que usted est\u00e1 buscando, por favor dir\u00edjase a <a href=\"mailto:info@ibardin.net\">info@ibardin.net<\/a><\/p>\n<h2>\u00bfQu\u00e9 son las cookies?<\/h2>\n<p>Las cookies son peque\u00f1os archivos que algunas plataformas, como las p\u00e1ginas web, pueden instalar en su ordenador, smartphone, tableta o televisi\u00f3n conectada. Sus funciones pueden ser muy variadas: almacenar sus preferencias de navegaci\u00f3n, recopilar informaci\u00f3n estad\u00edstica, permitir ciertas funcionalidades t\u00e9cnicas, etc\u00e9tera. En ocasiones, las cookies se utilizan para almacenar informaci\u00f3n b\u00e1sica sobre los h\u00e1bitos de navegaci\u00f3n del usuario o de su equipo, hasta el punto, seg\u00fan los casos, de poder reconocerlo.<\/p>\n<h2>\u00bfPor qu\u00e9 son importantes?<\/h2>\n<p>Las cookies son \u00fatiles por varios motivos. Desde un punto de vista t\u00e9cnico, permiten que las p\u00e1ginas web funcionen de forma m\u00e1s \u00e1gil y adaptada a sus preferencias, como por ejemplo almacenar su idioma o la moneda de su pa\u00eds. Adem\u00e1s, ayudan a los responsables de los sitios web a mejorar los servicios que ofrecen, gracias a la informaci\u00f3n estad\u00edstica que recogen a trav\u00e9s de ellas. Finalmente, sirven para hacer m\u00e1s eficiente la publicidad que le mostramos, gracias a la cual le podemos ofrecer servicios de forma gratuita.<\/p>\n<h2>\u00bfC\u00f3mo utilizamos las cookies?<\/h2>\n<p>Navegar por este portal supone que se puedan instalar los siguientes tipos de cookies:<\/p>\n<h2>Cookies de mejora del rendimiento<\/h2>\n<p>Este tipo de cookies conserva sus preferencias para ciertas herramientas o servicios para que no tenga que reconfigurarlos cada vez que visita nuestro portal y, en algunos casos, pueden ser aportadas por terceros. Algunos ejemplos son: volumen de los reproductores audiovisuales, preferencias de ordenaci\u00f3n de art\u00edculos o velocidades de reproducci\u00f3n de v\u00eddeo compatibles. En el caso de comercio electr\u00f3nico, permiten mantener informaci\u00f3n sobre su cesta de la compra.<\/p>\n<h2>Cookies de an\u00e1lisis estad\u00edstico<\/h2>\n<p>Son aquellas que, bien tratadas por nosotros o por terceros, permiten cuantificar el n\u00famero de visitantes y analizar estad\u00edsticamente la utilizaci\u00f3n que hacen los usuarios de nuestros servicios. Gracias a ello podemos estudiar la navegaci\u00f3n por nuestra p\u00e1gina web, y mejorar as\u00ed la oferta de productos o servicios que ofrecemos.<\/p>\n<h2>Cookies de geolocalizaci\u00f3n<\/h2>\n<p>Estas cookies son usadas por programas que intentan localizar geogr\u00e1ficamente la situaci\u00f3n del ordenador, smartphone, tableta o televisi\u00f3n conectada, para de manera totalmente an\u00f3nima ofrecerle contenidos y servicios m\u00e1s adecuados.<\/p>\n<h2>Cookies de registro<\/h2>\n<p>Cuando usted se registra en nuestro portal, se generan cookies que le identifican como usuario registrado e indican cu\u00e1ndo usted se ha identificado en el portal.<br \/>\nEstas cookies son utilizadas para identificar su cuenta de usuario y sus servicios asociados. Estas cookies se mantienen mientras usted no abandone la cuenta, cierre el navegador o apague el dispositivo.<br \/>\nEstas cookies pueden ser utilizadas en combinaci\u00f3n con datos anal\u00edticos para identificar de manera individual sus preferencias en nuestro portal.<\/p>\n<p>Cookies publicitarias<\/p>\n<p>Son aqu\u00e9llas que, bien tratadas por nosotros o por terceros, permiten gestionar eficazmente los espacios publicitarios de nuestro sitio web, adecuando el contenido del anuncio al contenido del servicio solicitado o al uso que realice de nuestra p\u00e1gina web. Gracias a ella podemos conocer sus h\u00e1bitos de navegaci\u00f3n en internet y mostrarle publicidad relacionada con su perfil de navegaci\u00f3n.<\/p>\n<h2>Otras cookies de terceros<\/h2>\n<p>En algunas de nuestras p\u00e1ginas se pueden instalar cookies de terceros que permitan gestionar y mejorar los servicios que \u00e9stos ofrecen. Un ejemplo de este uso son los enlaces a las redes sociales que permiten compartir nuestros contenidos.<\/p>\n<h2>\u00bfC\u00f3mo puedo configurar mis preferencias?<\/h2>\n<p>Puede permitir, bloquear o eliminar las cookies instaladas en su quipo mediante la configuraci\u00f3n de las opciones de su navegador de internet. En el caso en que las bloquee, es posible que ciertos servicios que necesitan su uso no est\u00e9n disponibles para usted.<br \/>\nA continuaci\u00f3n le ofrecemos enlaces en los que encontrar\u00e1 informaci\u00f3n sobre c\u00f3mo puede activar sus preferencias en los principales navegadores:<\/p>\n<ul>\n<li><a href=\"http:\/\/support.google.com\/chrome\/bin\/answer.py?hl=es&amp;answer=95647\" target=\"_blank\">Google Chrome<\/a><\/li>\n<li><a href=\"http:\/\/support.mozilla.org\/es\/kb\/cookies-informacion-que-los-sitios-web-guardan-en-?redirectlocale=en-US&amp;redirectslug=Cookies\" target=\"_blank\">Mozilla Firefox<\/a><\/li>\n<li><a href=\"http:\/\/support.microsoft.com\/kb\/196955\/es\" target=\"_blank\">Internet Explorer<\/a><\/li>\n<li><a href=\"http:\/\/www.lavanguardia.com\/cookiesSafari.html\" target=\"_blank\">Safari<\/a><\/li>\n<li><a href=\"http:\/\/support.apple.com\/kb\/HT1677?viewlocale=es_ES\" target=\"_blank\">Safari para IOS (iPhone, iPad)<\/a><\/li>\n<li><a href=\"http:\/\/www.macromedia.com\/support\/documentation\/es\/flashplayer\/help\/settings_manager07.html\" target=\"_blank\">Cookies Flash<\/a><\/li>\n<\/ul>\n<p>Finalmente, puede usted dirigirse al portal <a href=\"http:\/\/www.youronlinechoices.com\/es\/\" target=\"_blank\">Your Online Choices<\/a> d\u00f3nde adem\u00e1s de encontrar informaci\u00f3n \u00fatil, podr\u00e1 configurar, proveedor por proveedor, sus preferencias sobre las cookies publicitarias de terceros.<\/p>\n<p>Si desea contactar con nosotros respecto nuestra pol\u00edtica de cookies, puede hacerlo en <a href=\"mailto:info@ibardin.net\">info@ibardin.net<\/a><\/p>\n","protected":false},"excerpt":{"rendered":"<p>Este portal, al igual que la mayor\u00eda de portales en Internet, usa cookies para mejorar la experiencia del usuario. A continuaci\u00f3n encontrar\u00e1 informaci\u00f3n sobre qu\u00e9 son las \u00bfcookies\u00bf, qu\u00e9 tipo de cookies utiliza este portal, c\u00f3mo puede desactivar las cookies en su navegador y c\u00f3mo desactivar espec\u00edficamente la instalaci\u00f3n de cookies de terceros. Si no encuentra la informaci\u00f3n espec\u00edfica que usted est\u00e1 buscando, por&#8230; <a class=\"read-more\" href=\"https:\/\/www.ibardin.net\/fr\/politica-de-cookies\/\">Read More<\/a><\/p>\n","protected":false},"author":1,"featured_media":0,"parent":0,"menu_order":0,"comment_status":"closed","ping_status":"closed","template":"","meta":{"ngg_post_thumbnail":0,"jetpack_post_was_ever_published":false},"aioseo_notices":[],"jetpack_sharing_enabled":true,"jetpack_shortlink":"https:\/\/wp.me\/P6tRZc-h2","jetpack-related-posts":[],"_links":{"self":[{"href":"https:\/\/www.ibardin.net\/fr\/wp-json\/wp\/v2\/pages\/1056"}],"collection":[{"href":"https:\/\/www.ibardin.net\/fr\/wp-json\/wp\/v2\/pages"}],"about":[{"href":"https:\/\/www.ibardin.net\/fr\/wp-json\/wp\/v2\/types\/page"}],"author":[{"embeddable":true,"href":"https:\/\/www.ibardin.net\/fr\/wp-json\/wp\/v2\/users\/1"}],"replies":[{"embeddable":true,"href":"https:\/\/www.ibardin.net\/fr\/wp-json\/wp\/v2\/comments?post=1056"}],"version-history":[{"count":1,"href":"https:\/\/www.ibardin.net\/fr\/wp-json\/wp\/v2\/pages\/1056\/revisions"}],"predecessor-version":[{"id":1057,"href":"https:\/\/www.ibardin.net\/fr\/wp-json\/wp\/v2\/pages\/1056\/revisions\/1057"}],"wp:attachment":[{"href":"https:\/\/www.ibardin.net\/fr\/wp-json\/wp\/v2\/media?parent=1056"}],"curies":[{"name":"wp","href":"https:\/\/api.w.org\/{rel}","templated":true}]}}