{"id":12,"date":"2015-07-14T11:26:58","date_gmt":"2015-07-14T11:26:58","guid":{"rendered":"http:\/\/www.ibardin.net\/?page_id=12"},"modified":"2015-08-19T08:30:34","modified_gmt":"2015-08-19T08:30:34","slug":"lesaka","status":"publish","type":"page","link":"https:\/\/www.ibardin.net\/fr\/informacion-turistica\/lesaka\/","title":{"rendered":"Lesaka"},"content":{"rendered":"<div class=\"five columns\">\n<span class=\"image-container alignright\">\n\n<div class=\"ngg-galleryoverview ngg-slideshow\"\n\t id=\"ngg-slideshow-248-2951645010\"\n     data-gallery-id=\"248\"\n     style=\"max-width: 384px; max-height: 290px;\">\n\n \t<div id=\"ngg-image-0\" class=\"ngg-gallery-slideshow-image\" style=\"height:290px\">\n\n        <a href=\"https:\/\/www.ibardin.net\/wp-content\/gallery\/lesaka\/Lesaka_01.jpg\"\n           title=\"\"\n           data-src=\"https:\/\/www.ibardin.net\/wp-content\/gallery\/lesaka\/Lesaka_01.jpg\"\n           data-thumbnail=\"https:\/\/www.ibardin.net\/wp-content\/gallery\/lesaka\/thumbs\/thumbs_Lesaka_01.jpg\"\n           data-image-id=\"6\"\n           data-title=\"Lesaka_01\"\n           data-description=\"\"\n           class=\"ngg-fancybox\" rel=\"248\">\n\n            <img data-image-id='6'\n                 title=\"\"\n                 alt=\"Lesaka_01\"\n                 src=\"https:\/\/www.ibardin.net\/wp-content\/gallery\/lesaka\/Lesaka_01.jpg\"\n                 style=\"max-height: 270px;\"\/>\n        <\/a>\n\n        <\/div> \n<div id=\"ngg-image-1\" class=\"ngg-gallery-slideshow-image\" style=\"height:290px\">\n\n        <a href=\"https:\/\/www.ibardin.net\/wp-content\/gallery\/lesaka\/Lesaka_02.jpg\"\n           title=\"\"\n           data-src=\"https:\/\/www.ibardin.net\/wp-content\/gallery\/lesaka\/Lesaka_02.jpg\"\n           data-thumbnail=\"https:\/\/www.ibardin.net\/wp-content\/gallery\/lesaka\/thumbs\/thumbs_Lesaka_02.jpg\"\n           data-image-id=\"7\"\n           data-title=\"Lesaka_02\"\n           data-description=\"\"\n           class=\"ngg-fancybox\" rel=\"248\">\n\n            <img data-image-id='7'\n                 title=\"\"\n                 alt=\"Lesaka_02\"\n                 src=\"https:\/\/www.ibardin.net\/wp-content\/gallery\/lesaka\/Lesaka_02.jpg\"\n                 style=\"max-height: 270px;\"\/>\n        <\/a>\n\n        <\/div> \n<div id=\"ngg-image-2\" class=\"ngg-gallery-slideshow-image\" style=\"height:290px\">\n\n        <a href=\"https:\/\/www.ibardin.net\/wp-content\/gallery\/lesaka\/Lesaka_03.jpg\"\n           title=\"\"\n           data-src=\"https:\/\/www.ibardin.net\/wp-content\/gallery\/lesaka\/Lesaka_03.jpg\"\n           data-thumbnail=\"https:\/\/www.ibardin.net\/wp-content\/gallery\/lesaka\/thumbs\/thumbs_Lesaka_03.jpg\"\n           data-image-id=\"8\"\n           data-title=\"Lesaka_03\"\n           data-description=\"\"\n           class=\"ngg-fancybox\" rel=\"248\">\n\n            <img data-image-id='8'\n                 title=\"\"\n                 alt=\"Lesaka_03\"\n                 src=\"https:\/\/www.ibardin.net\/wp-content\/gallery\/lesaka\/Lesaka_03.jpg\"\n                 style=\"max-height: 270px;\"\/>\n        <\/a>\n\n        <\/div> \n<div id=\"ngg-image-3\" class=\"ngg-gallery-slideshow-image\" style=\"height:290px\">\n\n        <a href=\"https:\/\/www.ibardin.net\/wp-content\/gallery\/lesaka\/Lesaka_04.jpg\"\n           title=\"\"\n           data-src=\"https:\/\/www.ibardin.net\/wp-content\/gallery\/lesaka\/Lesaka_04.jpg\"\n           data-thumbnail=\"https:\/\/www.ibardin.net\/wp-content\/gallery\/lesaka\/thumbs\/thumbs_Lesaka_04.jpg\"\n           data-image-id=\"9\"\n           data-title=\"Lesaka_04\"\n           data-description=\"\"\n           class=\"ngg-fancybox\" rel=\"248\">\n\n            <img data-image-id='9'\n                 title=\"\"\n                 alt=\"Lesaka_04\"\n                 src=\"https:\/\/www.ibardin.net\/wp-content\/gallery\/lesaka\/Lesaka_04.jpg\"\n                 style=\"max-height: 270px;\"\/>\n        <\/a>\n\n        <\/div> \n<div id=\"ngg-image-4\" class=\"ngg-gallery-slideshow-image\" style=\"height:290px\">\n\n        <a href=\"https:\/\/www.ibardin.net\/wp-content\/gallery\/lesaka\/Lesaka_05.jpg\"\n           title=\"\"\n           data-src=\"https:\/\/www.ibardin.net\/wp-content\/gallery\/lesaka\/Lesaka_05.jpg\"\n           data-thumbnail=\"https:\/\/www.ibardin.net\/wp-content\/gallery\/lesaka\/thumbs\/thumbs_Lesaka_05.jpg\"\n           data-image-id=\"10\"\n           data-title=\"Lesaka_05\"\n           data-description=\"\"\n           class=\"ngg-fancybox\" rel=\"248\">\n\n            <img data-image-id='10'\n                 title=\"\"\n                 alt=\"Lesaka_05\"\n                 src=\"https:\/\/www.ibardin.net\/wp-content\/gallery\/lesaka\/Lesaka_05.jpg\"\n                 style=\"max-height: 270px;\"\/>\n        <\/a>\n\n        <\/div> \n<\/div>\n\n\n\n<\/span>\n<\/div>\n<div class=\"one columns\"><\/div>\n<div class=\"ten columns\">\n<strong>Plaza Zaharra (Vieille Place)<\/strong><br \/>\nEn plus de l\u00b4int\u00e9r\u00eat g\u00e9n\u00e9ral global que pr\u00e9sente la Plaza Zaharra, il s\u00b4y trouve quelques b\u00e2tisses d\u00b4une valeur intrins\u00e8que dont certaines peuvent \u00eatre consid\u00e9r\u00e9es comme des mod\u00e8les de palais urbains.<\/p>\n<p><strong>Minyurinea et la Tour Zabaleta (des constructions du XIV-XVe si\u00e8cle)<\/strong><br \/>\nProbablement l\u00b4\u00e9difice le plus antique qui se conserve dans Lesaka, puisque quelques arch\u00e9ologues le datent au XIVe si\u00e8cle.<br \/>\nZabaleta, du XVe si\u00e8cle, construite \u00e0 partir de 1444, elle ne cache pas absolument ses buts militaires. Malgr\u00e9 les \u00e9changes qu\u00b4elle a subis, elle nous offre une image du patrimoine architectonique de l\u00b4\u00e9poque.<\/p>\n<p><strong>\u00c9glise San Martin de Tours<\/strong><br \/>\n\u00c9glise paroissiale du Saint-Martin de Tours (XVIe, XVIIe et XVIIIe si\u00e8cles), avec des restes ant\u00e9rieurs incorpor\u00e9s au seuil du croisement et avec un retable du XVIIIe si\u00e8cle avec sculptures de Luis Salvador et de Carmona.<br \/>\n<strong><br \/>\nLa rigole Onin<\/strong><br \/>\nLa rivi\u00e8re est \u00e0 la limite des deux parties de la ville: Legarrea \u00e0 l\u00b4ouest et Pikuzelaia \u00e0 l\u00b4ouest. On interpr\u00e8te traditionnellement comme un symbole de paix la danse du drapeau effectu\u00e9e sur le pont par un repr\u00e9sentant municipal.<\/p>\n<p><strong>Agi\u00f1a : Lesaka et la pr\u00e9histoire<\/strong><br \/>\nDe nombreux monuments et restes arch\u00e9ologiques, dolmens, des tombeaux, cromlech, des installations&#8230; de l\u00b4\u00c2ge de Fer, qui datent d\u00b4entre les ann\u00e9es 600 et 200 a. C. Dans l\u00b4environnement, le M\u00e9morial au P\u00e8re Donosti form\u00e9 par la Chapelle de Vallet et la St\u00e8le du sculpteur Jorge Oteiza.\n<\/div>","protected":false},"excerpt":{"rendered":"<p>Plaza Zaharra (Vieille Place) En plus de l\u00b4int\u00e9r\u00eat g\u00e9n\u00e9ral global que pr\u00e9sente la Plaza Zaharra, il s\u00b4y trouve quelques b\u00e2tisses d\u00b4une valeur intrins\u00e8que dont certaines peuvent \u00eatre consid\u00e9r\u00e9es comme des mod\u00e8les de palais urbains. Minyurinea et la Tour Zabaleta (des constructions du XIV-XVe si\u00e8cle) Probablement l\u00b4\u00e9difice le plus antique qui se conserve dans Lesaka, puisque quelques arch\u00e9ologues le datent au XIVe si\u00e8cle. Zabaleta, du&#8230; <a class=\"read-more\" href=\"https:\/\/www.ibardin.net\/fr\/informacion-turistica\/lesaka\/\">Read More<\/a><\/p>\n","protected":false},"author":1,"featured_media":0,"parent":6,"menu_order":2,"comment_status":"closed","ping_status":"closed","template":"template-full.php","meta":{"ngg_post_thumbnail":0,"jetpack_post_was_ever_published":false},"aioseo_notices":[],"jetpack_sharing_enabled":true,"jetpack_shortlink":"https:\/\/wp.me\/P6tRZc-c","jetpack-related-posts":[],"_links":{"self":[{"href":"https:\/\/www.ibardin.net\/fr\/wp-json\/wp\/v2\/pages\/12"}],"collection":[{"href":"https:\/\/www.ibardin.net\/fr\/wp-json\/wp\/v2\/pages"}],"about":[{"href":"https:\/\/www.ibardin.net\/fr\/wp-json\/wp\/v2\/types\/page"}],"author":[{"embeddable":true,"href":"https:\/\/www.ibardin.net\/fr\/wp-json\/wp\/v2\/users\/1"}],"replies":[{"embeddable":true,"href":"https:\/\/www.ibardin.net\/fr\/wp-json\/wp\/v2\/comments?post=12"}],"version-history":[{"count":13,"href":"https:\/\/www.ibardin.net\/fr\/wp-json\/wp\/v2\/pages\/12\/revisions"}],"predecessor-version":[{"id":812,"href":"https:\/\/www.ibardin.net\/fr\/wp-json\/wp\/v2\/pages\/12\/revisions\/812"}],"up":[{"embeddable":true,"href":"https:\/\/www.ibardin.net\/fr\/wp-json\/wp\/v2\/pages\/6"}],"wp:attachment":[{"href":"https:\/\/www.ibardin.net\/fr\/wp-json\/wp\/v2\/media?parent=12"}],"curies":[{"name":"wp","href":"https:\/\/api.w.org\/{rel}","templated":true}]}}