{"id":14,"date":"2015-07-14T11:32:42","date_gmt":"2015-07-14T11:32:42","guid":{"rendered":"http:\/\/www.ibardin.net\/?page_id=14"},"modified":"2015-08-19T08:33:51","modified_gmt":"2015-08-19T08:33:51","slug":"urrugne","status":"publish","type":"page","link":"https:\/\/www.ibardin.net\/fr\/informacion-turistica\/urrugne\/","title":{"rendered":"Urrugne"},"content":{"rendered":"<div class=\"five columns\">\n<span class=\"image-container ngg_displayed_gallery mceItem alignright\">\n\n<div class=\"ngg-galleryoverview ngg-slideshow\"\n\t id=\"ngg-slideshow-264-9816609830\"\n     data-gallery-id=\"264\"\n     style=\"max-width: 384px; max-height: 290px;\">\n\n \t<div id=\"ngg-image-0\" class=\"ngg-gallery-slideshow-image\" style=\"height:290px\">\n\n        <a href=\"https:\/\/www.ibardin.net\/wp-content\/gallery\/urrugne\/Biriatou_01.jpg\"\n           title=\"\"\n           data-src=\"https:\/\/www.ibardin.net\/wp-content\/gallery\/urrugne\/Biriatou_01.jpg\"\n           data-thumbnail=\"https:\/\/www.ibardin.net\/wp-content\/gallery\/urrugne\/thumbs\/thumbs_Biriatou_01.jpg\"\n           data-image-id=\"11\"\n           data-title=\"Biriatou_01\"\n           data-description=\"\"\n           class=\"ngg-fancybox\" rel=\"264\">\n\n            <img data-image-id='11'\n                 title=\"\"\n                 alt=\"Biriatou_01\"\n                 src=\"https:\/\/www.ibardin.net\/wp-content\/gallery\/urrugne\/Biriatou_01.jpg\"\n                 style=\"max-height: 270px;\"\/>\n        <\/a>\n\n        <\/div> \n<div id=\"ngg-image-1\" class=\"ngg-gallery-slideshow-image\" style=\"height:290px\">\n\n        <a href=\"https:\/\/www.ibardin.net\/wp-content\/gallery\/urrugne\/Biriatou_02.jpg\"\n           title=\"\"\n           data-src=\"https:\/\/www.ibardin.net\/wp-content\/gallery\/urrugne\/Biriatou_02.jpg\"\n           data-thumbnail=\"https:\/\/www.ibardin.net\/wp-content\/gallery\/urrugne\/thumbs\/thumbs_Biriatou_02.jpg\"\n           data-image-id=\"12\"\n           data-title=\"Biriatou_02\"\n           data-description=\"\"\n           class=\"ngg-fancybox\" rel=\"264\">\n\n            <img data-image-id='12'\n                 title=\"\"\n                 alt=\"Biriatou_02\"\n                 src=\"https:\/\/www.ibardin.net\/wp-content\/gallery\/urrugne\/Biriatou_02.jpg\"\n                 style=\"max-height: 270px;\"\/>\n        <\/a>\n\n        <\/div> \n<div id=\"ngg-image-2\" class=\"ngg-gallery-slideshow-image\" style=\"height:290px\">\n\n        <a href=\"https:\/\/www.ibardin.net\/wp-content\/gallery\/urrugne\/Biriatou_03.jpg\"\n           title=\"\"\n           data-src=\"https:\/\/www.ibardin.net\/wp-content\/gallery\/urrugne\/Biriatou_03.jpg\"\n           data-thumbnail=\"https:\/\/www.ibardin.net\/wp-content\/gallery\/urrugne\/thumbs\/thumbs_Biriatou_03.jpg\"\n           data-image-id=\"13\"\n           data-title=\"Biriatou_03\"\n           data-description=\"\"\n           class=\"ngg-fancybox\" rel=\"264\">\n\n            <img data-image-id='13'\n                 title=\"\"\n                 alt=\"Biriatou_03\"\n                 src=\"https:\/\/www.ibardin.net\/wp-content\/gallery\/urrugne\/Biriatou_03.jpg\"\n                 style=\"max-height: 270px;\"\/>\n        <\/a>\n\n        <\/div> \n<div id=\"ngg-image-3\" class=\"ngg-gallery-slideshow-image\" style=\"height:290px\">\n\n        <a href=\"https:\/\/www.ibardin.net\/wp-content\/gallery\/urrugne\/Biriatou_04.jpg\"\n           title=\"\"\n           data-src=\"https:\/\/www.ibardin.net\/wp-content\/gallery\/urrugne\/Biriatou_04.jpg\"\n           data-thumbnail=\"https:\/\/www.ibardin.net\/wp-content\/gallery\/urrugne\/thumbs\/thumbs_Biriatou_04.jpg\"\n           data-image-id=\"14\"\n           data-title=\"Biriatou_04\"\n           data-description=\"\"\n           class=\"ngg-fancybox\" rel=\"264\">\n\n            <img data-image-id='14'\n                 title=\"\"\n                 alt=\"Biriatou_04\"\n                 src=\"https:\/\/www.ibardin.net\/wp-content\/gallery\/urrugne\/Biriatou_04.jpg\"\n                 style=\"max-height: 270px;\"\/>\n        <\/a>\n\n        <\/div> \n<div id=\"ngg-image-4\" class=\"ngg-gallery-slideshow-image\" style=\"height:290px\">\n\n        <a href=\"https:\/\/www.ibardin.net\/wp-content\/gallery\/urrugne\/Biriatou_05.jpg\"\n           title=\"\"\n           data-src=\"https:\/\/www.ibardin.net\/wp-content\/gallery\/urrugne\/Biriatou_05.jpg\"\n           data-thumbnail=\"https:\/\/www.ibardin.net\/wp-content\/gallery\/urrugne\/thumbs\/thumbs_Biriatou_05.jpg\"\n           data-image-id=\"15\"\n           data-title=\"Biriatou_05\"\n           data-description=\"\"\n           class=\"ngg-fancybox\" rel=\"264\">\n\n            <img data-image-id='15'\n                 title=\"\"\n                 alt=\"Biriatou_05\"\n                 src=\"https:\/\/www.ibardin.net\/wp-content\/gallery\/urrugne\/Biriatou_05.jpg\"\n                 style=\"max-height: 270px;\"\/>\n        <\/a>\n\n        <\/div> \n<\/div>\n\n\n\n<\/span>\n<\/div>\n<div class=\"one columns\"><\/div>\n<div class=\"ten columns\">\n<strong>Chateau d\u00b4Urtubie<\/strong><br \/>\nAppartenant \u00e0 la m\u00eame famille depuis sa construction en 1341, ce ch\u00e2teau fortifi\u00e9 a \u00e9t\u00e9 agrandi aux XVIe et XVIIIe si\u00e8cles pour devenir aujourd\u2019hui un Monument Historique tr\u00e8s accueillant, meubl\u00e9 et d\u00e9cor\u00e9 avec raffinement.<\/p>\n<p><strong>\u00c9glise St Vincent<\/strong><br \/>\nEdifi\u00e9 au XIe si\u00e8cle sous le patronage de Saint Vincent de Xaintes, premier \u00e9v\u00eaque de Dax, cet \u00e9difice a \u00e9t\u00e9 reconstruit au XVIe si\u00e8cle dans le style Renaissance.<br \/>\nCette \u00e9glise est class\u00e9e monument historique.<\/p>\n<p><strong>Corniche d\u00b4Urrugne<\/strong><br \/>\nAujourd\u2019hui Site Class\u00e9, la Corniche situ\u00e9e entre les communes de Ciboure et d\u2019Hendaye et longue de 7 km est l\u2019objet d\u2019une \u00e9tude lanc\u00e9e par le Conseil R\u00e9gional dans le but d\u2019un classement de Site Majeur de la Corniche Basque. La Corniche offre une vitrine unique au pied de La Rhune.<\/p>\n<p><strong>Chapelle Socorri<\/strong><br \/>\nDu XVIIIe si\u00e8cle, la chapelle Notre Dame de Socorri ou du Bon Secours situ\u00e9e au sommet d\u00b4une colline dominant Urrugne, est un lieu de p\u00e8lerinage ou un but de promenade tr\u00e8s connu dans la r\u00e9gion.<\/p>\n<p><strong>Xoldokogaina et Le Mont du Calvaire<\/strong><br \/>\nEn grimpant en haut du Xoldokogaina ou du Calvaire (petite chapelle au sommet), on \u00e0 l\u00b4occasion de voir de nombreux animaux \u00e9lev\u00e9s en toute libert\u00e9. Vous y trouverez notamment les pottoks, ces petits chevaux c\u00e9l\u00e8bres du Pays Basque, des brebis et quelques betizu ou vaches rustiques. Le point de vue dont on dispose est surprenant. Malgr\u00e9 la faible hauteur de ces montagnes, la plus \u00e9lev\u00e9e des deux est le Xoldokogaina avec 500m de haut, on peut admirer par beau temps toute la c\u00f4te des Landes, les montagnes comme La Rhune, Ursuia, Les Trois Couronnes..<\/p>\n<p><strong>Parc Oihana<\/strong><br \/>\nUn parcours d\u2019accro-branches pour tous, en toute s\u00e9curit\u00e9. 70 ateliers r\u00e9partis sur 6 niveaux. Tyros g\u00e9ants de 150 m, mega Tarzan.\n<\/div>","protected":false},"excerpt":{"rendered":"<p>Chateau d\u00b4Urtubie Appartenant \u00e0 la m\u00eame famille depuis sa construction en 1341, ce ch\u00e2teau fortifi\u00e9 a \u00e9t\u00e9 agrandi aux XVIe et XVIIIe si\u00e8cles pour devenir aujourd\u2019hui un Monument Historique tr\u00e8s accueillant, meubl\u00e9 et d\u00e9cor\u00e9 avec raffinement. \u00c9glise St Vincent Edifi\u00e9 au XIe si\u00e8cle sous le patronage de Saint Vincent de Xaintes, premier \u00e9v\u00eaque de Dax, cet \u00e9difice a \u00e9t\u00e9 reconstruit au XVIe si\u00e8cle dans&#8230; <a class=\"read-more\" href=\"https:\/\/www.ibardin.net\/fr\/informacion-turistica\/urrugne\/\">Read More<\/a><\/p>\n","protected":false},"author":1,"featured_media":0,"parent":6,"menu_order":3,"comment_status":"closed","ping_status":"closed","template":"template-full.php","meta":{"ngg_post_thumbnail":0,"jetpack_post_was_ever_published":false},"aioseo_notices":[],"jetpack_sharing_enabled":true,"jetpack_shortlink":"https:\/\/wp.me\/P6tRZc-e","jetpack-related-posts":[],"_links":{"self":[{"href":"https:\/\/www.ibardin.net\/fr\/wp-json\/wp\/v2\/pages\/14"}],"collection":[{"href":"https:\/\/www.ibardin.net\/fr\/wp-json\/wp\/v2\/pages"}],"about":[{"href":"https:\/\/www.ibardin.net\/fr\/wp-json\/wp\/v2\/types\/page"}],"author":[{"embeddable":true,"href":"https:\/\/www.ibardin.net\/fr\/wp-json\/wp\/v2\/users\/1"}],"replies":[{"embeddable":true,"href":"https:\/\/www.ibardin.net\/fr\/wp-json\/wp\/v2\/comments?post=14"}],"version-history":[{"count":6,"href":"https:\/\/www.ibardin.net\/fr\/wp-json\/wp\/v2\/pages\/14\/revisions"}],"predecessor-version":[{"id":814,"href":"https:\/\/www.ibardin.net\/fr\/wp-json\/wp\/v2\/pages\/14\/revisions\/814"}],"up":[{"embeddable":true,"href":"https:\/\/www.ibardin.net\/fr\/wp-json\/wp\/v2\/pages\/6"}],"wp:attachment":[{"href":"https:\/\/www.ibardin.net\/fr\/wp-json\/wp\/v2\/media?parent=14"}],"curies":[{"name":"wp","href":"https:\/\/api.w.org\/{rel}","templated":true}]}}