{"id":16,"date":"2015-07-14T11:33:26","date_gmt":"2015-07-14T11:33:26","guid":{"rendered":"http:\/\/www.ibardin.net\/?page_id=16"},"modified":"2015-08-19T08:36:59","modified_gmt":"2015-08-19T08:36:59","slug":"biriatou","status":"publish","type":"page","link":"https:\/\/www.ibardin.net\/fr\/informacion-turistica\/biriatou\/","title":{"rendered":"Biriatou"},"content":{"rendered":"<div class=\"five columns\">\n<span class=\"image-container ngg_displayed_gallery mceItem alignright\">\n\n<div class=\"ngg-galleryoverview ngg-slideshow\"\n\t id=\"ngg-slideshow-262-12134264120\"\n     data-gallery-id=\"262\"\n     style=\"max-width: 384px; max-height: 290px;\">\n\n \t<div id=\"ngg-image-0\" class=\"ngg-gallery-slideshow-image\" style=\"height:290px\">\n\n        <a href=\"https:\/\/www.ibardin.net\/wp-content\/gallery\/urrugne\/Biriatou_01.jpg\"\n           title=\"\"\n           data-src=\"https:\/\/www.ibardin.net\/wp-content\/gallery\/urrugne\/Biriatou_01.jpg\"\n           data-thumbnail=\"https:\/\/www.ibardin.net\/wp-content\/gallery\/urrugne\/thumbs\/thumbs_Biriatou_01.jpg\"\n           data-image-id=\"11\"\n           data-title=\"Biriatou_01\"\n           data-description=\"\"\n           class=\"ngg-fancybox\" rel=\"262\">\n\n            <img data-image-id='11'\n                 title=\"\"\n                 alt=\"Biriatou_01\"\n                 src=\"https:\/\/www.ibardin.net\/wp-content\/gallery\/urrugne\/Biriatou_01.jpg\"\n                 style=\"max-height: 270px;\"\/>\n        <\/a>\n\n        <\/div> \n<div id=\"ngg-image-1\" class=\"ngg-gallery-slideshow-image\" style=\"height:290px\">\n\n        <a href=\"https:\/\/www.ibardin.net\/wp-content\/gallery\/urrugne\/Biriatou_02.jpg\"\n           title=\"\"\n           data-src=\"https:\/\/www.ibardin.net\/wp-content\/gallery\/urrugne\/Biriatou_02.jpg\"\n           data-thumbnail=\"https:\/\/www.ibardin.net\/wp-content\/gallery\/urrugne\/thumbs\/thumbs_Biriatou_02.jpg\"\n           data-image-id=\"12\"\n           data-title=\"Biriatou_02\"\n           data-description=\"\"\n           class=\"ngg-fancybox\" rel=\"262\">\n\n            <img data-image-id='12'\n                 title=\"\"\n                 alt=\"Biriatou_02\"\n                 src=\"https:\/\/www.ibardin.net\/wp-content\/gallery\/urrugne\/Biriatou_02.jpg\"\n                 style=\"max-height: 270px;\"\/>\n        <\/a>\n\n        <\/div> \n<div id=\"ngg-image-2\" class=\"ngg-gallery-slideshow-image\" style=\"height:290px\">\n\n        <a href=\"https:\/\/www.ibardin.net\/wp-content\/gallery\/urrugne\/Biriatou_03.jpg\"\n           title=\"\"\n           data-src=\"https:\/\/www.ibardin.net\/wp-content\/gallery\/urrugne\/Biriatou_03.jpg\"\n           data-thumbnail=\"https:\/\/www.ibardin.net\/wp-content\/gallery\/urrugne\/thumbs\/thumbs_Biriatou_03.jpg\"\n           data-image-id=\"13\"\n           data-title=\"Biriatou_03\"\n           data-description=\"\"\n           class=\"ngg-fancybox\" rel=\"262\">\n\n            <img data-image-id='13'\n                 title=\"\"\n                 alt=\"Biriatou_03\"\n                 src=\"https:\/\/www.ibardin.net\/wp-content\/gallery\/urrugne\/Biriatou_03.jpg\"\n                 style=\"max-height: 270px;\"\/>\n        <\/a>\n\n        <\/div> \n<div id=\"ngg-image-3\" class=\"ngg-gallery-slideshow-image\" style=\"height:290px\">\n\n        <a href=\"https:\/\/www.ibardin.net\/wp-content\/gallery\/urrugne\/Biriatou_04.jpg\"\n           title=\"\"\n           data-src=\"https:\/\/www.ibardin.net\/wp-content\/gallery\/urrugne\/Biriatou_04.jpg\"\n           data-thumbnail=\"https:\/\/www.ibardin.net\/wp-content\/gallery\/urrugne\/thumbs\/thumbs_Biriatou_04.jpg\"\n           data-image-id=\"14\"\n           data-title=\"Biriatou_04\"\n           data-description=\"\"\n           class=\"ngg-fancybox\" rel=\"262\">\n\n            <img data-image-id='14'\n                 title=\"\"\n                 alt=\"Biriatou_04\"\n                 src=\"https:\/\/www.ibardin.net\/wp-content\/gallery\/urrugne\/Biriatou_04.jpg\"\n                 style=\"max-height: 270px;\"\/>\n        <\/a>\n\n        <\/div> \n<div id=\"ngg-image-4\" class=\"ngg-gallery-slideshow-image\" style=\"height:290px\">\n\n        <a href=\"https:\/\/www.ibardin.net\/wp-content\/gallery\/urrugne\/Biriatou_05.jpg\"\n           title=\"\"\n           data-src=\"https:\/\/www.ibardin.net\/wp-content\/gallery\/urrugne\/Biriatou_05.jpg\"\n           data-thumbnail=\"https:\/\/www.ibardin.net\/wp-content\/gallery\/urrugne\/thumbs\/thumbs_Biriatou_05.jpg\"\n           data-image-id=\"15\"\n           data-title=\"Biriatou_05\"\n           data-description=\"\"\n           class=\"ngg-fancybox\" rel=\"262\">\n\n            <img data-image-id='15'\n                 title=\"\"\n                 alt=\"Biriatou_05\"\n                 src=\"https:\/\/www.ibardin.net\/wp-content\/gallery\/urrugne\/Biriatou_05.jpg\"\n                 style=\"max-height: 270px;\"\/>\n        <\/a>\n\n        <\/div> \n<\/div>\n\n\n\n<\/span>\n<\/div>\n<div class=\"one columns\"><\/div>\n<div class=\"ten columns\">\n<strong>Le fronton<\/strong><br \/>\nOn joue \u00e0 la pelote basque \u00e0 main nue sur le fronton en terrain ouvert, au centre du village, avec notamment un tournoi estival rassemblant les amateurs des environs.<\/p>\n<p><strong>Le jeu de l\u00b4oie<\/strong><br \/>\nTous les ans, pendant les f\u00eates du village, a lieu le jeu de l\u00b4oie. Des jeunes \u00e0 cheval doivent arracher le cou d\u00b4une oie suspendue \u00e0 une corde. Le premier est le roi et a un sabre tandis que les autres se servent de leurs bras. Le jeu de l\u00b4oie est un rite d\u00b4initiation qui \u00e9tait tr\u00e8s r\u00e9pandu au Pays Basque.\n<\/div>","protected":false},"excerpt":{"rendered":"<p>Le fronton On joue \u00e0 la pelote basque \u00e0 main nue sur le fronton en terrain ouvert, au centre du village, avec notamment un tournoi estival rassemblant les amateurs des environs. Le jeu de l\u00b4oie Tous les ans, pendant les f\u00eates du village, a lieu le jeu de l\u00b4oie. Des jeunes \u00e0 cheval doivent arracher le cou d\u00b4une oie suspendue \u00e0 une corde. Le&#8230; <a class=\"read-more\" href=\"https:\/\/www.ibardin.net\/fr\/informacion-turistica\/biriatou\/\">Read More<\/a><\/p>\n","protected":false},"author":1,"featured_media":0,"parent":6,"menu_order":4,"comment_status":"closed","ping_status":"closed","template":"template-full.php","meta":{"ngg_post_thumbnail":0,"jetpack_post_was_ever_published":false},"aioseo_notices":[],"jetpack_sharing_enabled":true,"jetpack_shortlink":"https:\/\/wp.me\/P6tRZc-g","jetpack-related-posts":[],"_links":{"self":[{"href":"https:\/\/www.ibardin.net\/fr\/wp-json\/wp\/v2\/pages\/16"}],"collection":[{"href":"https:\/\/www.ibardin.net\/fr\/wp-json\/wp\/v2\/pages"}],"about":[{"href":"https:\/\/www.ibardin.net\/fr\/wp-json\/wp\/v2\/types\/page"}],"author":[{"embeddable":true,"href":"https:\/\/www.ibardin.net\/fr\/wp-json\/wp\/v2\/users\/1"}],"replies":[{"embeddable":true,"href":"https:\/\/www.ibardin.net\/fr\/wp-json\/wp\/v2\/comments?post=16"}],"version-history":[{"count":6,"href":"https:\/\/www.ibardin.net\/fr\/wp-json\/wp\/v2\/pages\/16\/revisions"}],"predecessor-version":[{"id":815,"href":"https:\/\/www.ibardin.net\/fr\/wp-json\/wp\/v2\/pages\/16\/revisions\/815"}],"up":[{"embeddable":true,"href":"https:\/\/www.ibardin.net\/fr\/wp-json\/wp\/v2\/pages\/6"}],"wp:attachment":[{"href":"https:\/\/www.ibardin.net\/fr\/wp-json\/wp\/v2\/media?parent=16"}],"curies":[{"name":"wp","href":"https:\/\/api.w.org\/{rel}","templated":true}]}}