{"id":18,"date":"2015-07-14T11:34:06","date_gmt":"2015-07-14T11:34:06","guid":{"rendered":"http:\/\/www.ibardin.net\/?page_id=18"},"modified":"2015-09-09T14:41:14","modified_gmt":"2015-09-09T14:41:14","slug":"comercios","status":"publish","type":"page","link":"https:\/\/www.ibardin.net\/fr\/comercios\/","title":{"rendered":"Les commerces"},"content":{"rendered":"A Ibardin vous pourrez associer la tranquillit\u00e9 du cadre naturel \u00e0 la meilleure s\u00e9lection de produits et de services mis \u00e0 disposition par nos ventas.<br \/>\nD\u00b4une gastronomie de qualit\u00e9 \u00e0 un important choix de cadeaux, tabac, vins et autres boissons alcoolis\u00e9es, meubles,\u2026<br \/>\nNous vous invitons \u00e0 d\u00e9couvrir Ibardin.<\/p>\n<p>Nous vous pr\u00e9sentons la liste de tous les commerces membres de l\u00b4association d\u00b4H\u00f4teliers et de Commer\u00e7ants d\u00b4Ibardin. S\u00e9lectionnez celui qui vous int\u00e9resse et vous obtiendrez plus d\u00b4informations sur ce que chacun a \u00e0 vous offrir.","protected":false},"excerpt":{"rendered":"<p>A Ibardin vous pourrez associer la tranquillit\u00e9 du cadre naturel \u00e0 la meilleure s\u00e9lection de produits et de services mis \u00e0 disposition par nos ventas. D\u00b4une gastronomie de qualit\u00e9 \u00e0 un important choix de cadeaux, tabac, vins et autres boissons alcoolis\u00e9es, meubles,\u2026 Nous vous invitons \u00e0 d\u00e9couvrir Ibardin. Nous vous pr\u00e9sentons la liste de tous les commerces membres de l\u00b4association d\u00b4H\u00f4teliers et de Commer\u00e7ants&#8230; <a class=\"read-more\" href=\"https:\/\/www.ibardin.net\/fr\/comercios\/\">Read More<\/a><\/p>\n","protected":false},"author":1,"featured_media":0,"parent":0,"menu_order":0,"comment_status":"closed","ping_status":"closed","template":"template-portfolio.php","meta":{"ngg_post_thumbnail":0,"jetpack_post_was_ever_published":false},"aioseo_notices":[],"jetpack_sharing_enabled":false,"jetpack_shortlink":"https:\/\/wp.me\/P6tRZc-i","jetpack-related-posts":[],"_links":{"self":[{"href":"https:\/\/www.ibardin.net\/fr\/wp-json\/wp\/v2\/pages\/18"}],"collection":[{"href":"https:\/\/www.ibardin.net\/fr\/wp-json\/wp\/v2\/pages"}],"about":[{"href":"https:\/\/www.ibardin.net\/fr\/wp-json\/wp\/v2\/types\/page"}],"author":[{"embeddable":true,"href":"https:\/\/www.ibardin.net\/fr\/wp-json\/wp\/v2\/users\/1"}],"replies":[{"embeddable":true,"href":"https:\/\/www.ibardin.net\/fr\/wp-json\/wp\/v2\/comments?post=18"}],"version-history":[{"count":13,"href":"https:\/\/www.ibardin.net\/fr\/wp-json\/wp\/v2\/pages\/18\/revisions"}],"predecessor-version":[{"id":817,"href":"https:\/\/www.ibardin.net\/fr\/wp-json\/wp\/v2\/pages\/18\/revisions\/817"}],"wp:attachment":[{"href":"https:\/\/www.ibardin.net\/fr\/wp-json\/wp\/v2\/media?parent=18"}],"curies":[{"name":"wp","href":"https:\/\/api.w.org\/{rel}","templated":true}]}}