{"id":20,"date":"2015-07-14T11:34:42","date_gmt":"2015-07-14T11:34:42","guid":{"rendered":"http:\/\/www.ibardin.net\/?page_id=20"},"modified":"2015-10-26T09:53:38","modified_gmt":"2015-10-26T09:53:38","slug":"paseos","status":"publish","type":"page","link":"https:\/\/www.ibardin.net\/fr\/paseos\/","title":{"rendered":"Paseos"},"content":{"rendered":"<strong>Promenade autour de<\/strong><\/p>\n<p>Nous offrons trois horizons diff\u00e9rents que vous pouvez profiter du paysage naturel de Ibardin. D&rsquo;abord, nous atteignons le lac qui se trouve \u00e0 quelques kilom\u00e8tres du centre-ville Ibardin; la seconde propose un itin\u00e9raire marqu\u00e9 par l&rsquo;histoire de l&rsquo;endroit qui nous permet d&rsquo;appr\u00e9cier les cromlechs de la r\u00e9gion, et le troisi\u00e8me nous donne l&rsquo;occasion d&rsquo;aborder les pentes du mont Larrun d\u00e9finies par les habitants comme le balcon de la c\u00f4te basque.<\/p>\n<p>Soit possibilit\u00e9 nous permet de respirer un air pur, de vertes prairies enjambant Red Rock, et profiter de magnifiques &#8230;.<\/p>\n<p>&nbsp;<\/p>\n<p>&nbsp;<\/p>","protected":false},"excerpt":{"rendered":"<p>Promenade autour de Nous offrons trois horizons diff\u00e9rents que vous pouvez profiter du paysage naturel de Ibardin. D&rsquo;abord, nous atteignons le lac qui se trouve \u00e0 quelques kilom\u00e8tres du centre-ville Ibardin; la seconde propose un itin\u00e9raire marqu\u00e9 par l&rsquo;histoire de l&rsquo;endroit qui nous permet d&rsquo;appr\u00e9cier les cromlechs de la r\u00e9gion, et le troisi\u00e8me nous donne l&rsquo;occasion d&rsquo;aborder les pentes du mont Larrun d\u00e9finies par&#8230; <a class=\"read-more\" href=\"https:\/\/www.ibardin.net\/fr\/paseos\/\">Read More<\/a><\/p>\n","protected":false},"author":1,"featured_media":1064,"parent":0,"menu_order":0,"comment_status":"closed","ping_status":"closed","template":"template-full.php","meta":{"ngg_post_thumbnail":0,"jetpack_post_was_ever_published":false},"aioseo_notices":[],"jetpack_sharing_enabled":true,"jetpack_shortlink":"https:\/\/wp.me\/P6tRZc-k","jetpack-related-posts":[],"_links":{"self":[{"href":"https:\/\/www.ibardin.net\/fr\/wp-json\/wp\/v2\/pages\/20"}],"collection":[{"href":"https:\/\/www.ibardin.net\/fr\/wp-json\/wp\/v2\/pages"}],"about":[{"href":"https:\/\/www.ibardin.net\/fr\/wp-json\/wp\/v2\/types\/page"}],"author":[{"embeddable":true,"href":"https:\/\/www.ibardin.net\/fr\/wp-json\/wp\/v2\/users\/1"}],"replies":[{"embeddable":true,"href":"https:\/\/www.ibardin.net\/fr\/wp-json\/wp\/v2\/comments?post=20"}],"version-history":[{"count":19,"href":"https:\/\/www.ibardin.net\/fr\/wp-json\/wp\/v2\/pages\/20\/revisions"}],"predecessor-version":[{"id":1072,"href":"https:\/\/www.ibardin.net\/fr\/wp-json\/wp\/v2\/pages\/20\/revisions\/1072"}],"wp:featuredmedia":[{"embeddable":true,"href":"https:\/\/www.ibardin.net\/fr\/wp-json\/wp\/v2\/media\/1064"}],"wp:attachment":[{"href":"https:\/\/www.ibardin.net\/fr\/wp-json\/wp\/v2\/media?parent=20"}],"curies":[{"name":"wp","href":"https:\/\/api.w.org\/{rel}","templated":true}]}}