{"id":27,"date":"2015-07-14T11:39:47","date_gmt":"2015-07-14T11:39:47","guid":{"rendered":"http:\/\/www.ibardin.net\/?page_id=27"},"modified":"2015-08-19T09:07:03","modified_gmt":"2015-08-19T09:07:03","slug":"faldas-de-larrun","status":"publish","type":"page","link":"https:\/\/www.ibardin.net\/fr\/paseos\/faldas-de-larrun\/","title":{"rendered":"Coteau de La Rhune"},"content":{"rendered":"<div class=\"eight columns\"><span class=\"image-container alignright size-full wp-image-820\"><img data-attachment-id=\"820\" data-permalink=\"https:\/\/www.ibardin.net\/fr\/paseos\/lago-de-ibardin\/paseoc\/\" data-orig-file=\"https:\/\/i0.wp.com\/www.ibardin.net\/wp-content\/uploads\/2015\/07\/PaseoC.jpg?fit=526%2C320&amp;ssl=1\" data-orig-size=\"526,320\" data-comments-opened=\"1\" data-image-meta=\"{&quot;aperture&quot;:&quot;0&quot;,&quot;credit&quot;:&quot;&quot;,&quot;camera&quot;:&quot;&quot;,&quot;caption&quot;:&quot;&quot;,&quot;created_timestamp&quot;:&quot;0&quot;,&quot;copyright&quot;:&quot;&quot;,&quot;focal_length&quot;:&quot;0&quot;,&quot;iso&quot;:&quot;0&quot;,&quot;shutter_speed&quot;:&quot;0&quot;,&quot;title&quot;:&quot;&quot;,&quot;orientation&quot;:&quot;0&quot;}\" data-image-title=\"PaseoC\" data-image-description=\"\" data-image-caption=\"\" data-medium-file=\"https:\/\/i0.wp.com\/www.ibardin.net\/wp-content\/uploads\/2015\/07\/PaseoC.jpg?fit=300%2C183&amp;ssl=1\" data-large-file=\"https:\/\/i0.wp.com\/www.ibardin.net\/wp-content\/uploads\/2015\/07\/PaseoC.jpg?fit=526%2C320&amp;ssl=1\" decoding=\"async\" loading=\"lazy\" src=\"https:\/\/i0.wp.com\/www.ibardin.net\/wp-content\/uploads\/2015\/07\/PaseoC.jpg?resize=526%2C320\" alt=\"PaseoC\" width=\"526\" height=\"320\" class=\"alignright size-full wp-image-820\" srcset=\"https:\/\/i0.wp.com\/www.ibardin.net\/wp-content\/uploads\/2015\/07\/PaseoC.jpg?w=526&amp;ssl=1 526w, https:\/\/i0.wp.com\/www.ibardin.net\/wp-content\/uploads\/2015\/07\/PaseoC.jpg?resize=300%2C183&amp;ssl=1 300w\" sizes=\"(max-width: 526px) 100vw, 526px\" data-recalc-dims=\"1\" \/><\/span><\/div>\n<div class=\"one columns\"><\/div>\n<div class=\"seven columns\">\n<strong>Le circuit:<\/strong><br \/>\nLe circuit commence en bas d\u00b4Ibardin, en direction de Bera, \u00e0 partir du premier croisement \u00e0 quelques m\u00e8tres du point de d\u00e9part. En suivant le sentier nous arriverons \u00e0 un endroit avec de magnifiques vues panoramiques sur le mont La Rhune et les Pyr\u00e9n\u00e9es Navarrais. En suivant les bornes frontali\u00e8res en direction d\u00b4Ibardin, nous descendrons jusqu\u00b4\u00e0 la route pour rejoindre le point de d\u00e9part.<br \/>\n<strong><br \/>\nDistance:<\/strong><br \/>\n3125 m<br \/>\n<strong><br \/>\nTemps:<\/strong><br \/>\n50\u00b4<\/p>\n<p><strong>Lieux d\u00b4int\u00e9r\u00eat:<\/strong><br \/>\n\u2022 Vues panoramiques sur La Rhune et les Pyr\u00e9n\u00e9es Navarrais\n<\/div>","protected":false},"excerpt":{"rendered":"<p>Le circuit: Le circuit commence en bas d\u00b4Ibardin, en direction de Bera, \u00e0 partir du premier croisement \u00e0 quelques m\u00e8tres du point de d\u00e9part. En suivant le sentier nous arriverons \u00e0 un endroit avec de magnifiques vues panoramiques sur le mont La Rhune et les Pyr\u00e9n\u00e9es Navarrais. En suivant les bornes frontali\u00e8res en direction d\u00b4Ibardin, nous descendrons jusqu\u00b4\u00e0 la route pour rejoindre le point&#8230; <a class=\"read-more\" href=\"https:\/\/www.ibardin.net\/fr\/paseos\/faldas-de-larrun\/\">Read More<\/a><\/p>\n","protected":false},"author":1,"featured_media":0,"parent":20,"menu_order":3,"comment_status":"closed","ping_status":"closed","template":"template-full.php","meta":{"ngg_post_thumbnail":0,"jetpack_post_was_ever_published":false},"aioseo_notices":[],"jetpack_sharing_enabled":true,"jetpack_shortlink":"https:\/\/wp.me\/P6tRZc-r","jetpack-related-posts":[],"_links":{"self":[{"href":"https:\/\/www.ibardin.net\/fr\/wp-json\/wp\/v2\/pages\/27"}],"collection":[{"href":"https:\/\/www.ibardin.net\/fr\/wp-json\/wp\/v2\/pages"}],"about":[{"href":"https:\/\/www.ibardin.net\/fr\/wp-json\/wp\/v2\/types\/page"}],"author":[{"embeddable":true,"href":"https:\/\/www.ibardin.net\/fr\/wp-json\/wp\/v2\/users\/1"}],"replies":[{"embeddable":true,"href":"https:\/\/www.ibardin.net\/fr\/wp-json\/wp\/v2\/comments?post=27"}],"version-history":[{"count":2,"href":"https:\/\/www.ibardin.net\/fr\/wp-json\/wp\/v2\/pages\/27\/revisions"}],"predecessor-version":[{"id":828,"href":"https:\/\/www.ibardin.net\/fr\/wp-json\/wp\/v2\/pages\/27\/revisions\/828"}],"up":[{"embeddable":true,"href":"https:\/\/www.ibardin.net\/fr\/wp-json\/wp\/v2\/pages\/20"}],"wp:attachment":[{"href":"https:\/\/www.ibardin.net\/fr\/wp-json\/wp\/v2\/media?parent=27"}],"curies":[{"name":"wp","href":"https:\/\/api.w.org\/{rel}","templated":true}]}}