{"id":317,"date":"2015-07-30T11:12:04","date_gmt":"2015-07-30T11:12:04","guid":{"rendered":"http:\/\/www.ibardin.net\/?page_id=317"},"modified":"2015-07-30T12:10:19","modified_gmt":"2015-07-30T12:10:19","slug":"venta-mugica-liqueurs","status":"publish","type":"page","link":"https:\/\/www.ibardin.net\/fr\/venta-mugica-liqueurs\/","title":{"rendered":"Venta Mugica Liqueurs"},"content":{"rendered":"<div class=\"organic-column two-third\">\nEsta venta se caracteriza por su especializaci\u00f3n en venta de bebidas, as\u00ed como el profundo conocimiento de las mismas con el fin de asesorar a los clientes. Destaca tambi\u00e9n, la atenci\u00f3n personalizada a cada cliente.<\/p>\n<p>Si busca cualquier tipo de bebida&#8230;<br \/>\nLA ENCONTRAR\u00c1 EN VENTA MUGICA<\/p>\n<p>Actividad:<br \/>\nVenta de todo tipo de bebidas, art\u00edculos de regalo relacionados con las bebidas y tabaco.<\/p>\n<h5>Qu\u00e9 ofrecemos:<\/h5>\n<ul>\n<li>Aperitivos<\/li>\n<li>Whisky: Bourbon, Scotch, Irish, Canadian<\/li>\n<li>Brandy de jerez<\/li>\n<li>Armagnac y Cognac<\/li>\n<li>Ginebra<\/li>\n<li>Vodka<\/li>\n<li>Ron: cubano, de la Martinique, venezolano<\/li>\n<li>An\u00eds<\/li>\n<li>Pastis<\/li>\n<li>Licores de frutas<\/li>\n<li>Oportos<\/li>\n<li>Vinos<\/li>\n<\/ul>\n<h5>A destacar:<\/h5>\n<p>Gran variedad de bebidas originarias<br \/>\nde diferentes pa\u00edses del mundo:<\/p>\n<ul>\n<li>Sake, japon\u00e9s<\/li>\n<li>Stroh 80% vol. Austr\u00edaco<\/li>\n<li>Akuavit taffel Aalborg, dan\u00e9s<\/li>\n<li>Mezcal, mexicano<\/li>\n<li>Pisco, peruano<\/li>\n<li>Cacha\u00e7a, brasile\u00f1o<\/li>\n<li>Cap Corse, griego<\/li>\n<\/ul>\n<h5>Gran variedad de bebidas francesas:<\/h5>\n<ul>\n<li>Pineau de Charentes<\/li>\n<li>G\u00e9n\u00e9pi de Montagne<\/li>\n<li>Liqueur de P\u00e9che de Vigne<\/li>\n<li>Etc&#8230;<\/li>\n<\/ul>\n<h5>Contacto:<\/h5>\n<p>Nieves M\u00fagica<\/p>\n<h5>D\u00f3nde estamos:<\/h5>\n<p>Alto de Ibardin &#8211; 31780 Bera\/Vera de Bidasoa (Navarra) &#8211; <a href=\"mailto:alzuriastondoasl@yahoo.es\" target=\"_blank\">alzuriastondoasl@yahoo.es<\/a><br \/>\nTel: 0034 948 631 542<br \/>\nFax: 0034 948 631 542<\/p>\n<\/div>\n<div class=\"organic-column one-third last\">\n<span class=\"image-container alignright wp-image-136 size-full\"><img data-attachment-id=\"136\" data-permalink=\"https:\/\/www.ibardin.net\/fr\/10-v_mugica1\/\" data-orig-file=\"https:\/\/i0.wp.com\/www.ibardin.net\/wp-content\/uploads\/2015\/07\/10-V_Mugica1.jpg?fit=388%2C258&amp;ssl=1\" data-orig-size=\"388,258\" data-comments-opened=\"1\" data-image-meta=\"{&quot;aperture&quot;:&quot;8&quot;,&quot;credit&quot;:&quot;&quot;,&quot;camera&quot;:&quot;NIKON D2X&quot;,&quot;caption&quot;:&quot;&quot;,&quot;created_timestamp&quot;:&quot;0&quot;,&quot;copyright&quot;:&quot;&quot;,&quot;focal_length&quot;:&quot;15&quot;,&quot;iso&quot;:&quot;100&quot;,&quot;shutter_speed&quot;:&quot;0.0008&quot;,&quot;title&quot;:&quot;&quot;,&quot;orientation&quot;:&quot;1&quot;}\" data-image-title=\"10-V_Mugica1\" data-image-description=\"\" data-image-caption=\"\" data-medium-file=\"https:\/\/i0.wp.com\/www.ibardin.net\/wp-content\/uploads\/2015\/07\/10-V_Mugica1.jpg?fit=300%2C199&amp;ssl=1\" data-large-file=\"https:\/\/i0.wp.com\/www.ibardin.net\/wp-content\/uploads\/2015\/07\/10-V_Mugica1.jpg?fit=388%2C258&amp;ssl=1\" decoding=\"async\" loading=\"lazy\" class=\"alignright wp-image-136 size-full\" src=\"https:\/\/i0.wp.com\/www.ibardin.net\/wp-content\/uploads\/2015\/07\/10-V_Mugica1.jpg?resize=388%2C258\" alt=\"\" width=\"388\" height=\"258\" srcset=\"https:\/\/i0.wp.com\/www.ibardin.net\/wp-content\/uploads\/2015\/07\/10-V_Mugica1.jpg?w=388&amp;ssl=1 388w, https:\/\/i0.wp.com\/www.ibardin.net\/wp-content\/uploads\/2015\/07\/10-V_Mugica1.jpg?resize=300%2C199&amp;ssl=1 300w\" sizes=\"(max-width: 388px) 100vw, 388px\" data-recalc-dims=\"1\" \/><\/span><br \/>\n<span class=\"image-container alignright wp-image-360 size-full\"><img data-attachment-id=\"360\" data-permalink=\"https:\/\/www.ibardin.net\/fr\/10-v_mugica1_1\/\" data-orig-file=\"https:\/\/i0.wp.com\/www.ibardin.net\/wp-content\/uploads\/2015\/07\/10-V_Mugica1_1.jpg?fit=388%2C258&amp;ssl=1\" data-orig-size=\"388,258\" data-comments-opened=\"1\" data-image-meta=\"{&quot;aperture&quot;:&quot;11&quot;,&quot;credit&quot;:&quot;&quot;,&quot;camera&quot;:&quot;NIKON D2X&quot;,&quot;caption&quot;:&quot;&quot;,&quot;created_timestamp&quot;:&quot;0&quot;,&quot;copyright&quot;:&quot;&quot;,&quot;focal_length&quot;:&quot;15&quot;,&quot;iso&quot;:&quot;100&quot;,&quot;shutter_speed&quot;:&quot;0.012501562695337&quot;,&quot;title&quot;:&quot;&quot;,&quot;orientation&quot;:&quot;1&quot;}\" data-image-title=\"10-V_Mugica1_1\" data-image-description=\"\" data-image-caption=\"\" data-medium-file=\"https:\/\/i0.wp.com\/www.ibardin.net\/wp-content\/uploads\/2015\/07\/10-V_Mugica1_1.jpg?fit=300%2C199&amp;ssl=1\" data-large-file=\"https:\/\/i0.wp.com\/www.ibardin.net\/wp-content\/uploads\/2015\/07\/10-V_Mugica1_1.jpg?fit=388%2C258&amp;ssl=1\" decoding=\"async\" loading=\"lazy\" class=\"alignright wp-image-360 size-full\" src=\"https:\/\/i0.wp.com\/www.ibardin.net\/wp-content\/uploads\/2015\/07\/10-V_Mugica1_1.jpg?resize=388%2C258\" alt=\"\" width=\"388\" height=\"258\" srcset=\"https:\/\/i0.wp.com\/www.ibardin.net\/wp-content\/uploads\/2015\/07\/10-V_Mugica1_1.jpg?w=388&amp;ssl=1 388w, https:\/\/i0.wp.com\/www.ibardin.net\/wp-content\/uploads\/2015\/07\/10-V_Mugica1_1.jpg?resize=300%2C199&amp;ssl=1 300w\" sizes=\"(max-width: 388px) 100vw, 388px\" data-recalc-dims=\"1\" \/><\/span><\/p>\n<div style=\"text-align: right;\">\n<p>&nbsp;<\/p>\n<p>&nbsp;<\/p>\n<p>&nbsp;<br \/>\n&nbsp;<\/p>\n<p>&nbsp;<\/p>\n<p>&nbsp;<br \/>\n&nbsp;<\/p>\n<p>&nbsp;<\/p>\n<p>&nbsp;<br \/>\n&nbsp;<\/p>\n<p>&nbsp;<\/p>\n<p>&nbsp;<br \/>\n&nbsp;<\/p>\n<p>&nbsp;<\/p>\n<p>&nbsp;<br \/>\n&nbsp;<\/p>\n<p>&nbsp;<\/p>\n<p>&nbsp;<\/p>\n<p><a>Volver<\/a><\/p>\n<\/div>\n<\/div><div class=\"clearboth\"><\/div>\n<p><iframe loading=\"lazy\" src=\"https:\/\/www.google.com\/maps\/d\/embed?mid=z7xB_XP4oQ8A.kAldfL1GXDGI&amp;z=18\" width=\"100%\" height=\"480\"><\/iframe><\/p>\n","protected":false},"excerpt":{"rendered":"","protected":false},"author":1,"featured_media":0,"parent":0,"menu_order":0,"comment_status":"closed","ping_status":"closed","template":"template-full.php","meta":{"ngg_post_thumbnail":0,"jetpack_post_was_ever_published":false},"aioseo_notices":[],"jetpack_sharing_enabled":false,"jetpack_shortlink":"https:\/\/wp.me\/P6tRZc-57","jetpack-related-posts":[],"_links":{"self":[{"href":"https:\/\/www.ibardin.net\/fr\/wp-json\/wp\/v2\/pages\/317"}],"collection":[{"href":"https:\/\/www.ibardin.net\/fr\/wp-json\/wp\/v2\/pages"}],"about":[{"href":"https:\/\/www.ibardin.net\/fr\/wp-json\/wp\/v2\/types\/page"}],"author":[{"embeddable":true,"href":"https:\/\/www.ibardin.net\/fr\/wp-json\/wp\/v2\/users\/1"}],"replies":[{"embeddable":true,"href":"https:\/\/www.ibardin.net\/fr\/wp-json\/wp\/v2\/comments?post=317"}],"version-history":[{"count":5,"href":"https:\/\/www.ibardin.net\/fr\/wp-json\/wp\/v2\/pages\/317\/revisions"}],"predecessor-version":[{"id":406,"href":"https:\/\/www.ibardin.net\/fr\/wp-json\/wp\/v2\/pages\/317\/revisions\/406"}],"wp:attachment":[{"href":"https:\/\/www.ibardin.net\/fr\/wp-json\/wp\/v2\/media?parent=317"}],"curies":[{"name":"wp","href":"https:\/\/api.w.org\/{rel}","templated":true}]}}