{"id":33,"date":"2015-07-14T11:44:42","date_gmt":"2015-07-14T11:44:42","guid":{"rendered":"http:\/\/www.ibardin.net\/?page_id=33"},"modified":"2015-08-19T09:15:58","modified_gmt":"2015-08-19T09:15:58","slug":"accesos","status":"publish","type":"page","link":"https:\/\/www.ibardin.net\/fr\/como-llegar\/accesos\/","title":{"rendered":"Les voies d\u00b4acc\u00e8s"},"content":{"rendered":"<div class=\"eight columns\">\n<span class=\"image-container alignright size-full wp-image-269\"><img data-attachment-id=\"269\" data-permalink=\"https:\/\/www.ibardin.net\/fr\/como-llegar\/accesos\/tmp-accesos\/\" data-orig-file=\"https:\/\/i0.wp.com\/www.ibardin.net\/wp-content\/uploads\/2015\/07\/tmp-accesos.jpg?fit=589%2C503&amp;ssl=1\" data-orig-size=\"589,503\" data-comments-opened=\"1\" data-image-meta=\"{&quot;aperture&quot;:&quot;0&quot;,&quot;credit&quot;:&quot;&quot;,&quot;camera&quot;:&quot;&quot;,&quot;caption&quot;:&quot;&quot;,&quot;created_timestamp&quot;:&quot;0&quot;,&quot;copyright&quot;:&quot;&quot;,&quot;focal_length&quot;:&quot;0&quot;,&quot;iso&quot;:&quot;0&quot;,&quot;shutter_speed&quot;:&quot;0&quot;,&quot;title&quot;:&quot;&quot;,&quot;orientation&quot;:&quot;0&quot;}\" data-image-title=\"tmp-accesos\" data-image-description=\"\" data-image-caption=\"\" data-medium-file=\"https:\/\/i0.wp.com\/www.ibardin.net\/wp-content\/uploads\/2015\/07\/tmp-accesos.jpg?fit=300%2C256&amp;ssl=1\" data-large-file=\"https:\/\/i0.wp.com\/www.ibardin.net\/wp-content\/uploads\/2015\/07\/tmp-accesos.jpg?fit=589%2C503&amp;ssl=1\" decoding=\"async\" loading=\"lazy\" class=\"alignright size-full wp-image-269\" src=\"https:\/\/i0.wp.com\/www.ibardin.net\/wp-content\/uploads\/2015\/07\/tmp-accesos.jpg?resize=589%2C503\" alt=\"tmp-accesos\" width=\"589\" height=\"503\" srcset=\"https:\/\/i0.wp.com\/www.ibardin.net\/wp-content\/uploads\/2015\/07\/tmp-accesos.jpg?w=589&amp;ssl=1 589w, https:\/\/i0.wp.com\/www.ibardin.net\/wp-content\/uploads\/2015\/07\/tmp-accesos.jpg?resize=300%2C256&amp;ssl=1 300w\" sizes=\"(max-width: 589px) 100vw, 589px\" data-recalc-dims=\"1\" \/><\/span>\n<\/div>\n<div class=\"one columns\"><\/div>\n<div class=\"seven columns\">\n Les autoroutes A3 et A63 constituent les voies d\u00b4acc\u00e8s principales pour nos visiteurs les plus \u00e9loign\u00e9s. En y acc\u00e9dant depuis la A8, il vous faudra prendre la sortie Behobia, passer par Bera et monter un petit col en direction d\u00b4Ibardin. Si vous venez par la A63, prenez la sortie 2 \u00e0 Saint-Jean-de-Luz en direction d\u00b4Urrugne puis montez un petit col jusqu\u00b4\u00e0 Ibardin.<\/p>\n<p>Si vous d\u00e9sirez planifier le parcours plus en d\u00e9tails, il vous est possible d\u00b4acc\u00e9der aux liens de GoogleMaps et GoogleEarth pr\u00e9sent\u00e9s ci-joints.<\/p>\n<p>Voir l\u00b4endroit sur<\/p>\n<ul>\n<li><a href=\"http:\/\/maps.google.es\/maps?f=q&amp;hl=es&amp;geocode=&amp;q=Ibardin,+Navarra&amp;sll=40.396764,-3.713379&amp;sspn=11.221989,22.609863&amp;ie=UTF8&amp;ll=43.309378,-1.684256&amp;spn=0.041908,0.08832&amp;z=14&amp;iwloc=addr\" target=\"_blank\">Google Maps.<\/a><\/li>\n<li><a href=\"http:\/\/www.ibardin.net\/wp-content\/uploads\/2015\/07\/Ibardin.zip\">D\u00e9charger placemark Google Earth.<\/a><\/li>\n<\/ul>\n<\/div>","protected":false},"excerpt":{"rendered":"<p>Les autoroutes A3 et A63 constituent les voies d\u00b4acc\u00e8s principales pour nos visiteurs les plus \u00e9loign\u00e9s. En y acc\u00e9dant depuis la A8, il vous faudra prendre la sortie Behobia, passer par Bera et monter un petit col en direction d\u00b4Ibardin. Si vous venez par la A63, prenez la sortie 2 \u00e0 Saint-Jean-de-Luz en direction d\u00b4Urrugne puis montez un petit col jusqu\u00b4\u00e0 Ibardin. Si vous&#8230; <a class=\"read-more\" href=\"https:\/\/www.ibardin.net\/fr\/como-llegar\/accesos\/\">Read More<\/a><\/p>\n","protected":false},"author":1,"featured_media":0,"parent":31,"menu_order":1,"comment_status":"closed","ping_status":"closed","template":"template-full.php","meta":{"ngg_post_thumbnail":0,"jetpack_post_was_ever_published":false},"aioseo_notices":[],"jetpack_sharing_enabled":false,"jetpack_shortlink":"https:\/\/wp.me\/P6tRZc-x","jetpack-related-posts":[],"_links":{"self":[{"href":"https:\/\/www.ibardin.net\/fr\/wp-json\/wp\/v2\/pages\/33"}],"collection":[{"href":"https:\/\/www.ibardin.net\/fr\/wp-json\/wp\/v2\/pages"}],"about":[{"href":"https:\/\/www.ibardin.net\/fr\/wp-json\/wp\/v2\/types\/page"}],"author":[{"embeddable":true,"href":"https:\/\/www.ibardin.net\/fr\/wp-json\/wp\/v2\/users\/1"}],"replies":[{"embeddable":true,"href":"https:\/\/www.ibardin.net\/fr\/wp-json\/wp\/v2\/comments?post=33"}],"version-history":[{"count":7,"href":"https:\/\/www.ibardin.net\/fr\/wp-json\/wp\/v2\/pages\/33\/revisions"}],"predecessor-version":[{"id":831,"href":"https:\/\/www.ibardin.net\/fr\/wp-json\/wp\/v2\/pages\/33\/revisions\/831"}],"up":[{"embeddable":true,"href":"https:\/\/www.ibardin.net\/fr\/wp-json\/wp\/v2\/pages\/31"}],"wp:attachment":[{"href":"https:\/\/www.ibardin.net\/fr\/wp-json\/wp\/v2\/media?parent=33"}],"curies":[{"name":"wp","href":"https:\/\/api.w.org\/{rel}","templated":true}]}}