{"id":347,"date":"2015-07-30T11:21:37","date_gmt":"2015-07-30T11:21:37","guid":{"rendered":"http:\/\/www.ibardin.net\/?page_id=347"},"modified":"2015-08-03T10:14:55","modified_gmt":"2015-08-03T10:14:55","slug":"benta-peio","status":"publish","type":"page","link":"https:\/\/www.ibardin.net\/fr\/benta-peio\/","title":{"rendered":"Benta Peio"},"content":{"rendered":"<div class=\"organic-column two-third\">\n<p>La Venta Peio cuello Ibardin es conseguir un cambio de imagen. Ella es la m\u00e1s antigua de nuestras ventas y est\u00e1 situado en la cima de una monta\u00f1a con vistas a la localidad de Urrugne. Impresionantes vistas del Pa\u00eds Vasco y de la monta\u00f1a de Rhune esperan.<\/p>\n<p>Ven y \u00fanete a la empresa con el placer y pasar un d\u00eda de compras un poco diferentes a s\u00f3lo 20 minutos de San Juan de Luz.<\/p>\n<p>La Venta Peio cuello Ibardin es un bar restaurante abierto cada almuerzo, todos los d\u00edas del a\u00f1o, y un espacio comercial proponemos descubrir haciendo clic en las opciones de abajo contras &#8230;<\/p>\n<h5>Qu\u00e9 ofrecemos:<\/h5>\n<ul>\n<li>Tabaco y puros<\/li>\n<li>Superservicio de Alimentaci\u00f3n y Bebidas<\/li>\n<li>Regalo, Ferreter\u00eda y Menaje<\/li>\n<li>Bar y cafeter\u00eda<\/li>\n<\/ul>\n<h5>Contacto:<\/h5>\n<p>Ferm\u00edn Martikorena<\/p>\n<h5>D\u00f3nde estamos:<\/h5>\n<p>Alto de Ibardin &#8211; 31780 Bera\/Vera de Bidasoa (Navarra) &#8211; <a href=\"mailto:ventapeio@ibardin.info\" target=\"_blank\">ventapeio@ibardin.info<\/a><br \/>\nTel: 0034 948 63 07 19<br \/>\nTel: 0034 948 62 50 16<br \/>\nTel: 0034 948 63 13 06<\/p>\n<\/div>\n<div class=\"organic-column one-third last\">\n<span class=\"image-container alignright wp-image-458 size-full\"><img data-attachment-id=\"458\" data-permalink=\"https:\/\/www.ibardin.net\/fr\/benta-peio\/ventapeio\/\" data-orig-file=\"https:\/\/i0.wp.com\/www.ibardin.net\/wp-content\/uploads\/2015\/07\/ventapeio.jpg?fit=388%2C258&amp;ssl=1\" data-orig-size=\"388,258\" data-comments-opened=\"1\" data-image-meta=\"{&quot;aperture&quot;:&quot;0&quot;,&quot;credit&quot;:&quot;&quot;,&quot;camera&quot;:&quot;&quot;,&quot;caption&quot;:&quot;&quot;,&quot;created_timestamp&quot;:&quot;0&quot;,&quot;copyright&quot;:&quot;&quot;,&quot;focal_length&quot;:&quot;0&quot;,&quot;iso&quot;:&quot;0&quot;,&quot;shutter_speed&quot;:&quot;0&quot;,&quot;title&quot;:&quot;&quot;,&quot;orientation&quot;:&quot;0&quot;}\" data-image-title=\"ventapeio\" data-image-description=\"\" data-image-caption=\"\" data-medium-file=\"https:\/\/i0.wp.com\/www.ibardin.net\/wp-content\/uploads\/2015\/07\/ventapeio.jpg?fit=300%2C199&amp;ssl=1\" data-large-file=\"https:\/\/i0.wp.com\/www.ibardin.net\/wp-content\/uploads\/2015\/07\/ventapeio.jpg?fit=388%2C258&amp;ssl=1\" decoding=\"async\" loading=\"lazy\" class=\"alignright wp-image-458 size-full\" src=\"https:\/\/i0.wp.com\/www.ibardin.net\/wp-content\/uploads\/2015\/07\/ventapeio.jpg?resize=388%2C258\" alt=\"\" width=\"388\" height=\"258\" srcset=\"https:\/\/i0.wp.com\/www.ibardin.net\/wp-content\/uploads\/2015\/07\/ventapeio.jpg?w=388&amp;ssl=1 388w, https:\/\/i0.wp.com\/www.ibardin.net\/wp-content\/uploads\/2015\/07\/ventapeio.jpg?resize=300%2C199&amp;ssl=1 300w\" sizes=\"(max-width: 388px) 100vw, 388px\" data-recalc-dims=\"1\" \/><\/span><br \/>\n<span class=\"image-container alignright wp-image-375 size-full\"><img data-attachment-id=\"375\" data-permalink=\"https:\/\/www.ibardin.net\/fr\/34-peio_int01\/\" data-orig-file=\"https:\/\/i0.wp.com\/www.ibardin.net\/wp-content\/uploads\/2015\/07\/34-Peio_INT01.jpg?fit=388%2C258&amp;ssl=1\" data-orig-size=\"388,258\" data-comments-opened=\"1\" data-image-meta=\"{&quot;aperture&quot;:&quot;0&quot;,&quot;credit&quot;:&quot;&quot;,&quot;camera&quot;:&quot;&quot;,&quot;caption&quot;:&quot;&quot;,&quot;created_timestamp&quot;:&quot;0&quot;,&quot;copyright&quot;:&quot;&quot;,&quot;focal_length&quot;:&quot;0&quot;,&quot;iso&quot;:&quot;0&quot;,&quot;shutter_speed&quot;:&quot;0&quot;,&quot;title&quot;:&quot;&quot;,&quot;orientation&quot;:&quot;0&quot;}\" data-image-title=\"34-Peio_INT01\" data-image-description=\"\" data-image-caption=\"\" data-medium-file=\"https:\/\/i0.wp.com\/www.ibardin.net\/wp-content\/uploads\/2015\/07\/34-Peio_INT01.jpg?fit=300%2C199&amp;ssl=1\" data-large-file=\"https:\/\/i0.wp.com\/www.ibardin.net\/wp-content\/uploads\/2015\/07\/34-Peio_INT01.jpg?fit=388%2C258&amp;ssl=1\" decoding=\"async\" loading=\"lazy\" class=\"alignright wp-image-375 size-full\" src=\"https:\/\/i0.wp.com\/www.ibardin.net\/wp-content\/uploads\/2015\/07\/34-Peio_INT01.jpg?resize=388%2C258\" alt=\"\" width=\"388\" height=\"258\" srcset=\"https:\/\/i0.wp.com\/www.ibardin.net\/wp-content\/uploads\/2015\/07\/34-Peio_INT01.jpg?w=388&amp;ssl=1 388w, https:\/\/i0.wp.com\/www.ibardin.net\/wp-content\/uploads\/2015\/07\/34-Peio_INT01.jpg?resize=300%2C199&amp;ssl=1 300w\" sizes=\"(max-width: 388px) 100vw, 388px\" data-recalc-dims=\"1\" \/><\/span><\/p>\n<\/div><div class=\"clearboth\"><\/div>\n<iframe loading=\"lazy\" src=\"https:\/\/www.google.com\/maps\/d\/embed?mid=z7xB_XP4oQ8A.k1JAm7wKkgQ4&amp;z=18\" width=\"100%\" height=\"480\"><\/iframe><\/p>\n","protected":false},"excerpt":{"rendered":"","protected":false},"author":1,"featured_media":0,"parent":0,"menu_order":0,"comment_status":"closed","ping_status":"closed","template":"template-full.php","meta":{"ngg_post_thumbnail":0,"jetpack_post_was_ever_published":false},"aioseo_notices":[],"jetpack_sharing_enabled":false,"jetpack_shortlink":"https:\/\/wp.me\/P6tRZc-5B","jetpack-related-posts":[],"_links":{"self":[{"href":"https:\/\/www.ibardin.net\/fr\/wp-json\/wp\/v2\/pages\/347"}],"collection":[{"href":"https:\/\/www.ibardin.net\/fr\/wp-json\/wp\/v2\/pages"}],"about":[{"href":"https:\/\/www.ibardin.net\/fr\/wp-json\/wp\/v2\/types\/page"}],"author":[{"embeddable":true,"href":"https:\/\/www.ibardin.net\/fr\/wp-json\/wp\/v2\/users\/1"}],"replies":[{"embeddable":true,"href":"https:\/\/www.ibardin.net\/fr\/wp-json\/wp\/v2\/comments?post=347"}],"version-history":[{"count":5,"href":"https:\/\/www.ibardin.net\/fr\/wp-json\/wp\/v2\/pages\/347\/revisions"}],"predecessor-version":[{"id":460,"href":"https:\/\/www.ibardin.net\/fr\/wp-json\/wp\/v2\/pages\/347\/revisions\/460"}],"wp:attachment":[{"href":"https:\/\/www.ibardin.net\/fr\/wp-json\/wp\/v2\/media?parent=347"}],"curies":[{"name":"wp","href":"https:\/\/api.w.org\/{rel}","templated":true}]}}