{"id":970,"date":"2015-09-10T09:35:09","date_gmt":"2015-09-10T09:35:09","guid":{"rendered":"http:\/\/www.ibardin.net\/?page_id=970"},"modified":"2015-11-18T08:42:15","modified_gmt":"2015-11-18T08:42:15","slug":"mendiko-restaurante-asador","status":"publish","type":"page","link":"https:\/\/www.ibardin.net\/fr\/mendiko-restaurante-asador\/","title":{"rendered":"Mendiko Restaurante Asador"},"content":{"rendered":"<div class=\"organic-column two-third\">\n Nuestro restaurante Mendiko Jatetxea est\u00e1 situado en el alto de Ibardin, collado perteneciente a la localidad navarra de Bera y reconocido por sus fabulosas vistas y su gran actividad comercial y hostelera.<br \/>\nAdem\u00e1s del men\u00fa sidrer\u00eda Mendiko Jatetxea ofrece una gran variedad de pescados y carnes a la brasa. Dispone tambi\u00e9n de un men\u00fa especial (men\u00fa Pittarra) y de una carta con pinchos y platos variados.<\/p>\n<h5>Qu\u00e9 ofrecemos:<\/h5>\n<ul>\n<li>Restaurante<\/li>\n<\/ul>\n<h5>Contacto:<\/h5>\n<h5>D\u00f3nde estamos:<\/h5>\n<p>Alto de Ibardin &#8211; 31780 Bera\/Vera de Bidasoa (Navarra) &#8211; <a href=\"mailto:info@mendikoibardin.com \" target=\"_blank\">info@mendikoibardin.com <\/a> &#8211; <a href=\"http:\/\/www.mendikoibardin.com\" target=\"_blank\">www.mendikoibardin.com<\/a><br \/>\nTel: 0034 948 630 302<\/p>\n<\/div>\n<div class=\"organic-column one-third last\">\n<span class=\"image-container alignright wp-image-372 size-full\"><img data-attachment-id=\"372\" data-permalink=\"https:\/\/www.ibardin.net\/fr\/31-aldon_int01\/\" data-orig-file=\"https:\/\/i0.wp.com\/www.ibardin.net\/wp-content\/uploads\/2015\/07\/31-Aldon_INT01.jpg?fit=388%2C258&amp;ssl=1\" data-orig-size=\"388,258\" data-comments-opened=\"1\" data-image-meta=\"{&quot;aperture&quot;:&quot;0&quot;,&quot;credit&quot;:&quot;&quot;,&quot;camera&quot;:&quot;&quot;,&quot;caption&quot;:&quot;&quot;,&quot;created_timestamp&quot;:&quot;0&quot;,&quot;copyright&quot;:&quot;&quot;,&quot;focal_length&quot;:&quot;0&quot;,&quot;iso&quot;:&quot;0&quot;,&quot;shutter_speed&quot;:&quot;0&quot;,&quot;title&quot;:&quot;&quot;,&quot;orientation&quot;:&quot;0&quot;}\" data-image-title=\"31-Aldon_INT01\" data-image-description=\"\" data-image-caption=\"\" data-medium-file=\"https:\/\/i0.wp.com\/www.ibardin.net\/wp-content\/uploads\/2015\/07\/31-Aldon_INT01.jpg?fit=300%2C199&amp;ssl=1\" data-large-file=\"https:\/\/i0.wp.com\/www.ibardin.net\/wp-content\/uploads\/2015\/07\/31-Aldon_INT01.jpg?fit=388%2C258&amp;ssl=1\" decoding=\"async\" loading=\"lazy\" class=\"alignright wp-image-372 size-full\" src=\"https:\/\/i0.wp.com\/www.ibardin.net\/wp-content\/uploads\/2015\/07\/31-Aldon_INT01.jpg?resize=388%2C258\" alt=\"\" width=\"388\" height=\"258\" srcset=\"https:\/\/i0.wp.com\/www.ibardin.net\/wp-content\/uploads\/2015\/07\/31-Aldon_INT01.jpg?w=388&amp;ssl=1 388w, https:\/\/i0.wp.com\/www.ibardin.net\/wp-content\/uploads\/2015\/07\/31-Aldon_INT01.jpg?resize=300%2C199&amp;ssl=1 300w\" sizes=\"(max-width: 388px) 100vw, 388px\" data-recalc-dims=\"1\" \/><\/span><br \/>\n<span class=\"image-container alignright wp-image-116 size-full\"><img data-attachment-id=\"116\" data-permalink=\"https:\/\/www.ibardin.net\/fr\/31-aldon_ext\/\" data-orig-file=\"https:\/\/i0.wp.com\/www.ibardin.net\/wp-content\/uploads\/2015\/07\/31-Aldon_EXT.jpg?fit=388%2C258&amp;ssl=1\" data-orig-size=\"388,258\" data-comments-opened=\"1\" data-image-meta=\"{&quot;aperture&quot;:&quot;0&quot;,&quot;credit&quot;:&quot;&quot;,&quot;camera&quot;:&quot;&quot;,&quot;caption&quot;:&quot;&quot;,&quot;created_timestamp&quot;:&quot;0&quot;,&quot;copyright&quot;:&quot;&quot;,&quot;focal_length&quot;:&quot;0&quot;,&quot;iso&quot;:&quot;0&quot;,&quot;shutter_speed&quot;:&quot;0&quot;,&quot;title&quot;:&quot;&quot;,&quot;orientation&quot;:&quot;0&quot;}\" data-image-title=\"31-Aldon_EXT\" data-image-description=\"\" data-image-caption=\"\" data-medium-file=\"https:\/\/i0.wp.com\/www.ibardin.net\/wp-content\/uploads\/2015\/07\/31-Aldon_EXT.jpg?fit=300%2C199&amp;ssl=1\" data-large-file=\"https:\/\/i0.wp.com\/www.ibardin.net\/wp-content\/uploads\/2015\/07\/31-Aldon_EXT.jpg?fit=388%2C258&amp;ssl=1\" decoding=\"async\" loading=\"lazy\" class=\"alignright wp-image-116 size-full\" src=\"https:\/\/i0.wp.com\/www.ibardin.net\/wp-content\/uploads\/2015\/07\/31-Aldon_EXT.jpg?resize=388%2C258\" alt=\"\" width=\"388\" height=\"258\" srcset=\"https:\/\/i0.wp.com\/www.ibardin.net\/wp-content\/uploads\/2015\/07\/31-Aldon_EXT.jpg?w=388&amp;ssl=1 388w, https:\/\/i0.wp.com\/www.ibardin.net\/wp-content\/uploads\/2015\/07\/31-Aldon_EXT.jpg?resize=300%2C199&amp;ssl=1 300w\" sizes=\"(max-width: 388px) 100vw, 388px\" data-recalc-dims=\"1\" \/><\/span><\/p>\n<\/div><div class=\"clearboth\"><\/div>\n<iframe loading=\"lazy\" src=\"https:\/\/www.google.com\/maps\/d\/embed?mid=z7xB_XP4oQ8A.kCPfi-037Nic&#038;z=18\" width=\"100%\" height=\"480\"><\/iframe>","protected":false},"excerpt":{"rendered":"","protected":false},"author":1,"featured_media":0,"parent":0,"menu_order":0,"comment_status":"closed","ping_status":"closed","template":"","meta":{"ngg_post_thumbnail":0,"jetpack_post_was_ever_published":false},"aioseo_notices":[],"jetpack_sharing_enabled":false,"jetpack_shortlink":"https:\/\/wp.me\/P6tRZc-fE","jetpack-related-posts":[],"_links":{"self":[{"href":"https:\/\/www.ibardin.net\/fr\/wp-json\/wp\/v2\/pages\/970"}],"collection":[{"href":"https:\/\/www.ibardin.net\/fr\/wp-json\/wp\/v2\/pages"}],"about":[{"href":"https:\/\/www.ibardin.net\/fr\/wp-json\/wp\/v2\/types\/page"}],"author":[{"embeddable":true,"href":"https:\/\/www.ibardin.net\/fr\/wp-json\/wp\/v2\/users\/1"}],"replies":[{"embeddable":true,"href":"https:\/\/www.ibardin.net\/fr\/wp-json\/wp\/v2\/comments?post=970"}],"version-history":[{"count":3,"href":"https:\/\/www.ibardin.net\/fr\/wp-json\/wp\/v2\/pages\/970\/revisions"}],"predecessor-version":[{"id":1088,"href":"https:\/\/www.ibardin.net\/fr\/wp-json\/wp\/v2\/pages\/970\/revisions\/1088"}],"wp:attachment":[{"href":"https:\/\/www.ibardin.net\/fr\/wp-json\/wp\/v2\/media?parent=970"}],"curies":[{"name":"wp","href":"https:\/\/api.w.org\/{rel}","templated":true}]}}